{"id":19393,"date":"2022-11-29T14:26:55","date_gmt":"2022-11-29T14:26:55","guid":{"rendered":"https:\/\/cultivers.es\/abonos\/perfuracao-do-solo\/"},"modified":"2025-09-22T04:44:08","modified_gmt":"2025-09-22T04:44:08","slug":"perfuracao-do-solo","status":"publish","type":"product","link":"https:\/\/cultivers.es\/pt-pt\/fertilizantes\/perfuracao-do-solo\/","title":{"rendered":"Perfura\u00e7\u00f5es do solo"},"content":{"rendered":"","protected":false},"excerpt":{"rendered":"<p>Mela\u00e7o de cana com amino\u00e1cidos e glicina\/beta\u00edna.<br \/>\nMelhora as propriedades do solo: promove a atividade microbiana no solo, facilitando a disponibilidade de nutrientes.<br \/>\nAumenta a fertilidade do solo, melhora as condi\u00e7\u00f5es do solo, estimula as intera\u00e7\u00f5es solo-planta.<br \/>\nElevada concentra\u00e7\u00e3o de amino\u00e1cidos org\u00e2nicos: pode ser aplicado durante toda a esta\u00e7\u00e3o de crescimento para melhorar as propriedades f\u00edsico-qu\u00edmicas do solo.<br \/>\nTem uma concentra\u00e7\u00e3o de 42% de mat\u00e9ria org\u00e2nica de origem vegetal, com uma concentra\u00e7\u00e3o de 10% de glicina\/beta\u00edna, que melhora as propriedades osmorreguladoras da planta e reduz os epis\u00f3dios de stress provocados por agentes externos (bi\u00f3ticos e abi\u00f3ticos).<br \/>\nPromove colheitas abundantes, melhorando a capacidade de reten\u00e7\u00e3o de \u00e1gua e nutrientes.<\/p>\n","protected":false},"featured_media":16322,"comment_status":"open","ping_status":"closed","template":"","meta":{"_acf_changed":false},"product_brand":[],"product_cat":[724],"product_tag":[],"woo-feed-brand":[],"class_list":{"0":"post-19393","1":"product","2":"type-product","3":"status-publish","4":"has-post-thumbnail","6":"product_cat-growpunch-pt-pt","8":"first","9":"instock","10":"taxable","11":"shipping-taxable","12":"purchasable","13":"product-type-variable"},"acf":[],"_links":{"self":[{"href":"https:\/\/cultivers.es\/pt-pt\/wp-json\/wp\/v2\/product\/19393","targetHints":{"allow":["GET"]}}],"collection":[{"href":"https:\/\/cultivers.es\/pt-pt\/wp-json\/wp\/v2\/product"}],"about":[{"href":"https:\/\/cultivers.es\/pt-pt\/wp-json\/wp\/v2\/types\/product"}],"replies":[{"embeddable":true,"href":"https:\/\/cultivers.es\/pt-pt\/wp-json\/wp\/v2\/comments?post=19393"}],"wp:featuredmedia":[{"embeddable":true,"href":"https:\/\/cultivers.es\/pt-pt\/wp-json\/wp\/v2\/media\/16322"}],"wp:attachment":[{"href":"https:\/\/cultivers.es\/pt-pt\/wp-json\/wp\/v2\/media?parent=19393"}],"wp:term":[{"taxonomy":"product_brand","embeddable":true,"href":"https:\/\/cultivers.es\/pt-pt\/wp-json\/wp\/v2\/product_brand?post=19393"},{"taxonomy":"product_cat","embeddable":true,"href":"https:\/\/cultivers.es\/pt-pt\/wp-json\/wp\/v2\/product_cat?post=19393"},{"taxonomy":"product_tag","embeddable":true,"href":"https:\/\/cultivers.es\/pt-pt\/wp-json\/wp\/v2\/product_tag?post=19393"},{"taxonomy":"woo-feed-brand","embeddable":true,"href":"https:\/\/cultivers.es\/pt-pt\/wp-json\/wp\/v2\/woo-feed-brand?post=19393"}],"curies":[{"name":"wp","href":"https:\/\/api.w.org\/{rel}","templated":true}]}}