{"id":19449,"date":"2022-10-07T11:38:51","date_gmt":"2022-10-07T11:38:51","guid":{"rendered":"https:\/\/cultivers.es\/abonos\/sementes-de-amor-perfeito-biologicas\/"},"modified":"2025-09-22T05:16:36","modified_gmt":"2025-09-22T05:16:36","slug":"pensamento-ecologico-semente","status":"publish","type":"product","link":"https:\/\/cultivers.es\/pt-pt\/fertilizantes\/pensamento-ecologico-semente\/","title":{"rendered":"Sementes do pensamento"},"content":{"rendered":"","protected":false},"excerpt":{"rendered":"<p>O <strong>amor-perfeito<\/strong><em>(Viola tricolor<\/em>) \u00e9 uma planta ornamental apreciada pelas suas <strong>flores coloridas<\/strong> e delicadas, que combinam tons de <strong>amarelo, roxo, branco e azul<\/strong> num espet\u00e1culo visual \u00fanico. Ideal para dar cor e eleg\u00e2ncia \u00e0 <strong>horta e<\/strong> ao <strong>pomar<\/strong>, a violeta floresce durante as esta\u00e7\u00f5es mais frias, o que a torna perfeita para bordaduras, vasos, floreiras ou canteiros. Al\u00e9m disso, as suas flores comest\u00edveis d\u00e3o um toque decorativo a pratos e sobremesas, aliando beleza e funcionalidade.  <\/p>\n<p><strong>Flores multicoloridas e elegantes:<\/strong> As suas p\u00e9talas combinam uma paleta de cores vivas e harmoniosas, transformando qualquer canto do <strong>jardim e<\/strong> do <strong>pomar<\/strong> num espa\u00e7o alegre e vibrante.<\/p>\n<p><strong>Flora\u00e7\u00e3o de clima frio:<\/strong> Floresce no outono, inverno e primavera, dando vida e cor durante as esta\u00e7\u00f5es mais frias.<\/p>\n<p><strong>Flores comest\u00edveis:<\/strong> As flores de amor-perfeito s\u00e3o adequadas para consumo e s\u00e3o utilizadas como decora\u00e7\u00e3o em saladas, bolos, sobremesas e pratos gourmet, dando um toque delicado e sofisticado.<\/p>\n<p><strong>Atraente para os polinizadores:<\/strong> As suas flores atraem abelhas e outros insectos ben\u00e9ficos, promovendo a biodiversidade e a sa\u00fade do ambiente natural.<\/p>\n<p><strong>Resistente e f\u00e1cil de cultivar:<\/strong> Uma planta resistente que se desenvolve em climas temperados e solos bem drenados, \u00e9 adequada tanto para jardineiros principiantes como para especialistas.<\/p>\n<p><strong>Cultivo org\u00e2nico:<\/strong> As nossas sementes s\u00e3o <strong>100% org\u00e2nicas<\/strong>, livres de pesticidas e fertilizantes qu\u00edmicos, promovendo um <strong>jardim<\/strong> sustent\u00e1vel e amigo do ambiente.<\/p>\n<p>Enche o teu <strong>jardim e o<\/strong> teu <strong>pomar<\/strong> de cor e de vida com os amores-perfeitos <strong>org\u00e2nicos<\/strong> e desfruta das suas numerosas aplica\u00e7\u00f5es decorativas e culin\u00e1rias. Encomenda hoje e d\u00e1 um toque vibrante e natural ao teu espa\u00e7o verde! <\/p>\n","protected":false},"featured_media":15992,"comment_status":"open","ping_status":"closed","template":"","meta":{"_acf_changed":false},"product_brand":[],"product_cat":[498,427],"product_tag":[1578],"class_list":{"0":"post-19449","1":"product","2":"type-product","3":"status-publish","4":"has-post-thumbnail","6":"product_cat-sementes-de-flores-comestiveis-organicas","7":"product_cat-sementes-organicas-2","8":"product_tag-eco","10":"first","11":"instock","12":"taxable","13":"shipping-taxable","14":"purchasable","15":"product-type-simple"},"acf":[],"_links":{"self":[{"href":"https:\/\/cultivers.es\/pt-pt\/wp-json\/wp\/v2\/product\/19449","targetHints":{"allow":["GET"]}}],"collection":[{"href":"https:\/\/cultivers.es\/pt-pt\/wp-json\/wp\/v2\/product"}],"about":[{"href":"https:\/\/cultivers.es\/pt-pt\/wp-json\/wp\/v2\/types\/product"}],"replies":[{"embeddable":true,"href":"https:\/\/cultivers.es\/pt-pt\/wp-json\/wp\/v2\/comments?post=19449"}],"wp:featuredmedia":[{"embeddable":true,"href":"https:\/\/cultivers.es\/pt-pt\/wp-json\/wp\/v2\/media\/15992"}],"wp:attachment":[{"href":"https:\/\/cultivers.es\/pt-pt\/wp-json\/wp\/v2\/media?parent=19449"}],"wp:term":[{"taxonomy":"product_brand","embeddable":true,"href":"https:\/\/cultivers.es\/pt-pt\/wp-json\/wp\/v2\/product_brand?post=19449"},{"taxonomy":"product_cat","embeddable":true,"href":"https:\/\/cultivers.es\/pt-pt\/wp-json\/wp\/v2\/product_cat?post=19449"},{"taxonomy":"product_tag","embeddable":true,"href":"https:\/\/cultivers.es\/pt-pt\/wp-json\/wp\/v2\/product_tag?post=19449"}],"curies":[{"name":"wp","href":"https:\/\/api.w.org\/{rel}","templated":true}]}}