{"id":19450,"date":"2022-10-07T11:36:36","date_gmt":"2022-10-07T11:36:36","guid":{"rendered":"https:\/\/cultivers.es\/abonos\/sementes-de-equinacea-biologica\/"},"modified":"2025-09-22T05:15:29","modified_gmt":"2025-09-22T05:15:29","slug":"sementes-equinaceas-ecologicas","status":"publish","type":"product","link":"https:\/\/cultivers.es\/pt-pt\/fertilizantes\/sementes-equinaceas-ecologicas\/","title":{"rendered":"Sementes de equin\u00e1cea"},"content":{"rendered":"","protected":false},"excerpt":{"rendered":"<p><strong>A equin\u00e1cea<\/strong><em>(Echinacea purpurea<\/em>) \u00e9 uma planta perene conhecida tanto pela sua <strong>beleza ornamental<\/strong> como pelas suas propriedades medicinais de renome. As suas <strong>flores grandes e vistosas<\/strong>, de <strong>cor rosa p\u00farpura<\/strong> com um centro c\u00f3nico alaranjado, s\u00e3o um verdadeiro \u00edman para polinizadores como as abelhas e as borboletas, tornando-a uma escolha ideal para embelezar o <strong>pomar e o jardim<\/strong>. \u00c9 tamb\u00e9m muito apreciada em fitoterapia pela sua utiliza\u00e7\u00e3o tradicional no <strong>refor\u00e7o do sistema imunit\u00e1rio<\/strong> e no al\u00edvio de problemas respirat\u00f3rios.  <\/p>\n<p><strong>Flores vistosas e atraentes:<\/strong> as suas p\u00e9talas roxas, combinadas com o seu centro c\u00f3nico laranja, d\u00e3o um toque vibrante e natural \u00e0 <strong>horta e ao pomar<\/strong>.<\/p>\n<p><strong>Atraente para os polinizadores:<\/strong> As suas flores ricas em n\u00e9ctar atraem abelhas, borboletas e outros insectos ben\u00e9ficos, promovendo a biodiversidade no teu espa\u00e7o verde.<\/p>\n<p><strong>Propriedades medicinais:<\/strong> Tradicionalmente utilizada em ch\u00e1s de ervas e prepara\u00e7\u00f5es naturais, a equin\u00e1cea \u00e9 conhecida por <strong>refor\u00e7ar o sistema imunit\u00e1rio<\/strong> e ajudar a combater constipa\u00e7\u00f5es e gripes.<\/p>\n<p><strong>Flora\u00e7\u00e3o prolongada:<\/strong> floresce desde meados do ver\u00e3o at\u00e9 ao outono, oferecendo um espet\u00e1culo natural e duradouro de cor e vida.<\/p>\n<p><strong>Resistente e adapt\u00e1vel:<\/strong> \u00c9 uma planta r\u00fastica que se adapta bem a diferentes tipos de solo e climas, al\u00e9m de ser resistente \u00e0 seca e f\u00e1cil de manter.<\/p>\n<p><strong>Cultivo org\u00e2nico:<\/strong> As nossas sementes s\u00e3o <strong>100% org\u00e2nicas<\/strong>, livres de pesticidas e fertilizantes qu\u00edmicos, promovendo um <strong>jardim<\/strong> sustent\u00e1vel e amigo do ambiente <strong>.<\/strong> <\/p>\n<p>Embeleza o teu <strong>jardim e<\/strong> o teu <strong>pomar<\/strong> com a <strong>Equin\u00e1cea Org\u00e2nica<\/strong>, uma planta elegante e ben\u00e9fica que combina valor ornamental e propriedades naturais para a sa\u00fade. Semeia beleza e bem-estar com esta variedade essencial! <\/p>\n","protected":false},"featured_media":15972,"comment_status":"open","ping_status":"closed","template":"","meta":{"_acf_changed":false},"product_brand":[],"product_cat":[427,498],"product_tag":[1578],"class_list":{"0":"post-19450","1":"product","2":"type-product","3":"status-publish","4":"has-post-thumbnail","6":"product_cat-sementes-organicas-2","7":"product_cat-sementes-de-flores-comestiveis-organicas","8":"product_tag-eco","10":"first","11":"instock","12":"taxable","13":"shipping-taxable","14":"purchasable","15":"product-type-simple"},"acf":[],"_links":{"self":[{"href":"https:\/\/cultivers.es\/pt-pt\/wp-json\/wp\/v2\/product\/19450","targetHints":{"allow":["GET"]}}],"collection":[{"href":"https:\/\/cultivers.es\/pt-pt\/wp-json\/wp\/v2\/product"}],"about":[{"href":"https:\/\/cultivers.es\/pt-pt\/wp-json\/wp\/v2\/types\/product"}],"replies":[{"embeddable":true,"href":"https:\/\/cultivers.es\/pt-pt\/wp-json\/wp\/v2\/comments?post=19450"}],"wp:featuredmedia":[{"embeddable":true,"href":"https:\/\/cultivers.es\/pt-pt\/wp-json\/wp\/v2\/media\/15972"}],"wp:attachment":[{"href":"https:\/\/cultivers.es\/pt-pt\/wp-json\/wp\/v2\/media?parent=19450"}],"wp:term":[{"taxonomy":"product_brand","embeddable":true,"href":"https:\/\/cultivers.es\/pt-pt\/wp-json\/wp\/v2\/product_brand?post=19450"},{"taxonomy":"product_cat","embeddable":true,"href":"https:\/\/cultivers.es\/pt-pt\/wp-json\/wp\/v2\/product_cat?post=19450"},{"taxonomy":"product_tag","embeddable":true,"href":"https:\/\/cultivers.es\/pt-pt\/wp-json\/wp\/v2\/product_tag?post=19450"}],"curies":[{"name":"wp","href":"https:\/\/api.w.org\/{rel}","templated":true}]}}