{"id":19452,"date":"2022-10-07T11:39:51","date_gmt":"2022-10-07T11:39:51","guid":{"rendered":"https:\/\/cultivers.es\/abonos\/queen-daisy-mistura-de-petalas-duplas-sementes-biologicas\/"},"modified":"2025-09-22T05:16:28","modified_gmt":"2025-09-22T05:16:28","slug":"rainha-margarita-petalo-duplo-sementes-ecologicas","status":"publish","type":"product","link":"https:\/\/cultivers.es\/pt-pt\/fertilizantes\/rainha-margarita-petalo-duplo-sementes-ecologicas\/","title":{"rendered":"Sementes Queen Daisy Mistura de p\u00e9talas duplas"},"content":{"rendered":"","protected":false},"excerpt":{"rendered":"<p><strong>A Double Petal Queen Daisy<\/strong><em>(Callistephus chinensis<\/em>) \u00e9 uma planta anual que deslumbra com <strong>flores grandes e abundantes<\/strong> com p\u00e9talas densas e enroladas, dispon\u00edveis numa mistura de <strong>cores vibrantes<\/strong> como o branco, rosa, vermelho, violeta e azul. Perfeita para dar um toque elegante e sofisticado \u00e0 <strong>horta e<\/strong> ao <strong>pomar<\/strong>, esta variedade \u00e9 ideal para bordaduras, canteiros ou como flor de corte para ramos frescos e decorativos. Al\u00e9m disso, o seu atrativo natural favorece a chegada de polinizadores, criando um ambiente cheio de vida e biodiversidade.  <\/p>\n<p><strong>Flores grandes e espectaculares:<\/strong> As suas p\u00e9talas duplas e enroladas numa mistura de cores vivas d\u00e3o volume e beleza a qualquer espa\u00e7o <strong>de jardim e horta<\/strong>.<\/p>\n<p><strong>Flora\u00e7\u00e3o prolongada:<\/strong> floresce desde o ver\u00e3o at\u00e9 ao in\u00edcio do outono, garantindo um espet\u00e1culo duradouro de cor e frescura no teu ambiente.<\/p>\n<p><strong>Ideal para flores de corte:<\/strong> As suas flores resistentes e elegantes s\u00e3o perfeitas para bouquets frescos, decora\u00e7\u00f5es e arranjos florais, mantendo a sua beleza durante mais tempo.<\/p>\n<p><strong>Atraentes para os polinizadores:<\/strong> As flores vistosas atraem abelhas, borboletas e outros insectos ben\u00e9ficos, promovendo a biodiversidade no <strong>pomar e<\/strong> no <strong>jardim<\/strong>.<\/p>\n<p><strong>F\u00e1cil de cultivar:<\/strong> Planta de crescimento r\u00e1pido e de poucos cuidados, adapta-se bem a solos ricos e ensolarados e \u00e9 ideal tanto para principiantes como para jardineiros experientes.<\/p>\n<p><strong>Cultivo org\u00e2nico:<\/strong> As nossas sementes s\u00e3o <strong>100% org\u00e2nicas<\/strong>, livres de pesticidas e fertilizantes qu\u00edmicos, garantindo um <strong>jardim<\/strong> sustent\u00e1vel e amigo do ambiente.<\/p>\n<p>Desfruta da cor, eleg\u00e2ncia e beleza da <strong>Double Petal Queen Daisy Organic Blend<\/strong> e transforma o teu <strong>jardim e pomar<\/strong> num espa\u00e7o cheio de vida e sofistica\u00e7\u00e3o natural. Encomenda hoje mesmo e come\u00e7a a cultivar esta variedade deslumbrante! <\/p>\n","protected":false},"featured_media":16062,"comment_status":"open","ping_status":"closed","template":"","meta":{"_acf_changed":false},"product_brand":[],"product_cat":[498,427],"product_tag":[1578],"class_list":{"0":"post-19452","1":"product","2":"type-product","3":"status-publish","4":"has-post-thumbnail","6":"product_cat-sementes-de-flores-comestiveis-organicas","7":"product_cat-sementes-organicas-2","8":"product_tag-eco","10":"first","11":"instock","12":"taxable","13":"shipping-taxable","14":"purchasable","15":"product-type-simple"},"acf":[],"_links":{"self":[{"href":"https:\/\/cultivers.es\/pt-pt\/wp-json\/wp\/v2\/product\/19452","targetHints":{"allow":["GET"]}}],"collection":[{"href":"https:\/\/cultivers.es\/pt-pt\/wp-json\/wp\/v2\/product"}],"about":[{"href":"https:\/\/cultivers.es\/pt-pt\/wp-json\/wp\/v2\/types\/product"}],"replies":[{"embeddable":true,"href":"https:\/\/cultivers.es\/pt-pt\/wp-json\/wp\/v2\/comments?post=19452"}],"wp:featuredmedia":[{"embeddable":true,"href":"https:\/\/cultivers.es\/pt-pt\/wp-json\/wp\/v2\/media\/16062"}],"wp:attachment":[{"href":"https:\/\/cultivers.es\/pt-pt\/wp-json\/wp\/v2\/media?parent=19452"}],"wp:term":[{"taxonomy":"product_brand","embeddable":true,"href":"https:\/\/cultivers.es\/pt-pt\/wp-json\/wp\/v2\/product_brand?post=19452"},{"taxonomy":"product_cat","embeddable":true,"href":"https:\/\/cultivers.es\/pt-pt\/wp-json\/wp\/v2\/product_cat?post=19452"},{"taxonomy":"product_tag","embeddable":true,"href":"https:\/\/cultivers.es\/pt-pt\/wp-json\/wp\/v2\/product_tag?post=19452"}],"curies":[{"name":"wp","href":"https:\/\/api.w.org\/{rel}","templated":true}]}}