{"id":19453,"date":"2022-10-07T11:35:22","date_gmt":"2022-10-07T11:35:22","guid":{"rendered":"https:\/\/cultivers.es\/abonos\/sementes-de-girassol-gigantes-biologicas\/"},"modified":"2025-09-22T05:15:54","modified_gmt":"2025-09-22T05:15:54","slug":"sementes-de-girassol-biologicas-giantes-ecologicas","status":"publish","type":"product","link":"https:\/\/cultivers.es\/pt-pt\/fertilizantes\/sementes-de-girassol-biologicas-giantes-ecologicas\/","title":{"rendered":"Sementes de girassol gigantes"},"content":{"rendered":"","protected":false},"excerpt":{"rendered":"<p>O <strong>Girassol Gigante<\/strong><em>(Helianthus annuus<\/em>) \u00e9 uma planta anual impressionante, conhecida pelas suas <strong>grandes flores amarelas<\/strong> e pela sua altura majestosa, que pode atingir <strong>os 3 metros.<\/strong> Esta variedade n\u00e3o s\u00f3 d\u00e1 um toque espetacular ao <strong>jardim e<\/strong> ao <strong>pomar<\/strong>, como tamb\u00e9m \u00e9 uma excelente escolha para atrair polinizadores como abelhas e borboletas. Al\u00e9m disso, as suas sementes comest\u00edveis s\u00e3o ricas em nutrientes e perfeitas para o consumo humano, bem como para alimentar p\u00e1ssaros e pequenos animais.  <\/p>\n<p><strong>Flores grandes e marcantes:<\/strong> As suas flores imponentes, com as p\u00e9talas amarelas e o centro escuro, tornam-se o centro das aten\u00e7\u00f5es em qualquer espa\u00e7o verde.<\/p>\n<p><strong>Atraente para os polinizadores:<\/strong> Rica em n\u00e9ctar, esta planta atrai abelhas, borboletas e outros insectos ben\u00e9ficos, promovendo a biodiversidade no <strong>pomar e<\/strong> no <strong>jardim<\/strong>.<\/p>\n<p><strong>Produ\u00e7\u00e3o de sementes comest\u00edveis:<\/strong> As sementes do girassol gigante s\u00e3o nutritivas e podem ser consumidas torradas ou em receitas, al\u00e9m de servirem de alimento para as aves e a vida selvagem locais.<\/p>\n<p><strong>Resistente e f\u00e1cil de cultivar:<\/strong> \u00c9 uma planta r\u00fastica que cresce rapidamente e se adapta a solos ensolarados e bem drenados, o que a torna ideal para jardineiros de todos os n\u00edveis.<\/p>\n<p><strong>Decorativo e funcional:<\/strong> Perfeito para criar bordaduras naturais, como quebra-ventos ou simplesmente para embelezar e dar altura a canteiros de flores ou espa\u00e7os abertos.<\/p>\n<p><strong>Rico em nutrientes:<\/strong> As suas sementes s\u00e3o uma fonte de prote\u00ednas, gorduras saud\u00e1veis e vitamina E, ideais para complementar uma dieta equilibrada.<\/p>\n<p><strong>Cultivo org\u00e2nico:<\/strong> As nossas sementes s\u00e3o <strong>100% org\u00e2nicas<\/strong>, livres de pesticidas e fertilizantes qu\u00edmicos, promovendo um <strong>jardim<\/strong> sustent\u00e1vel e amigo do ambiente <strong>.<\/strong> <\/p>\n<p>Desfruta da beleza, altura e funcionalidade do <strong>Girassol Org\u00e2nico Gig<\/strong>ante, uma planta espetacular que dar\u00e1 vida, cor e vitalidade ao teu <strong>jardim e pomar<\/strong>. Encomenda hoje mesmo e come\u00e7a a cultivar esta variedade impressionante! <\/p>\n","protected":false},"featured_media":15982,"comment_status":"open","ping_status":"closed","template":"","meta":{"_acf_changed":false},"product_brand":[],"product_cat":[427,498],"product_tag":[1578],"class_list":{"0":"post-19453","1":"product","2":"type-product","3":"status-publish","4":"has-post-thumbnail","6":"product_cat-sementes-organicas-2","7":"product_cat-sementes-de-flores-comestiveis-organicas","8":"product_tag-eco","10":"first","11":"instock","12":"taxable","13":"shipping-taxable","14":"purchasable","15":"product-type-simple"},"acf":[],"_links":{"self":[{"href":"https:\/\/cultivers.es\/pt-pt\/wp-json\/wp\/v2\/product\/19453","targetHints":{"allow":["GET"]}}],"collection":[{"href":"https:\/\/cultivers.es\/pt-pt\/wp-json\/wp\/v2\/product"}],"about":[{"href":"https:\/\/cultivers.es\/pt-pt\/wp-json\/wp\/v2\/types\/product"}],"replies":[{"embeddable":true,"href":"https:\/\/cultivers.es\/pt-pt\/wp-json\/wp\/v2\/comments?post=19453"}],"wp:featuredmedia":[{"embeddable":true,"href":"https:\/\/cultivers.es\/pt-pt\/wp-json\/wp\/v2\/media\/15982"}],"wp:attachment":[{"href":"https:\/\/cultivers.es\/pt-pt\/wp-json\/wp\/v2\/media?parent=19453"}],"wp:term":[{"taxonomy":"product_brand","embeddable":true,"href":"https:\/\/cultivers.es\/pt-pt\/wp-json\/wp\/v2\/product_brand?post=19453"},{"taxonomy":"product_cat","embeddable":true,"href":"https:\/\/cultivers.es\/pt-pt\/wp-json\/wp\/v2\/product_cat?post=19453"},{"taxonomy":"product_tag","embeddable":true,"href":"https:\/\/cultivers.es\/pt-pt\/wp-json\/wp\/v2\/product_tag?post=19453"}],"curies":[{"name":"wp","href":"https:\/\/api.w.org\/{rel}","templated":true}]}}