{"id":19454,"date":"2022-10-07T11:36:14","date_gmt":"2022-10-07T11:36:14","guid":{"rendered":"https:\/\/cultivers.es\/abonos\/sementes-de-girassol-organicas-velvet-queen\/"},"modified":"2025-09-22T05:16:12","modified_gmt":"2025-09-22T05:16:12","slug":"sementes-girasol-velvet-queen-ecologicas","status":"publish","type":"product","link":"https:\/\/cultivers.es\/pt-pt\/fertilizantes\/sementes-girasol-velvet-queen-ecologicas\/","title":{"rendered":"Sementes de girassol Velvet Queen"},"content":{"rendered":"","protected":false},"excerpt":{"rendered":"<p>O <strong>Girassol Velvet Queen<\/strong><em>(Helianthus annuus<\/em>) \u00e9 uma variedade \u00fanica e ornamental, que se distingue pelas suas <strong>flores vermelho-escuras ou mogno<\/strong>, com tons alaranjados e um centro castanho profundo. O seu porte elegante e a sua altura moderada (entre 1,5 e 2 metros) fazem dela uma escolha ideal para embelezar o <strong>pomar e o jardim<\/strong>, criando um contraste espetacular com outras plantas. Al\u00e9m disso, esta variedade atrai polinizadores como as abelhas e as borboletas, favorecendo a biodiversidade do teu espa\u00e7o verde.  <\/p>\n<p><strong>Flores ex\u00f3ticas e elegantes:<\/strong> As suas p\u00e9talas em tons avermelhados escuros e mogno oferecem um toque distinto e sofisticado, ideal para dar cor e vida ao <strong>pomar e<\/strong> ao <strong>jardim<\/strong>.<\/p>\n<p>Atrai <strong>polinizadores:<\/strong> Rica em n\u00e9ctar, esta planta atrai abelhas, borboletas e outros insectos ben\u00e9ficos, promovendo o equil\u00edbrio natural e a sa\u00fade do ecossistema.<\/p>\n<p><strong>Flora\u00e7\u00e3o prolongada:<\/strong> Oferece flores abundantes desde meados do ver\u00e3o at\u00e9 ao outono, garantindo um espet\u00e1culo colorido durante toda a esta\u00e7\u00e3o.<\/p>\n<p><strong>Altura moderada:<\/strong> Com um crescimento de at\u00e9 2 metros, \u00e9 perfeita para bordaduras, canteiros ou como elemento decorativo em \u00e1reas ensolaradas.<\/p>\n<p><strong>Resistente e f\u00e1cil de cultivar:<\/strong> De crescimento r\u00e1pido e adapt\u00e1vel a solos bem drenados e climas soalheiros, requer poucos cuidados e \u00e9 ideal para jardineiros principiantes.<\/p>\n<p><strong>Cultivo org\u00e2nico:<\/strong> As nossas sementes s\u00e3o <strong>100% org\u00e2nicas<\/strong>, livres de pesticidas e fertilizantes qu\u00edmicos, garantindo um <strong>jardim<\/strong> sustent\u00e1vel e amigo do ambiente.<\/p>\n<p>D\u00e1 um toque sofisticado e colorido ao <strong>girassol Organic Velvet Queen<\/strong> e desfruta de uma flora\u00e7\u00e3o deslumbrante que dar\u00e1 vida e beleza ao teu <strong>jardim e pomar<\/strong>. Encomenda hoje e transforma o teu espa\u00e7o verde com esta variedade \u00fanica! <\/p>\n","protected":false},"featured_media":15987,"comment_status":"open","ping_status":"closed","template":"","meta":{"_acf_changed":false},"product_brand":[],"product_cat":[427,498],"product_tag":[1578],"class_list":{"0":"post-19454","1":"product","2":"type-product","3":"status-publish","4":"has-post-thumbnail","6":"product_cat-sementes-organicas-2","7":"product_cat-sementes-de-flores-comestiveis-organicas","8":"product_tag-eco","10":"first","11":"instock","12":"taxable","13":"shipping-taxable","14":"purchasable","15":"product-type-simple"},"acf":[],"_links":{"self":[{"href":"https:\/\/cultivers.es\/pt-pt\/wp-json\/wp\/v2\/product\/19454","targetHints":{"allow":["GET"]}}],"collection":[{"href":"https:\/\/cultivers.es\/pt-pt\/wp-json\/wp\/v2\/product"}],"about":[{"href":"https:\/\/cultivers.es\/pt-pt\/wp-json\/wp\/v2\/types\/product"}],"replies":[{"embeddable":true,"href":"https:\/\/cultivers.es\/pt-pt\/wp-json\/wp\/v2\/comments?post=19454"}],"wp:featuredmedia":[{"embeddable":true,"href":"https:\/\/cultivers.es\/pt-pt\/wp-json\/wp\/v2\/media\/15987"}],"wp:attachment":[{"href":"https:\/\/cultivers.es\/pt-pt\/wp-json\/wp\/v2\/media?parent=19454"}],"wp:term":[{"taxonomy":"product_brand","embeddable":true,"href":"https:\/\/cultivers.es\/pt-pt\/wp-json\/wp\/v2\/product_brand?post=19454"},{"taxonomy":"product_cat","embeddable":true,"href":"https:\/\/cultivers.es\/pt-pt\/wp-json\/wp\/v2\/product_cat?post=19454"},{"taxonomy":"product_tag","embeddable":true,"href":"https:\/\/cultivers.es\/pt-pt\/wp-json\/wp\/v2\/product_tag?post=19454"}],"curies":[{"name":"wp","href":"https:\/\/api.w.org\/{rel}","templated":true}]}}