{"id":19456,"date":"2022-11-29T09:21:01","date_gmt":"2022-11-29T09:21:01","guid":{"rendered":"https:\/\/cultivers.es\/abonos\/sementes-de-legumes-mizuna-asiatica-organica-microgreen\/"},"modified":"2025-09-22T04:43:23","modified_gmt":"2025-09-22T04:43:23","slug":"legumes-asiatico-eco-mizuna-microgreen","status":"publish","type":"product","link":"https:\/\/cultivers.es\/pt-pt\/fertilizantes\/legumes-asiatico-eco-mizuna-microgreen\/","title":{"rendered":"Sementes de legumes microverdes de Mizuna asi\u00e1tica"},"content":{"rendered":"<p><strong>Como cultivar microgreens passo a passo<\/strong><br \/>\nOs microgreens s\u00e3o muito f\u00e1ceis de plantar e de cuidar. Mas, antes de mais, deves saber que crescem diretamente no solo ou em tabuleiros de cultivo. N\u00e3o precisam de muito espa\u00e7o, por isso podem ser cultivados tanto no interior como no exterior. Precisam de luz solar indireta e de ser regadas uma vez por dia.   <\/p>\n<p>Os microgreens s\u00e3o geralmente colhidos entre 7 e 14 dias ap\u00f3s a germina\u00e7\u00e3o, quando aparecem as primeiras folhas. \u00c9 aconselh\u00e1vel colh\u00ea-los no momento em que v\u00e3o ser consumidos. <\/p>\n<p><strong>Materiais necess\u00e1rios:<\/strong><\/p>\n<p>- Em tabuleiros de cultivo ou diretamente no jardim.<br \/>\n- Sementes biol\u00f3gicas.<br \/>\n- Substrato ecol\u00f3gico de crescimento ou solo misturado com 60% de turfa ou fibra + 40% de h\u00famus de minhoca.<br \/>\n- Pulveriza.<\/p>\n<p><strong>Medidas a tomar:<\/strong><\/p>\n<p>1. Lava as sementes e p\u00f5e-nas de molho<br \/>\nAntes de mais, deves lavar as sementes com um coador ou um saco de germina\u00e7\u00e3o. Depois, dependendo do tamanho das sementes, p\u00f5e-nas de molho durante 4-8 horas em<br \/>\n. Tem em aten\u00e7\u00e3o que as sementes mucilaginosas, como a r\u00facula, o agri\u00e3o, a mostarda ou o manjeric\u00e3o, n\u00e3o devem ser postas de molho.  <\/p>\n<p>2. Coloca as sementes diretamente sobre o substrato h\u00famido.<\/p>\n<p>3. Prepara a superf\u00edcie de cultivo<br \/>\nPara cultivar os teus microgreens, podes usar um tabuleiro de cultivo t\u00edpico e espalhar o substrato sobre ele, formando uma camada de 2 a 3 cm de profundidade. Em alternativa, podes tamb\u00e9m usar germinadores, grandes tabuleiros de germina\u00e7\u00e3o ou, no caso de um jardim ou micro-jardim, usar vasos. <\/p>\n<p>4. Depois da tua escolha, molha a terra com \u00e1gua at\u00e9 ficar h\u00famida e<br \/>\nfofa.<\/p>\n<p><strong>Semeadura<\/strong><\/p>\n<p>5. Espalha as sementes germinadas (ou n\u00e3o germinadas) uniformemente sobre a terra, compactando-a um pouco. Deves encher bem o solo com as sementes e deixar pouco espa\u00e7o entre elas. Em seguida, humedece-as com o pulverizador.  <\/p>\n<p>Importante: se escolheste semear num tabuleiro, cobre-o com outro tabuleiro do mesmo tamanho. Se optares por um germinador, utiliza um pano. Em ambos os casos, deixa repousar durante 3-4 dias. E se escolheste uma micro-horta, lembra-te que ela \u00e9 auto-regativa e mant\u00e9m uma humidade \u00f3ptima.   <\/p>\n<p>Ap\u00f3s alguns dias, destapa o tabuleiro e coloca-o num lugar com luz indireta. N\u00e3o \u00e9 necess\u00e1rio fazer isto nos microjardins, pois estes t\u00eam luz incorporada. <\/p>\n<p><strong>Manuten\u00e7\u00e3o<\/strong><\/p>\n<p>Para favorecer a prolifera\u00e7\u00e3o dos microgreens, o solo deve estar sempre h\u00famido, mas n\u00e3o encharcado, e recomenda-se a rega com um pulverizador. Al\u00e9m disso, se quiseres aumentar o seu valor nutritivo, podes enriquecer as plantas com compostos ricos em oligoelementos. Podes usar algas em p\u00f3 ou composto macerado.  <\/p>\n<p><strong>Recolhe<\/strong><\/p>\n<p>2 a 4 semanas ap\u00f3s a sementeira, colhe os microgreens com uma tesoura.<br \/>\nPara isso, pega em pequenos cachos \u00e0 m\u00e3o, de fora para dentro e ao n\u00edvel do solo.<br \/>\nDepois coloca-os de molho numa tigela com \u00e1gua, escorre bem e j\u00e1 est\u00e1: <strong>pronto a comer!<\/strong><\/p>\n<p>Por vezes, se continuares a regar os caules, \u00e9 poss\u00edvel iniciar uma segunda colheita. Caso contr\u00e1rio, podes sempre reutilizar a terra para fazer composto. <\/p>\n<p>Como utilizar e conservar os microgreens<br \/>\nIdealmente, os microgreens devem ser consumidos logo ap\u00f3s a colheita, mas tamb\u00e9m podem ser conservados no frigor\u00edfico durante alguns dias. O \u00fanico inconveniente \u00e9 que podem perder o sabor e as propriedades nutricionais. Para os manteres frescos, coloca-os num recipiente de vidro e cobre-os com pel\u00edcula aderente. Desta forma, podes utiliz\u00e1-los em saladas, pizzas, sandu\u00edches ou at\u00e9 salte\u00e1-los.<br \/>\nComo v\u00eas, cultivar microgreens em casa \u00e9 f\u00e1cil e simples, sem ter de esperar meses para ver os resultados e podes transform\u00e1-lo numa atividade familiar.   <\/p>\n","protected":false},"excerpt":{"rendered":"<p>A <strong>Mizuna<\/strong> (<em>Brassica rapa var. nipposinica <\/em>) \u00e9 um legume asi\u00e1tico caracterizado pelas suas <strong>folhas tenras e serrilhadas<\/strong> com um sabor suave e ligeiramente picante. Cultivada como uma <strong>microverdura<\/strong>, a mizuna d\u00e1 um toque fresco, nutritivo e decorativo a saladas, sandu\u00edches, sopas e pratos gourmet. O seu crescimento r\u00e1pido e a facilidade de cultivo fazem dela a escolha ideal para uma colheita sustent\u00e1vel e saud\u00e1vel no interior ou <strong>no jardim<\/strong>.  <\/p>\n<p><strong>Folhas tenras e saborosas:<\/strong> A Mizuna, como microverde, produz folhas pequenas e delicadas com um sabor suave, fresco e ligeiramente picante que real\u00e7a qualquer prato.<\/p>\n<p><strong>Alto valor nutritivo:<\/strong> Rico em vitaminas A, C, K, antioxidantes e minerais, \u00e9 uma excelente fonte de nutrientes essenciais para uma dieta equilibrada.<\/p>\n<p><strong>Cultivo r\u00e1pido e f\u00e1cil:<\/strong> Perfeito para colher em apenas alguns dias (7-14 dias a partir da sementeira), quer dentro de casa, em tabuleiros ou no jardim. Ideal para principiantes e cultivadores amadores. <\/p>\n<p><strong>Utiliza\u00e7\u00e3o vers\u00e1til na cozinha:<\/strong> D\u00e1 um toque decorativo e nutritivo a saladas, sandu\u00edches, tigelas e outros pratos, tornando-o um ingrediente fresco e atraente.<\/p>\n<p><strong>Cultivo org\u00e2nico:<\/strong> As nossas sementes s\u00e3o <strong>100% org\u00e2nicas<\/strong>, livres de pesticidas e fertilizantes qu\u00edmicos, garantindo uma produ\u00e7\u00e3o sustent\u00e1vel e amiga do ambiente.<\/p>\n<p>Desfruta da frescura e do sabor carater\u00edstico da <strong>Mizuna Org\u00e2nica Microgreen<\/strong>, um ingrediente saud\u00e1vel e f\u00e1cil de cultivar que trar\u00e1 qualidade e criatividade \u00e0 tua cozinha. Encomenda hoje e come\u00e7a a desfrutar deste superalimento em tua casa ou no teu jardim! <\/p>\n","protected":false},"featured_media":15632,"comment_status":"open","ping_status":"closed","template":"","meta":{"_acf_changed":false},"product_brand":[],"product_cat":[739],"product_tag":[1578],"class_list":{"0":"post-19456","1":"product","2":"type-product","3":"status-publish","4":"has-post-thumbnail","6":"product_cat-microgreen-ecologico-pt-pt","7":"product_tag-eco","9":"first","10":"instock","11":"sale","12":"featured","13":"taxable","14":"shipping-taxable","15":"purchasable","16":"product-type-simple"},"acf":[],"_links":{"self":[{"href":"https:\/\/cultivers.es\/pt-pt\/wp-json\/wp\/v2\/product\/19456","targetHints":{"allow":["GET"]}}],"collection":[{"href":"https:\/\/cultivers.es\/pt-pt\/wp-json\/wp\/v2\/product"}],"about":[{"href":"https:\/\/cultivers.es\/pt-pt\/wp-json\/wp\/v2\/types\/product"}],"replies":[{"embeddable":true,"href":"https:\/\/cultivers.es\/pt-pt\/wp-json\/wp\/v2\/comments?post=19456"}],"wp:featuredmedia":[{"embeddable":true,"href":"https:\/\/cultivers.es\/pt-pt\/wp-json\/wp\/v2\/media\/15632"}],"wp:attachment":[{"href":"https:\/\/cultivers.es\/pt-pt\/wp-json\/wp\/v2\/media?parent=19456"}],"wp:term":[{"taxonomy":"product_brand","embeddable":true,"href":"https:\/\/cultivers.es\/pt-pt\/wp-json\/wp\/v2\/product_brand?post=19456"},{"taxonomy":"product_cat","embeddable":true,"href":"https:\/\/cultivers.es\/pt-pt\/wp-json\/wp\/v2\/product_cat?post=19456"},{"taxonomy":"product_tag","embeddable":true,"href":"https:\/\/cultivers.es\/pt-pt\/wp-json\/wp\/v2\/product_tag?post=19456"}],"curies":[{"name":"wp","href":"https:\/\/api.w.org\/{rel}","templated":true}]}}