{"id":19481,"date":"2022-10-07T11:31:14","date_gmt":"2022-10-07T11:31:14","guid":{"rendered":"https:\/\/cultivers.es\/abonos\/sementes-de-centaurea-biologicas\/"},"modified":"2025-09-22T04:42:46","modified_gmt":"2025-09-22T04:42:46","slug":"sementes-organicas-aciano-ecologicas","status":"publish","type":"product","link":"https:\/\/cultivers.es\/pt-pt\/fertilizantes\/sementes-organicas-aciano-ecologicas\/","title":{"rendered":"Sementes de cent\u00e1urea"},"content":{"rendered":"","protected":false},"excerpt":{"rendered":"<p><strong>A<\/strong><em>cent\u00e1urea (Centaurea cyanus<\/em>), tamb\u00e9m conhecida como &#8220;azulejo&#8221; ou &#8220;flor de giesta&#8221;, \u00e9 uma planta anual apreciada pelas suas <strong>flores de um azul intenso<\/strong>, que d\u00e3o um toque selvagem e elegante ao <strong>pomar e ao jardim<\/strong>. Para al\u00e9m do seu valor ornamental, a cent\u00e1urea \u00e9 uma planta ben\u00e9fica que atrai polinizadores como as abelhas e as borboletas, contribuindo para a biodiversidade e o equil\u00edbrio natural do ambiente. \u00c9 ideal para prados naturais, canteiros floridos ou como flor de corte para arranjos decorativos.  <\/p>\n<p><strong>Flores azuis elegantes:<\/strong> As suas flores azuis delicadas e vibrantes embelezam qualquer espa\u00e7o, dando um toque natural e colorido \u00e0 <strong>horta e ao pomar<\/strong>.<\/p>\n<p><strong>Atraente para os polinizadores:<\/strong> As suas flores s\u00e3o ricas em n\u00e9ctar, o que as torna uma fonte de alimento essencial para abelhas, borboletas e outros insectos ben\u00e9ficos.<\/p>\n<p><strong>Flora\u00e7\u00e3o prolongada:<\/strong> floresce durante a primavera e o ver\u00e3o, oferecendo um espet\u00e1culo cont\u00ednuo de cor durante meses.<\/p>\n<p><strong>Utiliza\u00e7\u00e3o em arranjos florais:<\/strong> As suas flores s\u00e3o perfeitas como flores de corte, tanto para ramos frescos como para arranjos secos, gra\u00e7as \u00e0 sua durabilidade e cor atraente.<\/p>\n<p><strong>F\u00e1cil de cultivar:<\/strong> \u00c9 uma planta r\u00fastica, resistente e de baixa manuten\u00e7\u00e3o, adaptando-se bem a solos pobres e climas variados, ideal para principiantes e jardineiros experientes.<\/p>\n<p><strong>Cultivo org\u00e2nico:<\/strong> As nossas sementes s\u00e3o <strong>100% org\u00e2nicas<\/strong>, livres de pesticidas e fertilizantes qu\u00edmicos, promovendo um <strong>jardim<\/strong> sustent\u00e1vel e amigo do ambiente <strong>.<\/strong> <\/p>\n<p>Cultiva <strong>a Cent\u00e1urea Biol\u00f3gica<\/strong> e desfruta da sua beleza selvagem, da sua capacidade de atrair polinizadores e do seu valor decorativo, transformando o teu <strong>jardim e pomar<\/strong> num espa\u00e7o cheio de vida e cor.<\/p>\n","protected":false},"featured_media":15967,"comment_status":"open","ping_status":"closed","template":"","meta":{"_acf_changed":false},"product_brand":[],"product_cat":[427,498],"product_tag":[1578],"woo-feed-brand":[],"class_list":{"0":"post-19481","1":"product","2":"type-product","3":"status-publish","4":"has-post-thumbnail","6":"product_cat-sementes-organicas-2","7":"product_cat-sementes-de-flores-comestiveis-organicas","8":"product_tag-eco","10":"first","11":"instock","12":"taxable","13":"shipping-taxable","14":"purchasable","15":"product-type-simple"},"acf":[],"_links":{"self":[{"href":"https:\/\/cultivers.es\/pt-pt\/wp-json\/wp\/v2\/product\/19481","targetHints":{"allow":["GET"]}}],"collection":[{"href":"https:\/\/cultivers.es\/pt-pt\/wp-json\/wp\/v2\/product"}],"about":[{"href":"https:\/\/cultivers.es\/pt-pt\/wp-json\/wp\/v2\/types\/product"}],"replies":[{"embeddable":true,"href":"https:\/\/cultivers.es\/pt-pt\/wp-json\/wp\/v2\/comments?post=19481"}],"wp:featuredmedia":[{"embeddable":true,"href":"https:\/\/cultivers.es\/pt-pt\/wp-json\/wp\/v2\/media\/15967"}],"wp:attachment":[{"href":"https:\/\/cultivers.es\/pt-pt\/wp-json\/wp\/v2\/media?parent=19481"}],"wp:term":[{"taxonomy":"product_brand","embeddable":true,"href":"https:\/\/cultivers.es\/pt-pt\/wp-json\/wp\/v2\/product_brand?post=19481"},{"taxonomy":"product_cat","embeddable":true,"href":"https:\/\/cultivers.es\/pt-pt\/wp-json\/wp\/v2\/product_cat?post=19481"},{"taxonomy":"product_tag","embeddable":true,"href":"https:\/\/cultivers.es\/pt-pt\/wp-json\/wp\/v2\/product_tag?post=19481"},{"taxonomy":"woo-feed-brand","embeddable":true,"href":"https:\/\/cultivers.es\/pt-pt\/wp-json\/wp\/v2\/woo-feed-brand?post=19481"}],"curies":[{"name":"wp","href":"https:\/\/api.w.org\/{rel}","templated":true}]}}