{"id":19483,"date":"2022-10-07T11:34:34","date_gmt":"2022-10-07T11:34:34","guid":{"rendered":"https:\/\/cultivers.es\/abonos\/sementes-biologicas-facelia\/"},"modified":"2026-04-07T09:08:57","modified_gmt":"2026-04-07T09:08:57","slug":"sementes-de-facelia-biologica","status":"publish","type":"product","link":"https:\/\/cultivers.es\/pt-pt\/fertilizantes\/sementes-de-facelia-biologica\/","title":{"rendered":"Sementes de Fac\u00e9lia"},"content":{"rendered":"","protected":false},"excerpt":{"rendered":"<p>A <strong>Phacelia<\/strong><em>tanacetifolia (Phacelia tanacetifolia<\/em>) \u00e9 uma planta anual apreciada tanto pelo seu valor ornamental como pelos seus benef\u00edcios para o <strong>jardim e o pomar<\/strong>. Com as suas vistosas flores <strong>lilases ou violeta-azuladas<\/strong>, a phacelia \u00e9 uma excelente planta <strong>mel\u00edfera<\/strong>, atraindo abelhas, borboletas e outros polinizadores. Tamb\u00e9m \u00e9 utilizada como <strong>adubo verde<\/strong>, melhorando a fertilidade do solo ao fornecer mat\u00e9ria org\u00e2nica e protegendo-o da eros\u00e3o.  <\/p>\n<p><strong>Flores vistosas e produtoras de mel:<\/strong> Produz delicadas flores lilases ou violetas que embelezam qualquer espa\u00e7o, ao mesmo tempo que fornecem n\u00e9ctar abundante aos polinizadores.<\/p>\n<p><strong>Melhora a fertilidade do solo:<\/strong> Utilizada como adubo verde, a phacelia fixa nutrientes, melhora a estrutura do solo e ajuda a controlar as ervas daninhas.<\/p>\n<p><strong>Atraente para os polinizadores:<\/strong> \u00c9 uma planta favorita das abelhas e de outros insectos ben\u00e9ficos, contribuindo para a biodiversidade e a poliniza\u00e7\u00e3o das culturas no <strong>pomar e no jardim<\/strong>.<\/p>\n<p><strong>Flora\u00e7\u00e3o prolongada:<\/strong> floresce da primavera ao fim do ver\u00e3o, oferecendo um espet\u00e1culo cont\u00ednuo de cor e vida natural.<\/p>\n<p><strong>F\u00e1cil de cultivar:<\/strong> Cresce rapidamente e adapta-se a diferentes tipos de solo e climas, o que a torna ideal para principiantes e jardineiros experientes.<\/p>\n<p><strong>Cultivo org\u00e2nico:<\/strong> As nossas sementes s\u00e3o <strong>100% org\u00e2nicas<\/strong>, livres de pesticidas e fertilizantes qu\u00edmicos, garantindo um <strong>jardim<\/strong> sustent\u00e1vel e amigo do ambiente.<\/p>\n<p>Aproveita os benef\u00edcios da <strong>Fac\u00e9lia Ecol\u00f3gica<\/strong> para atrair polinizadores, proteger o teu solo e embelezar o teu <strong>pomar e jardim<\/strong> com a sua flora\u00e7\u00e3o espetacular. Encomenda hoje e melhora a sa\u00fade do teu espa\u00e7o verde de uma forma natural! <\/p>\n","protected":false},"featured_media":15977,"comment_status":"open","ping_status":"closed","template":"","meta":{"_acf_changed":false},"product_brand":[],"product_cat":[427,498],"product_tag":[1578],"woo-feed-brand":[],"class_list":{"0":"post-19483","1":"product","2":"type-product","3":"status-publish","4":"has-post-thumbnail","6":"product_cat-sementes-organicas-2","7":"product_cat-sementes-de-flores-comestiveis-organicas","8":"product_tag-eco","10":"first","11":"instock","12":"taxable","13":"shipping-taxable","14":"purchasable","15":"product-type-simple"},"acf":[],"_links":{"self":[{"href":"https:\/\/cultivers.es\/pt-pt\/wp-json\/wp\/v2\/product\/19483","targetHints":{"allow":["GET"]}}],"collection":[{"href":"https:\/\/cultivers.es\/pt-pt\/wp-json\/wp\/v2\/product"}],"about":[{"href":"https:\/\/cultivers.es\/pt-pt\/wp-json\/wp\/v2\/types\/product"}],"replies":[{"embeddable":true,"href":"https:\/\/cultivers.es\/pt-pt\/wp-json\/wp\/v2\/comments?post=19483"}],"wp:featuredmedia":[{"embeddable":true,"href":"https:\/\/cultivers.es\/pt-pt\/wp-json\/wp\/v2\/media\/15977"}],"wp:attachment":[{"href":"https:\/\/cultivers.es\/pt-pt\/wp-json\/wp\/v2\/media?parent=19483"}],"wp:term":[{"taxonomy":"product_brand","embeddable":true,"href":"https:\/\/cultivers.es\/pt-pt\/wp-json\/wp\/v2\/product_brand?post=19483"},{"taxonomy":"product_cat","embeddable":true,"href":"https:\/\/cultivers.es\/pt-pt\/wp-json\/wp\/v2\/product_cat?post=19483"},{"taxonomy":"product_tag","embeddable":true,"href":"https:\/\/cultivers.es\/pt-pt\/wp-json\/wp\/v2\/product_tag?post=19483"},{"taxonomy":"woo-feed-brand","embeddable":true,"href":"https:\/\/cultivers.es\/pt-pt\/wp-json\/wp\/v2\/woo-feed-brand?post=19483"}],"curies":[{"name":"wp","href":"https:\/\/api.w.org\/{rel}","templated":true}]}}