{"id":19505,"date":"2022-10-07T08:32:22","date_gmt":"2022-10-07T08:32:22","guid":{"rendered":"https:\/\/cultivers.es\/abonos\/sementes-de-cartamo-biologicas\/"},"modified":"2026-02-06T16:09:22","modified_gmt":"2026-02-06T16:09:22","slug":"carthamo-ecological-seeds","status":"publish","type":"product","link":"https:\/\/cultivers.es\/pt-pt\/fertilizantes\/carthamo-ecological-seeds\/","title":{"rendered":"Sementes de c\u00e1rtamo"},"content":{"rendered":"","protected":false},"excerpt":{"rendered":"<p><strong>O c\u00e1rtamo<\/strong><em>(Carthamus tinctorius<\/em>) \u00e9 uma planta anual muito apreciada tanto pelo seu valor ornamental como pela sua utilidade no <strong>jardim e no pomar<\/strong>. As suas flores <strong>alaranjadas<\/strong> ou <strong>amarelas<\/strong> vibrantes d\u00e3o um toque selvagem e luminoso, enquanto as suas sementes t\u00eam aplica\u00e7\u00f5es culin\u00e1rias e herb\u00e1ceas. Al\u00e9m disso, o c\u00e1rtamo \u00e9 resistente \u00e0 seca e atrai polinizadores, contribuindo para a biodiversidade e o equil\u00edbrio natural de qualquer espa\u00e7o.  <\/p>\n<p><strong>Flores brilhantes e decorativas:<\/strong> Produz flores em tons de laranja e amarelo que enchem de vida o <strong>pomar e o jardim<\/strong>, sendo perfeitas para criar canteiros ou bordaduras naturais.<\/p>\n<p><strong>Atraente para os polinizadores:<\/strong> As suas flores ricas em n\u00e9ctar atraem abelhas e borboletas, promovendo a biodiversidade e beneficiando o ambiente.<\/p>\n<p><strong>Resistente \u00e0 seca:<\/strong> O c\u00e1rtamo est\u00e1 adaptado a solos pobres e condi\u00e7\u00f5es secas, o que o torna uma escolha ideal para climas quentes e de baixa manuten\u00e7\u00e3o.<\/p>\n<p><strong>Sementes com Usos Tradicionais:<\/strong> As suas sementes t\u00eam sido tradicionalmente utilizadas na extra\u00e7\u00e3o de \u00f3leos saud\u00e1veis, bem como em rem\u00e9dios naturais pelas suas propriedades antioxidantes e anti-inflamat\u00f3rias.<\/p>\n<p><strong>Flora\u00e7\u00e3o prolongada:<\/strong> floresce desde meados do ver\u00e3o at\u00e9 ao outono, proporcionando cor durante uma longa esta\u00e7\u00e3o.<\/p>\n<p><strong>F\u00e1cil de cultivar:<\/strong> planta robusta e de crescimento r\u00e1pido, ideal tanto para principiantes como para jardineiros experientes.<\/p>\n<p><strong>Cultivo org\u00e2nico:<\/strong> As nossas sementes s\u00e3o <strong>100% org\u00e2nicas<\/strong>, livres de pesticidas e fertilizantes qu\u00edmicos, promovendo um <strong>jardim<\/strong> sustent\u00e1vel e amigo do ambiente.<\/p>\n<p>Cultiva <strong>o c\u00e1rtamo biol\u00f3gico<\/strong> e desfruta das suas flores vistosas, dos seus benef\u00edcios tradicionais e da sua resist\u00eancia natural, dando cor e vida ao teu <strong>jardim<\/strong> de forma sustent\u00e1vel.<\/p>\n","protected":false},"featured_media":15952,"comment_status":"open","ping_status":"closed","template":"","meta":{"_acf_changed":false},"product_brand":[],"product_cat":[427,498],"product_tag":[1578],"class_list":{"0":"post-19505","1":"product","2":"type-product","3":"status-publish","4":"has-post-thumbnail","6":"product_cat-sementes-organicas-2","7":"product_cat-sementes-de-flores-comestiveis-organicas","8":"product_tag-eco","10":"first","11":"instock","12":"taxable","13":"shipping-taxable","14":"purchasable","15":"product-type-simple"},"acf":[],"_links":{"self":[{"href":"https:\/\/cultivers.es\/pt-pt\/wp-json\/wp\/v2\/product\/19505","targetHints":{"allow":["GET"]}}],"collection":[{"href":"https:\/\/cultivers.es\/pt-pt\/wp-json\/wp\/v2\/product"}],"about":[{"href":"https:\/\/cultivers.es\/pt-pt\/wp-json\/wp\/v2\/types\/product"}],"replies":[{"embeddable":true,"href":"https:\/\/cultivers.es\/pt-pt\/wp-json\/wp\/v2\/comments?post=19505"}],"wp:featuredmedia":[{"embeddable":true,"href":"https:\/\/cultivers.es\/pt-pt\/wp-json\/wp\/v2\/media\/15952"}],"wp:attachment":[{"href":"https:\/\/cultivers.es\/pt-pt\/wp-json\/wp\/v2\/media?parent=19505"}],"wp:term":[{"taxonomy":"product_brand","embeddable":true,"href":"https:\/\/cultivers.es\/pt-pt\/wp-json\/wp\/v2\/product_brand?post=19505"},{"taxonomy":"product_cat","embeddable":true,"href":"https:\/\/cultivers.es\/pt-pt\/wp-json\/wp\/v2\/product_cat?post=19505"},{"taxonomy":"product_tag","embeddable":true,"href":"https:\/\/cultivers.es\/pt-pt\/wp-json\/wp\/v2\/product_tag?post=19505"}],"curies":[{"name":"wp","href":"https:\/\/api.w.org\/{rel}","templated":true}]}}