{"id":19507,"date":"2022-10-07T08:33:14","date_gmt":"2022-10-07T08:33:14","guid":{"rendered":"https:\/\/cultivers.es\/abonos\/sementes-de-calendula-biologicas\/"},"modified":"2025-09-22T04:42:52","modified_gmt":"2025-09-22T04:42:52","slug":"sementes-de-calendula-biologica","status":"publish","type":"product","link":"https:\/\/cultivers.es\/pt-pt\/fertilizantes\/sementes-de-calendula-biologica\/","title":{"rendered":"Sementes Biodin\u00e2micas de Cal\u00eandula Demeter"},"content":{"rendered":"","protected":false},"excerpt":{"rendered":"<p>Enche o teu jardim de cor e benef\u00edcios com as nossas sementes de cal\u00eandula org\u00e2nicas Demeter. Esta planta, conhecida tanto pela sua beleza ornamental como pelas suas propriedades medicinais, \u00e9 perfeita para embelezar qualquer jardim ou horta. As flores de cal\u00eandula n\u00e3o s\u00f3 atraem polinizadores, como tamb\u00e9m podem ser usadas em ch\u00e1s de ervas, \u00f3leos e produtos naturais para o cuidado da pele. Com a certifica\u00e7\u00e3o Demeter, podes ter a certeza de que est\u00e1s a cultivar de uma forma sustent\u00e1vel e amiga do ambiente.   <\/p>\n<ul>\n<li>As <strong>flores s\u00e3o vivas e duradouras:<\/strong> os malmequeres produzem flores cor de laranja ou amarelas vibrantes que alegram qualquer jardim. Para al\u00e9m do seu valor est\u00e9tico, estas flores s\u00e3o comest\u00edveis e podem ser utilizadas para decorar saladas ou preparar ch\u00e1s de ervas. <\/li>\n<li><strong>Propriedades medicinais:<\/strong> Conhecida pelas suas propriedades anti-inflamat\u00f3rias e cicatrizantes, a cal\u00eandula \u00e9 normalmente utilizada em rem\u00e9dios naturais para o cuidado da pele e em \u00f3leos essenciais. \u00c9 ideal para quem procura plantas com usos medicinais. <\/li>\n<li><strong>Atra\u00e7\u00e3o de polinizadores:<\/strong> A cal\u00eandula \u00e9 excelente para atrair abelhas e borboletas para o teu jardim, contribuindo para a biodiversidade e melhorando a poliniza\u00e7\u00e3o de outras plantas.<\/li>\n<li><strong>F\u00e1cil de cultivar:<\/strong> Esta planta \u00e9 resistente e adapta-se bem a diferentes tipos de solos e climas. Ideal para principiantes e jardineiros experientes que queiram desfrutar de flores bonitas e f\u00e1ceis de manter. <\/li>\n<li><strong>Certifica\u00e7\u00e3o Demeter:<\/strong> Estas sementes s\u00e3o certificadas pela Demeter, o que garante que s\u00e3o cultivadas de acordo com os princ\u00edpios da agricultura biodin\u00e2mica, respeitando a sa\u00fade do solo e o equil\u00edbrio natural do ecossistema.<\/li>\n<li><strong>Cultivo Org\u00e2nico:<\/strong> Nossas sementes s\u00e3o 100% org\u00e2nicas, o que garante um cultivo livre de agrot\u00f3xicos e produtos qu\u00edmicos, garantindo uma colheita saud\u00e1vel e sustent\u00e1vel.<\/li>\n<\/ul>\n<p>Adiciona cor, biodiversidade e propriedades curativas ao teu jardim com as nossas sementes de cal\u00eandula org\u00e2nica Demeter. Perfeitas para quem procura uma planta ornamental e medicinal, cultivada de forma amiga do ambiente, encomenda hoje mesmo e desfruta dos seus m\u00faltiplos benef\u00edcios no teu jardim!  <\/p>\n","protected":false},"featured_media":45349,"comment_status":"open","ping_status":"closed","template":"","meta":{"_acf_changed":false},"product_brand":[],"product_cat":[427,1269],"product_tag":[1270],"class_list":{"0":"post-19507","1":"product","2":"type-product","3":"status-publish","4":"has-post-thumbnail","6":"product_cat-sementes-organicas-2","7":"product_cat-sementes-de-demeter","8":"product_tag-demeter-pt-pt","10":"first","11":"instock","12":"taxable","13":"shipping-taxable","14":"purchasable","15":"product-type-simple"},"acf":[],"_links":{"self":[{"href":"https:\/\/cultivers.es\/pt-pt\/wp-json\/wp\/v2\/product\/19507","targetHints":{"allow":["GET"]}}],"collection":[{"href":"https:\/\/cultivers.es\/pt-pt\/wp-json\/wp\/v2\/product"}],"about":[{"href":"https:\/\/cultivers.es\/pt-pt\/wp-json\/wp\/v2\/types\/product"}],"replies":[{"embeddable":true,"href":"https:\/\/cultivers.es\/pt-pt\/wp-json\/wp\/v2\/comments?post=19507"}],"wp:featuredmedia":[{"embeddable":true,"href":"https:\/\/cultivers.es\/pt-pt\/wp-json\/wp\/v2\/media\/45349"}],"wp:attachment":[{"href":"https:\/\/cultivers.es\/pt-pt\/wp-json\/wp\/v2\/media?parent=19507"}],"wp:term":[{"taxonomy":"product_brand","embeddable":true,"href":"https:\/\/cultivers.es\/pt-pt\/wp-json\/wp\/v2\/product_brand?post=19507"},{"taxonomy":"product_cat","embeddable":true,"href":"https:\/\/cultivers.es\/pt-pt\/wp-json\/wp\/v2\/product_cat?post=19507"},{"taxonomy":"product_tag","embeddable":true,"href":"https:\/\/cultivers.es\/pt-pt\/wp-json\/wp\/v2\/product_tag?post=19507"}],"curies":[{"name":"wp","href":"https:\/\/api.w.org\/{rel}","templated":true}]}}