{"id":19508,"date":"2022-10-07T08:10:51","date_gmt":"2022-10-07T08:10:51","guid":{"rendered":"https:\/\/cultivers.es\/abonos\/sementes-de-papoila-preta-biologicas\/"},"modified":"2025-09-22T04:42:45","modified_gmt":"2025-09-22T04:42:45","slug":"sementes-ecologicas-de-papoila-negra","status":"publish","type":"product","link":"https:\/\/cultivers.es\/pt-pt\/fertilizantes\/sementes-ecologicas-de-papoila-negra\/","title":{"rendered":"Sementes de papoila preta"},"content":{"rendered":"","protected":false},"excerpt":{"rendered":"<p>BLACK POPPY \/ Papaver somniferum L. Esta variedade de papoila \u00e9 muito resistente e tem flores de cor p\u00farpura escura a preta. A disposi\u00e7\u00e3o das suas p\u00e9talas faz lembrar a flor da pe\u00f3nia. Depois da flora\u00e7\u00e3o, as c\u00e1psulas secas podem ser usadas em arranjos florais ou guardadas durante muito tempo.  <\/p>\n","protected":false},"featured_media":15932,"comment_status":"open","ping_status":"closed","template":"","meta":{"_acf_changed":false},"product_brand":[],"product_cat":[427,495],"product_tag":[],"class_list":{"0":"post-19508","1":"product","2":"type-product","3":"status-publish","4":"has-post-thumbnail","6":"product_cat-sementes-organicas-2","7":"product_cat-sementes-de-flores-organicas","9":"first","10":"outofstock","11":"taxable","12":"shipping-taxable","13":"purchasable","14":"product-type-simple"},"acf":[],"_links":{"self":[{"href":"https:\/\/cultivers.es\/pt-pt\/wp-json\/wp\/v2\/product\/19508","targetHints":{"allow":["GET"]}}],"collection":[{"href":"https:\/\/cultivers.es\/pt-pt\/wp-json\/wp\/v2\/product"}],"about":[{"href":"https:\/\/cultivers.es\/pt-pt\/wp-json\/wp\/v2\/types\/product"}],"replies":[{"embeddable":true,"href":"https:\/\/cultivers.es\/pt-pt\/wp-json\/wp\/v2\/comments?post=19508"}],"wp:featuredmedia":[{"embeddable":true,"href":"https:\/\/cultivers.es\/pt-pt\/wp-json\/wp\/v2\/media\/15932"}],"wp:attachment":[{"href":"https:\/\/cultivers.es\/pt-pt\/wp-json\/wp\/v2\/media?parent=19508"}],"wp:term":[{"taxonomy":"product_brand","embeddable":true,"href":"https:\/\/cultivers.es\/pt-pt\/wp-json\/wp\/v2\/product_brand?post=19508"},{"taxonomy":"product_cat","embeddable":true,"href":"https:\/\/cultivers.es\/pt-pt\/wp-json\/wp\/v2\/product_cat?post=19508"},{"taxonomy":"product_tag","embeddable":true,"href":"https:\/\/cultivers.es\/pt-pt\/wp-json\/wp\/v2\/product_tag?post=19508"}],"curies":[{"name":"wp","href":"https:\/\/api.w.org\/{rel}","templated":true}]}}