{"id":19509,"date":"2022-10-07T08:10:39","date_gmt":"2022-10-07T08:10:39","guid":{"rendered":"https:\/\/cultivers.es\/abonos\/sementes-de-girassol-mexicanas-biologicas\/"},"modified":"2025-09-22T04:42:46","modified_gmt":"2025-09-22T04:42:46","slug":"sementes-de-girassol-organico-mexicano-ecologico","status":"publish","type":"product","link":"https:\/\/cultivers.es\/pt-pt\/fertilizantes\/sementes-de-girassol-organico-mexicano-ecologico\/","title":{"rendered":"Sementes de girassol mexicanas"},"content":{"rendered":"","protected":false},"excerpt":{"rendered":"<p>O <strong>girassol mexicano<\/strong><em>(Tithonia rotundifolia<\/em>) \u00e9 uma planta ornamental conhecida pelas suas impressionantes flores <strong>cor de laranja<\/strong> e pelo seu h\u00e1bito elegante. As suas flores grandes, semelhantes a margaridas, n\u00e3o s\u00f3 d\u00e3o um toque ex\u00f3tico e vibrante ao <strong>jardim e<\/strong> ao <strong>pomar<\/strong>, como tamb\u00e9m s\u00e3o um \u00edman para polinizadores como abelhas, borboletas e outros insectos ben\u00e9ficos. Resistente e de crescimento r\u00e1pido, o girassol mexicano \u00e9 ideal para criar bordaduras floridas, canteiros de flores ou para embelezar espa\u00e7os naturais.  <\/p>\n<p><strong>Flores grandes e vibrantes:<\/strong> As suas espectaculares flores cor de laranja vivo destacam-se em qualquer espa\u00e7o, dando vida e um toque tropical ao <strong>pomar e<\/strong> ao <strong>jardim<\/strong>.<\/p>\n<p><strong>Atrativa para Polinizadores:<\/strong> \u00c9 uma planta que atrai abelhas, borboletas e outros insetos, promovendo a biodiversidade e o equil\u00edbrio natural do ambiente.<\/p>\n<p><strong>Cresce rapidamente e \u00e9 resistente:<\/strong> Esta variedade cresce f\u00e1cil e rapidamente, adaptando-se a solos secos e climas quentes, sendo perfeita para \u00e1reas ensolaradas.<\/p>\n<p><strong>Flora\u00e7\u00e3o prolongada:<\/strong> Oferece uma flora\u00e7\u00e3o generosa desde meados do ver\u00e3o at\u00e9 ao outono, garantindo um espet\u00e1culo visual duradouro.<\/p>\n<p><strong>F\u00e1cil de cultivar:<\/strong> N\u00e3o requer muitos cuidados, o que a torna ideal tanto para principiantes como para jardineiros experientes. Pode ser cultivada diretamente no solo ou em vasos grandes. <\/p>\n<p><strong>Cultivo org\u00e2nico:<\/strong> As nossas sementes s\u00e3o <strong>100% org\u00e2nicas<\/strong>, livres de pesticidas e fertilizantes qu\u00edmicos, garantindo um <strong>jardim<\/strong> sustent\u00e1vel e amigo do ambiente.<\/p>\n<p>Enche o teu <strong>pomar ou jardim<\/strong> de cor, vida e polinizadores com o <strong>Girassol Mexicano Org\u00e2nico<\/strong>. Uma escolha perfeita para uma planta resistente, ornamental e energ\u00e9tica, encomenda hoje e transforma o teu espa\u00e7o num para\u00edso natural!  <\/p>\n","protected":false},"featured_media":15942,"comment_status":"open","ping_status":"closed","template":"","meta":{"_acf_changed":false},"product_brand":[],"product_cat":[427,495],"product_tag":[1578],"class_list":{"0":"post-19509","1":"product","2":"type-product","3":"status-publish","4":"has-post-thumbnail","6":"product_cat-sementes-organicas-2","7":"product_cat-sementes-de-flores-organicas","8":"product_tag-eco","10":"first","11":"outofstock","12":"sale","13":"taxable","14":"shipping-taxable","15":"purchasable","16":"product-type-simple"},"acf":[],"_links":{"self":[{"href":"https:\/\/cultivers.es\/pt-pt\/wp-json\/wp\/v2\/product\/19509","targetHints":{"allow":["GET"]}}],"collection":[{"href":"https:\/\/cultivers.es\/pt-pt\/wp-json\/wp\/v2\/product"}],"about":[{"href":"https:\/\/cultivers.es\/pt-pt\/wp-json\/wp\/v2\/types\/product"}],"replies":[{"embeddable":true,"href":"https:\/\/cultivers.es\/pt-pt\/wp-json\/wp\/v2\/comments?post=19509"}],"wp:featuredmedia":[{"embeddable":true,"href":"https:\/\/cultivers.es\/pt-pt\/wp-json\/wp\/v2\/media\/15942"}],"wp:attachment":[{"href":"https:\/\/cultivers.es\/pt-pt\/wp-json\/wp\/v2\/media?parent=19509"}],"wp:term":[{"taxonomy":"product_brand","embeddable":true,"href":"https:\/\/cultivers.es\/pt-pt\/wp-json\/wp\/v2\/product_brand?post=19509"},{"taxonomy":"product_cat","embeddable":true,"href":"https:\/\/cultivers.es\/pt-pt\/wp-json\/wp\/v2\/product_cat?post=19509"},{"taxonomy":"product_tag","embeddable":true,"href":"https:\/\/cultivers.es\/pt-pt\/wp-json\/wp\/v2\/product_tag?post=19509"}],"curies":[{"name":"wp","href":"https:\/\/api.w.org\/{rel}","templated":true}]}}