{"id":19510,"date":"2022-10-07T08:31:17","date_gmt":"2022-10-07T08:31:17","guid":{"rendered":"https:\/\/cultivers.es\/abonos\/cosmos-mixed-colours-sementes-biologicas\/"},"modified":"2025-09-22T04:43:04","modified_gmt":"2025-09-22T04:43:04","slug":"seeds-cosmos-colour-mix-ecological-ecological","status":"publish","type":"product","link":"https:\/\/cultivers.es\/pt-pt\/fertilizantes\/seeds-cosmos-colour-mix-ecological-ecological\/","title":{"rendered":"Sementes Cosmos Mixed Colours"},"content":{"rendered":"","protected":false},"excerpt":{"rendered":"<p><strong>O Cosmos<\/strong><em>(Cosmos bipinnatus<\/em>) \u00e9 uma planta anual que se destaca pelas suas flores delicadas e vibrantes, numa mistura de cores que v\u00e3o do <strong>branco<\/strong> aos diferentes tons de <strong>rosa<\/strong> e <strong>f\u00facsia<\/strong>. Esta planta ornamental \u00e9 perfeita para dar um toque selvagem e natural ao <strong>jardim e<\/strong> ao <strong>pomar<\/strong>, criando um ambiente cheio de cor e vida. \u00c9 tamb\u00e9m ideal para atrair polinizadores como abelhas e borboletas, promovendo a biodiversidade.  <\/p>\n<p><strong>Flores coloridas e leves:<\/strong> As suas flores grandes, com p\u00e9talas finas e tons variados, enchem qualquer espa\u00e7o de cor e eleg\u00e2ncia natural.<\/p>\n<p><strong>Atraente para os polinizadores:<\/strong> As flores de Cosmos s\u00e3o ricas em n\u00e9ctar, o que as torna um \u00edman para abelhas, borboletas e outros insectos ben\u00e9ficos.<\/p>\n<p><strong>Flora\u00e7\u00e3o abundante e prolongada:<\/strong> floresce desde meados do ver\u00e3o at\u00e9 ao outono, garantindo uma explos\u00e3o de cor durante v\u00e1rios meses.<\/p>\n<p><strong>Resistente e f\u00e1cil de cultivar:<\/strong> A Cosmos adapta-se bem a solos pobres e secos, \u00e9 resistente \u00e0 seca e n\u00e3o requer cuidados especiais, o que a torna perfeita para principiantes e jardineiros experientes.<\/p>\n<p><strong>Ideal para pomares e jardins:<\/strong> O seu crescimento r\u00e1pido e o seu h\u00e1bito elegante tornam-na ideal para bordaduras, canteiros de flores ou \u00e1reas naturais em pomares e jardins.<\/p>\n<p><strong>Cultivo Org\u00e2nico:<\/strong> As nossas sementes s\u00e3o <strong>100% org\u00e2nicas<\/strong>, livres de pesticidas e fertilizantes qu\u00edmicos, promovendo um ambiente sustent\u00e1vel e amigo do ambiente.<\/p>\n<p>Embeleza o teu <strong>pomar e jardim<\/strong> com <strong>Cosmos Organic Colour Mix<\/strong> e desfruta de uma flora\u00e7\u00e3o espetacular que promove a biodiversidade e enche o teu espa\u00e7o de vida e cor.<\/p>\n","protected":false},"featured_media":15957,"comment_status":"open","ping_status":"closed","template":"","meta":{"_acf_changed":false},"product_brand":[],"product_cat":[498,427],"product_tag":[1578],"class_list":{"0":"post-19510","1":"product","2":"type-product","3":"status-publish","4":"has-post-thumbnail","6":"product_cat-sementes-de-flores-comestiveis-organicas","7":"product_cat-sementes-organicas-2","8":"product_tag-eco","10":"first","11":"instock","12":"taxable","13":"shipping-taxable","14":"purchasable","15":"product-type-simple"},"acf":[],"_links":{"self":[{"href":"https:\/\/cultivers.es\/pt-pt\/wp-json\/wp\/v2\/product\/19510","targetHints":{"allow":["GET"]}}],"collection":[{"href":"https:\/\/cultivers.es\/pt-pt\/wp-json\/wp\/v2\/product"}],"about":[{"href":"https:\/\/cultivers.es\/pt-pt\/wp-json\/wp\/v2\/types\/product"}],"replies":[{"embeddable":true,"href":"https:\/\/cultivers.es\/pt-pt\/wp-json\/wp\/v2\/comments?post=19510"}],"wp:featuredmedia":[{"embeddable":true,"href":"https:\/\/cultivers.es\/pt-pt\/wp-json\/wp\/v2\/media\/15957"}],"wp:attachment":[{"href":"https:\/\/cultivers.es\/pt-pt\/wp-json\/wp\/v2\/media?parent=19510"}],"wp:term":[{"taxonomy":"product_brand","embeddable":true,"href":"https:\/\/cultivers.es\/pt-pt\/wp-json\/wp\/v2\/product_brand?post=19510"},{"taxonomy":"product_cat","embeddable":true,"href":"https:\/\/cultivers.es\/pt-pt\/wp-json\/wp\/v2\/product_cat?post=19510"},{"taxonomy":"product_tag","embeddable":true,"href":"https:\/\/cultivers.es\/pt-pt\/wp-json\/wp\/v2\/product_tag?post=19510"}],"curies":[{"name":"wp","href":"https:\/\/api.w.org\/{rel}","templated":true}]}}