{"id":19531,"date":"2022-10-07T07:19:27","date_gmt":"2022-10-07T07:19:27","guid":{"rendered":"https:\/\/cultivers.es\/abonos\/sementes-de-hissopo-organico\/"},"modified":"2025-09-22T05:14:35","modified_gmt":"2025-09-22T05:14:35","slug":"sementes-hissopo-ecologicas","status":"publish","type":"product","link":"https:\/\/cultivers.es\/pt-pt\/fertilizantes\/sementes-hissopo-ecologicas\/","title":{"rendered":"Sementes de Hissopo"},"content":{"rendered":"","protected":false},"excerpt":{"rendered":"<p><strong>O hissopo<\/strong> (Hyssopus officinalis) \u00e9 uma planta arom\u00e1tica perene, conhecida pelas suas folhas estreitas e flores azuis, roxas ou cor-de-rosa. O seu aroma fresco e o seu sabor ligeiramente amargo e picante fazem dele uma excelente adi\u00e7\u00e3o a molhos, marinadas, infus\u00f5es, carnes e saladas. Al\u00e9m disso, o hissopo \u00e9 apreciado pelas suas propriedades medicinais e pela sua capacidade de atrair polinizadores, o que o torna uma planta ideal para ter no <strong>jardim<\/strong> ou no <strong>pomar<\/strong>.  <\/p>\n<p><strong>Aroma fresco e picante:<\/strong> As suas folhas arom\u00e1ticas libertam um perfume fresco e herb\u00e1ceo, ideal para aromatizar as tuas prepara\u00e7\u00f5es culin\u00e1rias.<\/p>\n<p><strong>Sabor picante e delicado:<\/strong> O seu sabor carater\u00edstico, com um toque ligeiramente amargo, \u00e9 perfeito para dar complexidade a pratos de carne, sopas ou molhos, bem como em ch\u00e1s de ervas.<\/p>\n<p><strong>Flores atractivas:<\/strong> As suas pequenas flores azuis, roxas ou cor-de-rosa n\u00e3o s\u00f3 embelezam o <strong>pomar<\/strong> ou o <strong>jardim<\/strong>, como tamb\u00e9m atraem abelhas e outros polinizadores, promovendo a biodiversidade.<\/p>\n<p><strong>Rico em propriedades medicinais:<\/strong> Tradicionalmente utilizado para aliviar problemas respirat\u00f3rios e digestivos e como anti-inflamat\u00f3rio, o hissopo \u00e9 uma planta com m\u00faltiplos benef\u00edcios.<\/p>\n<p><strong>F\u00e1cil de cultivar:<\/strong> Adapt\u00e1vel a diferentes tipos de solo e condi\u00e7\u00f5es clim\u00e1ticas, \u00e9 uma planta resistente e f\u00e1cil de cultivar, adequada para principiantes e jardineiros experientes.<\/p>\n<p><strong>Cultivo org\u00e2nico:<\/strong> As nossas sementes s\u00e3o <strong>100% org\u00e2nicas<\/strong>, livres de pesticidas e fertilizantes qu\u00edmicos, garantindo um <strong>jardim<\/strong> sustent\u00e1vel e amigo do ambiente.<\/p>\n<p>Desfruta da frescura, do aroma e das propriedades do <strong>Hissopo Org\u00e2nico<\/strong>, e d\u00e1 um toque \u00fanico e saud\u00e1vel ao teu <strong>jardim<\/strong> ou <strong>horta<\/strong>. Encomenda hoje mesmo e come\u00e7a a cultivar esta planta vers\u00e1til e arom\u00e1tica! <\/p>\n","protected":false},"featured_media":15897,"comment_status":"open","ping_status":"closed","template":"","meta":{"_acf_changed":false},"product_brand":[],"product_cat":[737,427],"product_tag":[1578],"class_list":{"0":"post-19531","1":"product","2":"type-product","3":"status-publish","4":"has-post-thumbnail","6":"product_cat-sementes-aromaticas-biologicas","7":"product_cat-sementes-organicas-2","8":"product_tag-eco","10":"first","11":"instock","12":"taxable","13":"shipping-taxable","14":"purchasable","15":"product-type-simple"},"acf":[],"_links":{"self":[{"href":"https:\/\/cultivers.es\/pt-pt\/wp-json\/wp\/v2\/product\/19531","targetHints":{"allow":["GET"]}}],"collection":[{"href":"https:\/\/cultivers.es\/pt-pt\/wp-json\/wp\/v2\/product"}],"about":[{"href":"https:\/\/cultivers.es\/pt-pt\/wp-json\/wp\/v2\/types\/product"}],"replies":[{"embeddable":true,"href":"https:\/\/cultivers.es\/pt-pt\/wp-json\/wp\/v2\/comments?post=19531"}],"wp:featuredmedia":[{"embeddable":true,"href":"https:\/\/cultivers.es\/pt-pt\/wp-json\/wp\/v2\/media\/15897"}],"wp:attachment":[{"href":"https:\/\/cultivers.es\/pt-pt\/wp-json\/wp\/v2\/media?parent=19531"}],"wp:term":[{"taxonomy":"product_brand","embeddable":true,"href":"https:\/\/cultivers.es\/pt-pt\/wp-json\/wp\/v2\/product_brand?post=19531"},{"taxonomy":"product_cat","embeddable":true,"href":"https:\/\/cultivers.es\/pt-pt\/wp-json\/wp\/v2\/product_cat?post=19531"},{"taxonomy":"product_tag","embeddable":true,"href":"https:\/\/cultivers.es\/pt-pt\/wp-json\/wp\/v2\/product_tag?post=19531"}],"curies":[{"name":"wp","href":"https:\/\/api.w.org\/{rel}","templated":true}]}}