{"id":19544,"date":"2022-10-07T07:20:09","date_gmt":"2022-10-07T07:20:09","guid":{"rendered":"https:\/\/cultivers.es\/abonos\/sementes-de-salsa-gigante-italiana\/"},"modified":"2025-09-22T05:05:00","modified_gmt":"2025-09-22T05:05:00","slug":"salsa-salsa-semente-da-italia","status":"publish","type":"product","link":"https:\/\/cultivers.es\/pt-pt\/fertilizantes\/salsa-salsa-semente-da-italia\/","title":{"rendered":"Sementes de salsa gigante italiana"},"content":{"rendered":"","protected":false},"excerpt":{"rendered":"<p><strong>A salsa gigante italiana<\/strong> \u00e9 uma variedade conhecida pelas suas folhas grandes, de um verde profundo e textura suave. Esta variedade de salsa \u00e9 apreciada tanto pelo seu tamanho como pelo seu sabor robusto e fresco, tornando-a uma escolha ideal para temperar uma grande variedade de pratos, desde saladas e sopas a guisados e molhos. \u00c9 tamb\u00e9m uma planta f\u00e1cil de cultivar que se adapta bem a diferentes tipos de solo, ideal para o teu <strong>jardim<\/strong> ou <strong>horta<\/strong>.  <\/p>\n<p><strong>Folhas grandes e macias:<\/strong> As folhas desta salsa s\u00e3o de tamanho consider\u00e1vel, perfeitas para quem procura uma colheita abundante de alta qualidade.<\/p>\n<p><strong>Sabor fresco e robusto:<\/strong> O seu sabor intenso e refrescante torna-o perfeito para dar um toque especial \u00e0s tuas receitas favoritas, como guisados, saladas, molhos e muito mais.<\/p>\n<p><strong>Planta resistente e produtiva:<\/strong> Esta salsa cresce facilmente, oferecendo uma colheita abundante durante toda a esta\u00e7\u00e3o.<\/p>\n<p><strong>Rica em nutrientes:<\/strong> A salsa \u00e9 uma excelente fonte de vitaminas A, C e K, e de minerais como o ferro, o que a torna um excelente complemento para uma dieta saud\u00e1vel.<\/p>\n<p><strong>F\u00e1cil de cultivar:<\/strong> Adapta-se bem a diferentes condi\u00e7\u00f5es clim\u00e1ticas e solos, o que a torna adequada para principiantes e jardineiros experientes.<\/p>\n<p><strong>Cultivo org\u00e2nico:<\/strong> As nossas sementes s\u00e3o <strong>100% org\u00e2nicas<\/strong>, livres de pesticidas e fertilizantes qu\u00edmicos, promovendo um <strong>jardim<\/strong> sustent\u00e1vel e amigo do ambiente.<\/p>\n<p>Desfruta da frescura e da versatilidade da <strong>Salsa Gigante da Italy Organic<\/strong> e d\u00e1 um toque saud\u00e1vel e delicioso aos teus pratos diretamente do teu <strong>jardim<\/strong> ou da tua <strong>horta<\/strong>. Encomenda hoje e come\u00e7a a colher esta planta arom\u00e1tica no teu espa\u00e7o verde! <\/p>\n","protected":false},"featured_media":15907,"comment_status":"open","ping_status":"closed","template":"","meta":{"_acf_changed":false},"product_brand":[],"product_cat":[737,427],"product_tag":[1578],"class_list":{"0":"post-19544","1":"product","2":"type-product","3":"status-publish","4":"has-post-thumbnail","6":"product_cat-sementes-aromaticas-biologicas","7":"product_cat-sementes-organicas-2","8":"product_tag-eco","10":"first","11":"instock","12":"taxable","13":"shipping-taxable","14":"purchasable","15":"product-type-simple"},"acf":[],"_links":{"self":[{"href":"https:\/\/cultivers.es\/pt-pt\/wp-json\/wp\/v2\/product\/19544","targetHints":{"allow":["GET"]}}],"collection":[{"href":"https:\/\/cultivers.es\/pt-pt\/wp-json\/wp\/v2\/product"}],"about":[{"href":"https:\/\/cultivers.es\/pt-pt\/wp-json\/wp\/v2\/types\/product"}],"replies":[{"embeddable":true,"href":"https:\/\/cultivers.es\/pt-pt\/wp-json\/wp\/v2\/comments?post=19544"}],"wp:featuredmedia":[{"embeddable":true,"href":"https:\/\/cultivers.es\/pt-pt\/wp-json\/wp\/v2\/media\/15907"}],"wp:attachment":[{"href":"https:\/\/cultivers.es\/pt-pt\/wp-json\/wp\/v2\/media?parent=19544"}],"wp:term":[{"taxonomy":"product_brand","embeddable":true,"href":"https:\/\/cultivers.es\/pt-pt\/wp-json\/wp\/v2\/product_brand?post=19544"},{"taxonomy":"product_cat","embeddable":true,"href":"https:\/\/cultivers.es\/pt-pt\/wp-json\/wp\/v2\/product_cat?post=19544"},{"taxonomy":"product_tag","embeddable":true,"href":"https:\/\/cultivers.es\/pt-pt\/wp-json\/wp\/v2\/product_tag?post=19544"}],"curies":[{"name":"wp","href":"https:\/\/api.w.org\/{rel}","templated":true}]}}