{"id":19551,"date":"2022-10-07T07:08:50","date_gmt":"2022-10-07T07:08:50","guid":{"rendered":"https:\/\/cultivers.es\/abonos\/sementes-de-alcaravia-biologicas\/"},"modified":"2025-09-22T04:47:26","modified_gmt":"2025-09-22T04:47:26","slug":"sementes-alcaravea-ecologica","status":"publish","type":"product","link":"https:\/\/cultivers.es\/pt-pt\/fertilizantes\/sementes-alcaravea-ecologica\/","title":{"rendered":"Sementes de alcaravia"},"content":{"rendered":"","protected":false},"excerpt":{"rendered":"<p><strong>O cominho<\/strong> (Carum carvi) \u00e9 uma planta arom\u00e1tica e medicinal, muito apreciada pelas suas sementes de sabor ligeiramente picante e com notas de anis. Estas sementes s\u00e3o um condimento tradicional na cozinha de v\u00e1rios pa\u00edses, ideal para p\u00e3es, queijos, guisados e carnes, proporcionando um aroma e sabor \u00fanicos. Para al\u00e9m do seu uso culin\u00e1rio, o cominho \u00e9 valorizado pelas suas propriedades digestivas e calmantes, sendo utilizado em ch\u00e1s de ervas e rem\u00e9dios naturais. A sua presen\u00e7a no <strong>jardim<\/strong> n\u00e3o s\u00f3 proporciona um aroma especial, como tamb\u00e9m atrai polinizadores e promove a biodiversidade.   <\/p>\n<ul>\n<li><strong>Sabor arom\u00e1tico e picante:<\/strong> As sementes de alcaravia d\u00e3o-te um sabor intenso e ligeiramente doce, com notas de anis, perfeito para real\u00e7ar p\u00e3es, sopas, queijos e salsichas.<\/li>\n<li><strong>Utiliza\u00e7\u00e3o culin\u00e1ria tradicional:<\/strong> Esta especiaria \u00e9 um elemento essencial da cozinha da Europa Central, enriquecendo os pratos cl\u00e1ssicos e proporcionando um aroma inconfund\u00edvel.<\/li>\n<li><strong>Benef\u00edcios para a digest\u00e3o:<\/strong> Tradicionalmente utilizado em ch\u00e1s de ervas, o cominho ajuda a aliviar o desconforto estomacal e a facilitar a digest\u00e3o.<\/li>\n<li><strong>Atraente para os polinizadores:<\/strong> As suas flores brancas atraem abelhas e outros insectos ben\u00e9ficos, promovendo a biodiversidade e o equil\u00edbrio no <strong>jardim<\/strong>.<\/li>\n<li><strong>F\u00e1cil de cultivar:<\/strong> Resistente e adapt\u00e1vel, desenvolve-se bem em solos soltos e bem drenados e \u00e9 adequada tanto para jardineiros principiantes como para jardineiros experientes.<\/li>\n<li><strong>Cultivo org\u00e2nico:<\/strong> As nossas sementes s\u00e3o 100% org\u00e2nicas, livres de pesticidas e fertilizantes qu\u00edmicos, garantindo um <strong>jardim<\/strong> sustent\u00e1vel e amigo do ambiente.<\/li>\n<\/ul>\n<p>Desfruta da intensidade, do aroma e das propriedades dos <strong>cominhos biol\u00f3gicos<\/strong> cultivados diretamente na tua <strong>horta<\/strong>, acrescentando sabor, tradi\u00e7\u00e3o e bem-estar \u00e0 tua cozinha.<\/p>\n","protected":false},"featured_media":15872,"comment_status":"open","ping_status":"closed","template":"","meta":{"_acf_changed":false},"product_brand":[],"product_cat":[737,427],"product_tag":[1578],"woo-feed-brand":[],"class_list":{"0":"post-19551","1":"product","2":"type-product","3":"status-publish","4":"has-post-thumbnail","6":"product_cat-sementes-aromaticas-biologicas","7":"product_cat-sementes-organicas-2","8":"product_tag-eco","10":"first","11":"outofstock","12":"taxable","13":"shipping-taxable","14":"purchasable","15":"product-type-simple"},"acf":[],"_links":{"self":[{"href":"https:\/\/cultivers.es\/pt-pt\/wp-json\/wp\/v2\/product\/19551","targetHints":{"allow":["GET"]}}],"collection":[{"href":"https:\/\/cultivers.es\/pt-pt\/wp-json\/wp\/v2\/product"}],"about":[{"href":"https:\/\/cultivers.es\/pt-pt\/wp-json\/wp\/v2\/types\/product"}],"replies":[{"embeddable":true,"href":"https:\/\/cultivers.es\/pt-pt\/wp-json\/wp\/v2\/comments?post=19551"}],"wp:featuredmedia":[{"embeddable":true,"href":"https:\/\/cultivers.es\/pt-pt\/wp-json\/wp\/v2\/media\/15872"}],"wp:attachment":[{"href":"https:\/\/cultivers.es\/pt-pt\/wp-json\/wp\/v2\/media?parent=19551"}],"wp:term":[{"taxonomy":"product_brand","embeddable":true,"href":"https:\/\/cultivers.es\/pt-pt\/wp-json\/wp\/v2\/product_brand?post=19551"},{"taxonomy":"product_cat","embeddable":true,"href":"https:\/\/cultivers.es\/pt-pt\/wp-json\/wp\/v2\/product_cat?post=19551"},{"taxonomy":"product_tag","embeddable":true,"href":"https:\/\/cultivers.es\/pt-pt\/wp-json\/wp\/v2\/product_tag?post=19551"},{"taxonomy":"woo-feed-brand","embeddable":true,"href":"https:\/\/cultivers.es\/pt-pt\/wp-json\/wp\/v2\/woo-feed-brand?post=19551"}],"curies":[{"name":"wp","href":"https:\/\/api.w.org\/{rel}","templated":true}]}}