{"id":19559,"date":"2022-10-07T07:14:58","date_gmt":"2022-10-07T07:14:58","guid":{"rendered":"https:\/\/cultivers.es\/abonos\/sementes-de-coentros-biologicos\/"},"modified":"2025-09-22T04:42:24","modified_gmt":"2025-09-22T04:42:24","slug":"sementes-ecologicas-de-coentros-biologicos","status":"publish","type":"product","link":"https:\/\/cultivers.es\/pt-pt\/fertilizantes\/sementes-ecologicas-de-coentros-biologicos\/","title":{"rendered":"Sementes de coentros"},"content":{"rendered":"","protected":false},"excerpt":{"rendered":"<p><strong>Os coentros<\/strong> (Coriandrum sativum) s\u00e3o uma erva arom\u00e1tica apreciada pelo seu sabor fresco e ligeiramente c\u00edtrico e pelo seu aroma intenso. Presente em muitas cozinhas do mundo, as suas delicadas folhas verdes d\u00e3o um toque \u00fanico a saladas, molhos, caril, sopas e guisados. Para al\u00e9m disso, as suas sementes s\u00e3o tamb\u00e9m utilizadas como especiaria, acrescentando complexidade e nuances a pratos doces e salgados. Esta planta \u00e9 f\u00e1cil de cultivar, adaptando-se tanto ao <strong>jardim<\/strong> como \u00e0 <strong>horta<\/strong>, oferecendo colheitas cont\u00ednuas e um aroma inconfund\u00edvel.   <\/p>\n<p><strong>Sabor fresco e c\u00edtrico:<\/strong> As suas folhas libertam um sabor vibrante e refrescante, perfeito para real\u00e7ar o sabor das receitas internacionais ou para dar um toque especial aos pratos do dia a dia.<\/p>\n<p><strong>Folhas tenras e arom\u00e1ticas:<\/strong> verdes, macias e delicadas, s\u00e3o ideais para consumo fresco e conservam todo o seu aroma e sabor carater\u00edsticos.<\/p>\n<p><strong>Vers\u00e1til na cozinha:<\/strong> Para al\u00e9m das folhas, as sementes de coentros s\u00e3o utilizadas como especiaria, acrescentando calor e profundidade a carnes, guisados, p\u00e3es e sobremesas.<\/p>\n<p><strong>Atrativo em pomares e jardins:<\/strong> As suas delicadas flores brancas atraem polinizadores, contribuindo para a biodiversidade e para a sa\u00fade do ambiente.<\/p>\n<p><strong>Rico em nutrientes:<\/strong> Fonte de antioxidantes, vitaminas e minerais, os coentros s\u00e3o um aliado saud\u00e1vel na alimenta\u00e7\u00e3o di\u00e1ria.<\/p>\n<p><strong>F\u00e1cil de cultivar:<\/strong> Adapt\u00e1vel a diferentes solos e climas, esta erva cresce facilmente, proporcionando uma colheita regular durante toda a esta\u00e7\u00e3o.<\/p>\n<p><strong>Cultivo org\u00e2nico:<\/strong> As nossas sementes s\u00e3o <strong>100% org\u00e2nicas<\/strong>, livres de pesticidas e fertilizantes qu\u00edmicos, garantindo um ambiente sustent\u00e1vel e amigo do ambiente.<\/p>\n<p>Desfruta da frescura, versatilidade e aroma do <strong>Cilantro Org\u00e2nico<\/strong>, cultivado diretamente no teu <strong>jardim,<\/strong> trazendo um sabor aut\u00eantico e internacional \u00e0s tuas receitas favoritas.<\/p>\n","protected":false},"featured_media":15857,"comment_status":"open","ping_status":"closed","template":"","meta":{"_acf_changed":false},"product_brand":[],"product_cat":[427,737],"product_tag":[1578],"class_list":{"0":"post-19559","1":"product","2":"type-product","3":"status-publish","4":"has-post-thumbnail","6":"product_cat-sementes-organicas-2","7":"product_cat-sementes-aromaticas-biologicas","8":"product_tag-eco","10":"first","11":"instock","12":"taxable","13":"shipping-taxable","14":"purchasable","15":"product-type-simple"},"acf":[],"_links":{"self":[{"href":"https:\/\/cultivers.es\/pt-pt\/wp-json\/wp\/v2\/product\/19559","targetHints":{"allow":["GET"]}}],"collection":[{"href":"https:\/\/cultivers.es\/pt-pt\/wp-json\/wp\/v2\/product"}],"about":[{"href":"https:\/\/cultivers.es\/pt-pt\/wp-json\/wp\/v2\/types\/product"}],"replies":[{"embeddable":true,"href":"https:\/\/cultivers.es\/pt-pt\/wp-json\/wp\/v2\/comments?post=19559"}],"wp:featuredmedia":[{"embeddable":true,"href":"https:\/\/cultivers.es\/pt-pt\/wp-json\/wp\/v2\/media\/15857"}],"wp:attachment":[{"href":"https:\/\/cultivers.es\/pt-pt\/wp-json\/wp\/v2\/media?parent=19559"}],"wp:term":[{"taxonomy":"product_brand","embeddable":true,"href":"https:\/\/cultivers.es\/pt-pt\/wp-json\/wp\/v2\/product_brand?post=19559"},{"taxonomy":"product_cat","embeddable":true,"href":"https:\/\/cultivers.es\/pt-pt\/wp-json\/wp\/v2\/product_cat?post=19559"},{"taxonomy":"product_tag","embeddable":true,"href":"https:\/\/cultivers.es\/pt-pt\/wp-json\/wp\/v2\/product_tag?post=19559"}],"curies":[{"name":"wp","href":"https:\/\/api.w.org\/{rel}","templated":true}]}}