{"id":19560,"date":"2022-10-07T07:13:05","date_gmt":"2022-10-07T07:13:05","guid":{"rendered":"https:\/\/cultivers.es\/abonos\/sementes-de-cebolinho-organico\/"},"modified":"2025-09-22T04:42:05","modified_gmt":"2025-09-22T04:42:05","slug":"sementes-ecologicas-de-cebola","status":"publish","type":"product","link":"https:\/\/cultivers.es\/pt-pt\/fertilizantes\/sementes-ecologicas-de-cebola\/","title":{"rendered":"Sementes de cebolinho"},"content":{"rendered":"","protected":false},"excerpt":{"rendered":"<p><strong>O cebolinho<\/strong> (Allium schoenoprasum) \u00e9 uma erva arom\u00e1tica apreciada pelo seu sabor delicado e suave a cebola, que d\u00e1 um toque fresco a saladas, molhos, sopas e omeletes. As suas folhas finas, ocas e verdes podem ser cortadas regularmente, favorecendo o seu crescimento cont\u00ednuo. Para al\u00e9m do seu valor culin\u00e1rio, o cebolinho \u00e9 uma planta ornamental que confere um encanto especial com as suas flores lilases, tornando-o perfeito tanto para <strong>o jardim<\/strong> como para <strong>a<\/strong> <strong>horta<\/strong>.  <\/p>\n<p><strong>Folhas finas e arom\u00e1ticas:<\/strong> As suas folhas finas e verdes libertam um aroma suave, ideal para real\u00e7ar o sabor de v\u00e1rios pratos sem se sobrepor aos outros ingredientes.<\/p>\n<p><strong>Sabor suave a cebola:<\/strong> D\u00e1 um toque subtil e fresco, perfeito para combinar com ovos, queijos, legumes, ou para decorar e real\u00e7ar o sabor de saladas e sopas.<\/p>\n<p><strong>Flores ornamentais de lilases:<\/strong> As suas pequenas flores arroxeadas d\u00e3o beleza ao <strong>pomar e<\/strong> ao <strong>jardim<\/strong>, atraindo polinizadores e contribuindo para a biodiversidade.<\/p>\n<p><strong>Rico em nutrientes:<\/strong> O cebolinho \u00e9 uma boa fonte de vitaminas A e C, minerais e antioxidantes, promovendo uma alimenta\u00e7\u00e3o equilibrada e nutritiva.<\/p>\n<p><strong>F\u00e1cil de cultivar:<\/strong> Resistente e adapt\u00e1vel, esta planta cresce bem em vasos ou diretamente no solo, o que a torna adequada para principiantes e jardineiros experientes.<\/p>\n<p><strong>Cultivo org\u00e2nico:<\/strong> As nossas sementes s\u00e3o <strong>100% org\u00e2nicas<\/strong>, livres de pesticidas e fertilizantes qu\u00edmicos, promovendo uma <strong>horta e<\/strong> um <strong>pomar<\/strong> sustent\u00e1veis e amigos do ambiente.<\/p>\n<p>Desfruta do sabor e do aroma do <strong>Cebolinho Org\u00e2nico<\/strong>, enriquecendo as tuas receitas e embelezando o teu <strong>jardim<\/strong> com uma erva vers\u00e1til e saud\u00e1vel.<\/p>\n","protected":false},"featured_media":15887,"comment_status":"open","ping_status":"closed","template":"","meta":{"_acf_changed":false},"product_brand":[],"product_cat":[427,737],"product_tag":[1578],"class_list":{"0":"post-19560","1":"product","2":"type-product","3":"status-publish","4":"has-post-thumbnail","6":"product_cat-sementes-organicas-2","7":"product_cat-sementes-aromaticas-biologicas","8":"product_tag-eco","10":"first","11":"instock","12":"taxable","13":"shipping-taxable","14":"purchasable","15":"product-type-variable"},"acf":[],"_links":{"self":[{"href":"https:\/\/cultivers.es\/pt-pt\/wp-json\/wp\/v2\/product\/19560","targetHints":{"allow":["GET"]}}],"collection":[{"href":"https:\/\/cultivers.es\/pt-pt\/wp-json\/wp\/v2\/product"}],"about":[{"href":"https:\/\/cultivers.es\/pt-pt\/wp-json\/wp\/v2\/types\/product"}],"replies":[{"embeddable":true,"href":"https:\/\/cultivers.es\/pt-pt\/wp-json\/wp\/v2\/comments?post=19560"}],"wp:featuredmedia":[{"embeddable":true,"href":"https:\/\/cultivers.es\/pt-pt\/wp-json\/wp\/v2\/media\/15887"}],"wp:attachment":[{"href":"https:\/\/cultivers.es\/pt-pt\/wp-json\/wp\/v2\/media?parent=19560"}],"wp:term":[{"taxonomy":"product_brand","embeddable":true,"href":"https:\/\/cultivers.es\/pt-pt\/wp-json\/wp\/v2\/product_brand?post=19560"},{"taxonomy":"product_cat","embeddable":true,"href":"https:\/\/cultivers.es\/pt-pt\/wp-json\/wp\/v2\/product_cat?post=19560"},{"taxonomy":"product_tag","embeddable":true,"href":"https:\/\/cultivers.es\/pt-pt\/wp-json\/wp\/v2\/product_tag?post=19560"}],"curies":[{"name":"wp","href":"https:\/\/api.w.org\/{rel}","templated":true}]}}