{"id":19561,"date":"2022-10-07T07:27:27","date_gmt":"2022-10-07T07:27:27","guid":{"rendered":"https:\/\/cultivers.es\/abonos\/sementes-de-cebolinho-chines-organico\/"},"modified":"2025-09-22T05:15:12","modified_gmt":"2025-09-22T05:15:12","slug":"sementes-de-cebola-ecologicas-chinesas","status":"publish","type":"product","link":"https:\/\/cultivers.es\/pt-pt\/fertilizantes\/sementes-de-cebola-ecologicas-chinesas\/","title":{"rendered":"Sementes de cebolinho chin\u00eas"},"content":{"rendered":"","protected":false},"excerpt":{"rendered":"<p><strong>O cebolinho chin\u00eas<\/strong> (Allium tuberosum), tamb\u00e9m conhecido como alho cebolinho, \u00e9 uma planta arom\u00e1tica com um sabor delicado e suave a alho combinado com um toque de cebola. As suas folhas longas, planas e verde-escuras s\u00e3o perfeitas para molhos para saladas, molhos, sopas, omeletas e salteados. Al\u00e9m disso, as suas flores brancas, elegantes e arom\u00e1ticas, atraem os polinizadores, o que a torna uma excelente escolha tanto para o <strong>jardim<\/strong> como para <strong>a<\/strong> <strong>horta<\/strong>.  <\/p>\n<p><strong>Sabor suave e \u00fanico:<\/strong> Oferece um delicioso toque de alho suave com notas de cebola, ideal para real\u00e7ar receitas frescas e cozinhadas sem se sobrepor a outros sabores.<\/p>\n<p><strong>Folhas planas delicadas:<\/strong> perfeitas para cortar e adicionar a saladas, omeletes, sopas ou pratos de inspira\u00e7\u00e3o asi\u00e1tica. Pode ser consumido fresco ou ligeiramente cozinhado. <\/p>\n<p><strong>Flores ornamentais:<\/strong> As suas pequenas flores brancas d\u00e3o beleza ao <strong>pomar e<\/strong> ao <strong>jardim<\/strong>, al\u00e9m de atra\u00edrem abelhas e outros polinizadores ben\u00e9ficos.<\/p>\n<p><strong>Rico em nutrientes:<\/strong> Uma fonte natural de vitaminas A, C, ferro e antioxidantes, o cebolinho chin\u00eas contribui para uma dieta equilibrada e saud\u00e1vel.<\/p>\n<p><strong>F\u00e1cil de cultivar:<\/strong> Perene, resistente e de baixa manuten\u00e7\u00e3o. Adapta-se bem a solos bem drenados e ensolarados, ideal para cultivar em vasos ou no solo. <\/p>\n<p><strong>Cultivo org\u00e2nico:<\/strong> As nossas sementes s\u00e3o <strong>100% org\u00e2nicas<\/strong>, livres de pesticidas e fertilizantes qu\u00edmicos, promovendo uma <strong>horta<\/strong> e um <strong>pomar<\/strong> sustent\u00e1veis e amigos do ambiente.<\/p>\n<p>Adiciona <strong>o Cebolinho Chin\u00eas Org\u00e2nico<\/strong> ao teu <strong>jardim e<\/strong> desfruta do seu sabor fresco, das suas propriedades nutricionais e da sua beleza ornamental. Encomenda hoje e d\u00e1 um toque \u00fanico aos teus pratos! <\/p>\n","protected":false},"featured_media":15882,"comment_status":"open","ping_status":"closed","template":"","meta":{"_acf_changed":false},"product_brand":[],"product_cat":[737,427],"product_tag":[1578],"class_list":{"0":"post-19561","1":"product","2":"type-product","3":"status-publish","4":"has-post-thumbnail","6":"product_cat-sementes-aromaticas-biologicas","7":"product_cat-sementes-organicas-2","8":"product_tag-eco","10":"first","11":"instock","12":"sale","13":"taxable","14":"shipping-taxable","15":"purchasable","16":"product-type-simple"},"acf":[],"_links":{"self":[{"href":"https:\/\/cultivers.es\/pt-pt\/wp-json\/wp\/v2\/product\/19561","targetHints":{"allow":["GET"]}}],"collection":[{"href":"https:\/\/cultivers.es\/pt-pt\/wp-json\/wp\/v2\/product"}],"about":[{"href":"https:\/\/cultivers.es\/pt-pt\/wp-json\/wp\/v2\/types\/product"}],"replies":[{"embeddable":true,"href":"https:\/\/cultivers.es\/pt-pt\/wp-json\/wp\/v2\/comments?post=19561"}],"wp:featuredmedia":[{"embeddable":true,"href":"https:\/\/cultivers.es\/pt-pt\/wp-json\/wp\/v2\/media\/15882"}],"wp:attachment":[{"href":"https:\/\/cultivers.es\/pt-pt\/wp-json\/wp\/v2\/media?parent=19561"}],"wp:term":[{"taxonomy":"product_brand","embeddable":true,"href":"https:\/\/cultivers.es\/pt-pt\/wp-json\/wp\/v2\/product_brand?post=19561"},{"taxonomy":"product_cat","embeddable":true,"href":"https:\/\/cultivers.es\/pt-pt\/wp-json\/wp\/v2\/product_cat?post=19561"},{"taxonomy":"product_tag","embeddable":true,"href":"https:\/\/cultivers.es\/pt-pt\/wp-json\/wp\/v2\/product_tag?post=19561"}],"curies":[{"name":"wp","href":"https:\/\/api.w.org\/{rel}","templated":true}]}}