{"id":19565,"date":"2022-10-07T07:17:33","date_gmt":"2022-10-07T07:17:33","guid":{"rendered":"https:\/\/cultivers.es\/abonos\/sementes-de-melissa-biologica\/"},"modified":"2025-09-22T05:04:56","modified_gmt":"2025-09-22T05:04:56","slug":"sementes-de-melissa-biologicas","status":"publish","type":"product","link":"https:\/\/cultivers.es\/pt-pt\/fertilizantes\/sementes-de-melissa-biologicas\/","title":{"rendered":"Sementes de Melissa Biodin\u00e2mica Demeter"},"content":{"rendered":"","protected":false},"excerpt":{"rendered":"<p>Adiciona um toque de frescura e bem-estar ao teu jardim com as nossas sementes de Melissa Org\u00e2nica Demeter. Tamb\u00e9m conhecida como erva-cidreira ou b\u00e1lsamo de lim\u00e3o, a melissa \u00e9 uma planta perene apreciada pelas suas propriedades calmantes e aroma refrescante de lim\u00e3o. Perfeita para ch\u00e1s de ervas calmantes, \u00f3leos essenciais e para atrair polinizadores, a Melissa \u00e9 uma escolha ideal para quem procura uma planta ornamental e medicinal. Com certifica\u00e7\u00e3o Demeter, garantimos-te um cultivo sustent\u00e1vel e amigo do ambiente.   <\/p>\n<ul>\n<li><strong>Aroma refrescante a lim\u00e3o:<\/strong> A Melissa \u00e9 conhecida pelo seu aroma agrad\u00e1vel e refrescante a lim\u00e3o, que se liberta das suas folhas e que podes apreciar no jardim, bem como em infus\u00f5es e outras prepara\u00e7\u00f5es caseiras.<\/li>\n<li><strong>Propriedades calmantes e relaxantes:<\/strong> Esta planta \u00e9 muito utilizada na medicina herbal para tratar o stress, a ansiedade e a ins\u00f3nia, o que a torna uma escolha perfeita para quem procura uma planta medicinal f\u00e1cil de cultivar em casa.<\/li>\n<li><strong>Ideal para infus\u00f5es e \u00f3leos:<\/strong> As folhas frescas ou secas de melissa podem ser usadas para fazer infus\u00f5es calmantes, \u00f3leos essenciais ou dar um toque arom\u00e1tico a pratos e bebidas.<\/li>\n<li><strong>Atra\u00e7\u00e3o de polinizadores:<\/strong> A Melissa \u00e9 excelente para atrair abelhas e outros polinizadores para o teu jardim, o que promove a biodiversidade e melhora a sa\u00fade geral do teu jardim.<\/li>\n<li><strong>Certifica\u00e7\u00e3o Demeter:<\/strong> Estas sementes s\u00e3o certificadas Demeter, o que garante que foram cultivadas de acordo com os princ\u00edpios da agricultura biodin\u00e2mica, respeitando os ciclos naturais do solo e do ecossistema.<\/li>\n<li><strong>F\u00e1cil de cultivar:<\/strong> A Melissa \u00e9 uma planta perene resistente que se adapta bem a diferentes tipos de solo e climas. \u00c9 f\u00e1cil de cuidar e adequada tanto para principiantes como para jardineiros experientes. <\/li>\n<\/ul>\n<p>Acrescenta frescura, aroma e bem-estar ao teu jardim com Demeter Organic Melissa Seeds. Desfruta das suas propriedades medicinais e do seu agrad\u00e1vel aroma a lim\u00e3o, promovendo ao mesmo tempo a biodiversidade e o cultivo sustent\u00e1vel no teu jardim. Encomenda hoje mesmo e come\u00e7a a desfrutar dos m\u00faltiplos benef\u00edcios da melissa!  <\/p>\n","protected":false},"featured_media":15902,"comment_status":"open","ping_status":"closed","template":"","meta":{"_acf_changed":false},"product_brand":[],"product_cat":[737,1269,427],"product_tag":[1270],"class_list":{"0":"post-19565","1":"product","2":"type-product","3":"status-publish","4":"has-post-thumbnail","6":"product_cat-sementes-aromaticas-biologicas","7":"product_cat-sementes-de-demeter","8":"product_cat-sementes-organicas-2","9":"product_tag-demeter-pt-pt","11":"first","12":"instock","13":"taxable","14":"shipping-taxable","15":"purchasable","16":"product-type-simple"},"acf":[],"_links":{"self":[{"href":"https:\/\/cultivers.es\/pt-pt\/wp-json\/wp\/v2\/product\/19565","targetHints":{"allow":["GET"]}}],"collection":[{"href":"https:\/\/cultivers.es\/pt-pt\/wp-json\/wp\/v2\/product"}],"about":[{"href":"https:\/\/cultivers.es\/pt-pt\/wp-json\/wp\/v2\/types\/product"}],"replies":[{"embeddable":true,"href":"https:\/\/cultivers.es\/pt-pt\/wp-json\/wp\/v2\/comments?post=19565"}],"wp:featuredmedia":[{"embeddable":true,"href":"https:\/\/cultivers.es\/pt-pt\/wp-json\/wp\/v2\/media\/15902"}],"wp:attachment":[{"href":"https:\/\/cultivers.es\/pt-pt\/wp-json\/wp\/v2\/media?parent=19565"}],"wp:term":[{"taxonomy":"product_brand","embeddable":true,"href":"https:\/\/cultivers.es\/pt-pt\/wp-json\/wp\/v2\/product_brand?post=19565"},{"taxonomy":"product_cat","embeddable":true,"href":"https:\/\/cultivers.es\/pt-pt\/wp-json\/wp\/v2\/product_cat?post=19565"},{"taxonomy":"product_tag","embeddable":true,"href":"https:\/\/cultivers.es\/pt-pt\/wp-json\/wp\/v2\/product_tag?post=19565"}],"curies":[{"name":"wp","href":"https:\/\/api.w.org\/{rel}","templated":true}]}}