{"id":19566,"date":"2022-10-07T07:19:14","date_gmt":"2022-10-07T07:19:14","guid":{"rendered":"https:\/\/cultivers.es\/abonos\/sementes-de-salsa-biologica\/"},"modified":"2025-09-22T05:36:34","modified_gmt":"2025-09-22T05:36:34","slug":"sementes-de-salsa-biologica","status":"publish","type":"product","link":"https:\/\/cultivers.es\/pt-pt\/fertilizantes\/sementes-de-salsa-biologica\/","title":{"rendered":"Sementes de salsa"},"content":{"rendered":"","protected":false},"excerpt":{"rendered":"<p><strong>A salsa<\/strong> (Petroselinum crispum) \u00e9 uma das ervas mais populares na cozinha, conhecida pela sua frescura e pela sua capacidade de real\u00e7ar o sabor de uma grande variedade de pratos. Com as suas folhas verdes brilhantes e um sabor ligeiramente picante, a salsa \u00e9 ideal para saladas, molhos, sopas, guisados ou como guarni\u00e7\u00e3o de v\u00e1rios pratos. Para al\u00e9m do seu valor culin\u00e1rio, a salsa \u00e9 uma planta resistente e f\u00e1cil de cultivar, adequada tanto para <strong>o jardim<\/strong> como para <strong>a<\/strong> <strong>horta<\/strong>.  <\/p>\n<p><strong>Folhas frescas e arom\u00e1ticas:<\/strong> A salsa oferece folhas verdes vibrantes, com um aroma fresco e picante que real\u00e7a o sabor de todos os tipos de pratos.<\/p>\n<p><strong>Sabor suave e refrescante:<\/strong> O seu sabor ligeiramente picante e refrescante \u00e9 ideal para saladas, molhos, sopas ou como acompanhamento de pratos principais.<\/p>\n<p><strong>Rica em nutrientes:<\/strong> Fonte de vitaminas A, C, K e antioxidantes, a salsa n\u00e3o s\u00f3 real\u00e7a o sabor das tuas prepara\u00e7\u00f5es, como tamb\u00e9m \u00e9 um aliado nutritivo para a tua dieta.<\/p>\n<p><strong>F\u00e1cil de cultivar:<\/strong> Adapta-se bem a diferentes tipos de solo e climas, sendo uma planta resistente e f\u00e1cil de cultivar em qualquer <strong>jardim<\/strong> ou <strong>pomar<\/strong>.<\/p>\n<p><strong>Cultivo org\u00e2nico:<\/strong> As nossas sementes s\u00e3o <strong>100% org\u00e2nicas<\/strong>, livres de pesticidas e fertilizantes qu\u00edmicos, promovendo uma <strong>horta<\/strong> e um <strong>pomar<\/strong> sustent\u00e1veis e amigos do ambiente.<\/p>\n<p>Desfruta do sabor fresco e da versatilidade da <strong>Salsa Org\u00e2nica<\/strong> diretamente do teu <strong>jardim<\/strong>, e d\u00e1 um toque saud\u00e1vel e delicioso aos teus pratos. Encomenda hoje e come\u00e7a a desfrutar desta erva indispens\u00e1vel na tua cozinha! <\/p>\n","protected":false},"featured_media":15922,"comment_status":"open","ping_status":"closed","template":"","meta":{"_acf_changed":false},"product_brand":[],"product_cat":[737,427],"product_tag":[1578],"class_list":{"0":"post-19566","1":"product","2":"type-product","3":"status-publish","4":"has-post-thumbnail","6":"product_cat-sementes-aromaticas-biologicas","7":"product_cat-sementes-organicas-2","8":"product_tag-eco","10":"first","11":"instock","12":"taxable","13":"shipping-taxable","14":"purchasable","15":"product-type-simple"},"acf":[],"_links":{"self":[{"href":"https:\/\/cultivers.es\/pt-pt\/wp-json\/wp\/v2\/product\/19566","targetHints":{"allow":["GET"]}}],"collection":[{"href":"https:\/\/cultivers.es\/pt-pt\/wp-json\/wp\/v2\/product"}],"about":[{"href":"https:\/\/cultivers.es\/pt-pt\/wp-json\/wp\/v2\/types\/product"}],"replies":[{"embeddable":true,"href":"https:\/\/cultivers.es\/pt-pt\/wp-json\/wp\/v2\/comments?post=19566"}],"wp:featuredmedia":[{"embeddable":true,"href":"https:\/\/cultivers.es\/pt-pt\/wp-json\/wp\/v2\/media\/15922"}],"wp:attachment":[{"href":"https:\/\/cultivers.es\/pt-pt\/wp-json\/wp\/v2\/media?parent=19566"}],"wp:term":[{"taxonomy":"product_brand","embeddable":true,"href":"https:\/\/cultivers.es\/pt-pt\/wp-json\/wp\/v2\/product_brand?post=19566"},{"taxonomy":"product_cat","embeddable":true,"href":"https:\/\/cultivers.es\/pt-pt\/wp-json\/wp\/v2\/product_cat?post=19566"},{"taxonomy":"product_tag","embeddable":true,"href":"https:\/\/cultivers.es\/pt-pt\/wp-json\/wp\/v2\/product_tag?post=19566"}],"curies":[{"name":"wp","href":"https:\/\/api.w.org\/{rel}","templated":true}]}}