{"id":19604,"date":"2022-10-07T07:08:06","date_gmt":"2022-10-07T07:08:06","guid":{"rendered":"https:\/\/cultivers.es\/abonos\/brocolos-rasmus-sementes-biologicas\/"},"modified":"2022-10-07T07:08:06","modified_gmt":"2022-10-07T07:08:06","slug":"brotos-de-brocolos-organicos-rasmus-ecologicos","status":"publish","type":"product","link":"https:\/\/cultivers.es\/pt-pt\/fertilizantes\/brotos-de-brocolos-organicos-rasmus-ecologicos\/","title":{"rendered":"Br\u00f3colos Rasmus Sementes Biol\u00f3gicas"},"content":{"rendered":"","protected":false},"excerpt":{"rendered":"<p>Esta variedade de br\u00f3colos \u00e9 muito vigorosa, formando plantas com folhas verde-acinzentadas. Os seus granulados s\u00e3o compactos e de grandes dimens\u00f5es. O seu ciclo de cultivo \u00e9 de 150 dias. Ap\u00f3s a colheita da casca central, novos rebentos laterais crescem e produzem mais br\u00f3colos numa segunda colheita. Esta variedade prefere ser cultivada em solos f\u00e9rteis com boa drenagem para evitar problemas de ra\u00edzes e garantir um desenvolvimento correto.<\/p>\n","protected":false},"featured_media":15657,"comment_status":"open","ping_status":"closed","template":"","meta":{"_acf_changed":false},"product_brand":[],"product_cat":[428,427],"product_tag":[1578],"class_list":{"0":"post-19604","1":"product","2":"type-product","3":"status-publish","4":"has-post-thumbnail","6":"product_cat-sementes-de-brassicas-biologicas","7":"product_cat-sementes-organicas-2","8":"product_tag-eco","10":"first","11":"instock","12":"sale","13":"taxable","14":"shipping-taxable","15":"purchasable","16":"product-type-variable"},"acf":[],"_links":{"self":[{"href":"https:\/\/cultivers.es\/pt-pt\/wp-json\/wp\/v2\/product\/19604","targetHints":{"allow":["GET"]}}],"collection":[{"href":"https:\/\/cultivers.es\/pt-pt\/wp-json\/wp\/v2\/product"}],"about":[{"href":"https:\/\/cultivers.es\/pt-pt\/wp-json\/wp\/v2\/types\/product"}],"replies":[{"embeddable":true,"href":"https:\/\/cultivers.es\/pt-pt\/wp-json\/wp\/v2\/comments?post=19604"}],"wp:featuredmedia":[{"embeddable":true,"href":"https:\/\/cultivers.es\/pt-pt\/wp-json\/wp\/v2\/media\/15657"}],"wp:attachment":[{"href":"https:\/\/cultivers.es\/pt-pt\/wp-json\/wp\/v2\/media?parent=19604"}],"wp:term":[{"taxonomy":"product_brand","embeddable":true,"href":"https:\/\/cultivers.es\/pt-pt\/wp-json\/wp\/v2\/product_brand?post=19604"},{"taxonomy":"product_cat","embeddable":true,"href":"https:\/\/cultivers.es\/pt-pt\/wp-json\/wp\/v2\/product_cat?post=19604"},{"taxonomy":"product_tag","embeddable":true,"href":"https:\/\/cultivers.es\/pt-pt\/wp-json\/wp\/v2\/product_tag?post=19604"}],"curies":[{"name":"wp","href":"https:\/\/api.w.org\/{rel}","templated":true}]}}