{"id":19606,"date":"2022-10-07T07:08:06","date_gmt":"2022-10-07T07:08:06","guid":{"rendered":"https:\/\/cultivers.es\/abonos\/sementes-de-germinacao-de-brocolos-roxos-precoces-organicos\/"},"modified":"2025-09-22T04:45:03","modified_gmt":"2025-09-22T04:45:03","slug":"sementes-brocolos-roxos-precoces-roxos-sprouting-ecologicas","status":"publish","type":"product","link":"https:\/\/cultivers.es\/pt-pt\/fertilizantes\/sementes-brocolos-roxos-precoces-roxos-sprouting-ecologicas\/","title":{"rendered":"Sementes de br\u00f3colos Early Purple Early Purple Sprouting Biodynamic Demeter"},"content":{"rendered":"","protected":false},"excerpt":{"rendered":"<p>D\u00e1 um toque de cor e nutri\u00e7\u00e3o ao teu jardim com as nossas <strong>sementes de br\u00f3colos org\u00e2nicos de germina\u00e7\u00e3o precoce roxa<\/strong>. Esta variedade \u00fanica \u00e9 caracterizada por rebentos roxos vibrantes que n\u00e3o s\u00e3o apenas visualmente impressionantes, mas tamb\u00e9m deliciosos e altamente nutritivos. Ideal para as colheitas de inverno e do in\u00edcio da primavera, estes br\u00f3colos s\u00e3o perfeitos para saladas, salteados, guisados ou como acompanhamento saud\u00e1vel.  <\/p>\n<ul>\n<li><strong>Cor p\u00farpura:<\/strong> Os br\u00f3colos Early Purple Sprouting produzem rebentos tenros e de cor p\u00farpura profunda, que d\u00e3o um toque decorativo aos teus pratos. A sua cor \u00fanica tamb\u00e9m indica o seu elevado teor de antioxidantes. <\/li>\n<li><strong>Sabor suave e delicado:<\/strong> Esta variedade tem um sabor doce e suave, perfeito para saladas frescas, pratos cozinhados a vapor, guisados ou salteados. \u00c9 uma escolha vers\u00e1til que todos v\u00e3o adorar. <\/li>\n<li><strong>Resist\u00eancia ao frio:<\/strong> Os br\u00f3colos Early Purple Sprouting s\u00e3o uma planta resistente que se desenvolve em climas frios, o que a torna uma escolha ideal para colheitas no inverno e no in\u00edcio da primavera.<\/li>\n<li><strong>Rico em Antioxidantes e Nutrientes:<\/strong> A sua cor p\u00farpura vibrante \u00e9 indicativa do seu conte\u00fado em antocianinas, potentes antioxidantes que ajudam a combater o stress oxidativo. \u00c9 tamb\u00e9m uma excelente fonte de vitaminas A, C e K, fibras e minerais essenciais. <\/li>\n<li><strong>F\u00e1cil de cultivar:<\/strong> Ideal para principiantes e jardineiros experientes, esta variedade adapta-se bem a diferentes tipos de solo e climas. \u00c9 uma planta resistente que garante uma colheita abundante. <\/li>\n<li><strong>Cultivo Org\u00e2nico:<\/strong> As nossas sementes s\u00e3o 100% org\u00e2nicas, o que garante um cultivo livre de pesticidas e fertilizantes qu\u00edmicos, promovendo uma horta sustent\u00e1vel e saud\u00e1vel.<\/li>\n<\/ul>\n<p>D\u00e1 cor, sabor e sa\u00fade ao teu jardim com <strong>as sementes de br\u00f3colos org\u00e2nicos de germina\u00e7\u00e3o precoce roxa<\/strong>. Perfeitos para os meses mais frios e repletos de benef\u00edcios nutricionais, estes br\u00f3colos ser\u00e3o uma adi\u00e7\u00e3o deliciosa e sustent\u00e1vel ao teu jardim - encomenda hoje e desfruta de uma colheita vibrante e saud\u00e1vel!  <\/p>\n","protected":false},"featured_media":45421,"comment_status":"open","ping_status":"closed","template":"","meta":{"_acf_changed":false},"product_brand":[],"product_cat":[428,1269,427],"product_tag":[1270],"class_list":{"0":"post-19606","1":"product","2":"type-product","3":"status-publish","4":"has-post-thumbnail","6":"product_cat-sementes-de-brassicas-biologicas","7":"product_cat-sementes-de-demeter","8":"product_cat-sementes-organicas-2","9":"product_tag-demeter-pt-pt","11":"first","12":"instock","13":"sale","14":"taxable","15":"shipping-taxable","16":"purchasable","17":"product-type-simple"},"acf":[],"_links":{"self":[{"href":"https:\/\/cultivers.es\/pt-pt\/wp-json\/wp\/v2\/product\/19606","targetHints":{"allow":["GET"]}}],"collection":[{"href":"https:\/\/cultivers.es\/pt-pt\/wp-json\/wp\/v2\/product"}],"about":[{"href":"https:\/\/cultivers.es\/pt-pt\/wp-json\/wp\/v2\/types\/product"}],"replies":[{"embeddable":true,"href":"https:\/\/cultivers.es\/pt-pt\/wp-json\/wp\/v2\/comments?post=19606"}],"wp:featuredmedia":[{"embeddable":true,"href":"https:\/\/cultivers.es\/pt-pt\/wp-json\/wp\/v2\/media\/45421"}],"wp:attachment":[{"href":"https:\/\/cultivers.es\/pt-pt\/wp-json\/wp\/v2\/media?parent=19606"}],"wp:term":[{"taxonomy":"product_brand","embeddable":true,"href":"https:\/\/cultivers.es\/pt-pt\/wp-json\/wp\/v2\/product_brand?post=19606"},{"taxonomy":"product_cat","embeddable":true,"href":"https:\/\/cultivers.es\/pt-pt\/wp-json\/wp\/v2\/product_cat?post=19606"},{"taxonomy":"product_tag","embeddable":true,"href":"https:\/\/cultivers.es\/pt-pt\/wp-json\/wp\/v2\/product_tag?post=19606"}],"curies":[{"name":"wp","href":"https:\/\/api.w.org\/{rel}","templated":true}]}}