{"id":19609,"date":"2022-10-07T07:08:06","date_gmt":"2022-10-07T07:08:06","guid":{"rendered":"https:\/\/cultivers.es\/abonos\/sementes-de-couve-flor-organica-snowball\/"},"modified":"2025-09-22T05:20:18","modified_gmt":"2025-09-22T05:20:18","slug":"couve-flor-bola-de-neve-semente-ecologica","status":"publish","type":"product","link":"https:\/\/cultivers.es\/pt-pt\/fertilizantes\/couve-flor-bola-de-neve-semente-ecologica\/","title":{"rendered":"Sementes de couve-flor Snowball"},"content":{"rendered":"","protected":false},"excerpt":{"rendered":"<p>Cultiva uma variedade cl\u00e1ssica e deliciosa com as nossas <strong>sementes org\u00e2nicas de couve-flor Snowball<\/strong>. Esta couve-flor distingue-se pelas suas cabe\u00e7as compactas, brancas como a neve e pela sua textura suave. Perfeita para uma grande variedade de receitas, desde cremes e sopas a pratos assados ou cozidos a vapor, a couve-flor Snowball \u00e9 uma escolha vers\u00e1til e nutritiva para quem procura alimentos frescos e org\u00e2nicos na sua dieta di\u00e1ria.  <\/p>\n<ul>\n<li><strong>Cabe\u00e7as brancas e compactas:<\/strong> A couve-flor Snowball produz cabe\u00e7as densas, uniformes e de cor branca pura, que n\u00e3o s\u00f3 s\u00e3o visualmente atraentes, como tamb\u00e9m s\u00e3o ideais para todos os tipos de prepara\u00e7\u00f5es culin\u00e1rias.<\/li>\n<li><strong>Sabor suave e delicado:<\/strong> Esta variedade \u00e9 conhecida pelo seu sabor suave e cremoso, o que a torna perfeita para sopas, pur\u00e9s, guisados ou simplesmente cozida a vapor como acompanhamento.<\/li>\n<li><strong>Rica em nutrientes:<\/strong> A couve-flor \u00e9 uma excelente fonte de vitamina C, antioxidantes e fibras, o que a torna uma escolha saud\u00e1vel para manter uma dieta equilibrada.<\/li>\n<li>Resistente <strong>e produtiva:<\/strong> A couve-flor Snowball \u00e9 uma planta resistente que se adapta bem a diferentes tipos de clima e solo. \u00c9 ideal tanto para principiantes como para jardineiros experientes. <\/li>\n<li><strong>F\u00e1cil de cultivar:<\/strong> Esta variedade cresce r\u00e1pida e eficientemente, garantindo uma colheita abundante num per\u00edodo de tempo relativamente curto.<\/li>\n<li><strong>Cultivo org\u00e2nico:<\/strong> As nossas sementes s\u00e3o 100% org\u00e2nicas, garantindo uma colheita livre de pesticidas e produtos qu\u00edmicos, promovendo um jardim sustent\u00e1vel e amigo do ambiente.<\/li>\n<\/ul>\n<p>Enche o teu jardim de pureza e sabor com as <strong>sementes de couve-flor Organic Snowball<\/strong>. Cultiva um vegetal vers\u00e1til, nutritivo e f\u00e1cil de cuidar que enriquecer\u00e1 os teus pratos e a tua sa\u00fade - encomenda hoje e desfruta da frescura desta couve-flor cl\u00e1ssica diretamente da tua horta!  <\/p>\n","protected":false},"featured_media":15687,"comment_status":"open","ping_status":"closed","template":"","meta":{"_acf_changed":false},"product_brand":[],"product_cat":[1310,428,427],"product_tag":[1578],"woo-feed-brand":[],"class_list":{"0":"post-19609","1":"product","2":"type-product","3":"status-publish","4":"has-post-thumbnail","6":"product_cat-recomendar-sementes","7":"product_cat-sementes-de-brassicas-biologicas","8":"product_cat-sementes-organicas-2","9":"product_tag-eco","11":"first","12":"instock","13":"taxable","14":"shipping-taxable","15":"purchasable","16":"product-type-simple"},"acf":[],"_links":{"self":[{"href":"https:\/\/cultivers.es\/pt-pt\/wp-json\/wp\/v2\/product\/19609","targetHints":{"allow":["GET"]}}],"collection":[{"href":"https:\/\/cultivers.es\/pt-pt\/wp-json\/wp\/v2\/product"}],"about":[{"href":"https:\/\/cultivers.es\/pt-pt\/wp-json\/wp\/v2\/types\/product"}],"replies":[{"embeddable":true,"href":"https:\/\/cultivers.es\/pt-pt\/wp-json\/wp\/v2\/comments?post=19609"}],"wp:featuredmedia":[{"embeddable":true,"href":"https:\/\/cultivers.es\/pt-pt\/wp-json\/wp\/v2\/media\/15687"}],"wp:attachment":[{"href":"https:\/\/cultivers.es\/pt-pt\/wp-json\/wp\/v2\/media?parent=19609"}],"wp:term":[{"taxonomy":"product_brand","embeddable":true,"href":"https:\/\/cultivers.es\/pt-pt\/wp-json\/wp\/v2\/product_brand?post=19609"},{"taxonomy":"product_cat","embeddable":true,"href":"https:\/\/cultivers.es\/pt-pt\/wp-json\/wp\/v2\/product_cat?post=19609"},{"taxonomy":"product_tag","embeddable":true,"href":"https:\/\/cultivers.es\/pt-pt\/wp-json\/wp\/v2\/product_tag?post=19609"},{"taxonomy":"woo-feed-brand","embeddable":true,"href":"https:\/\/cultivers.es\/pt-pt\/wp-json\/wp\/v2\/woo-feed-brand?post=19609"}],"curies":[{"name":"wp","href":"https:\/\/api.w.org\/{rel}","templated":true}]}}