{"id":19613,"date":"2022-10-07T07:08:06","date_gmt":"2022-10-07T07:08:06","guid":{"rendered":"https:\/\/cultivers.es\/abonos\/couves-de-bruxelas-biologicas-groninger-seeds\/"},"modified":"2025-09-22T05:20:15","modified_gmt":"2025-09-22T05:20:15","slug":"sementes-biologicas-groninger-brussels-groninger-ecologicas","status":"publish","type":"product","link":"https:\/\/cultivers.es\/pt-pt\/fertilizantes\/sementes-biologicas-groninger-brussels-groninger-ecologicas\/","title":{"rendered":"Sementes de couve-de-bruxelas Groninger"},"content":{"rendered":"","protected":false},"excerpt":{"rendered":"<p>Enche o teu jardim de tradi\u00e7\u00e3o e sabor com as nossas <strong>Couves-de-Bruxelas Groninger Biol\u00f3gicas<\/strong>. Esta variedade \u00e9 conhecida por produzir couves pequenas, compactas e de um verde vibrante, com um sabor suave e doce, ideal para uma grande variedade de receitas. Perfeitas para as colheitas de outono e inverno, as couves-de-bruxelas Groninger s\u00e3o uma fonte excecional de vitaminas e minerais, al\u00e9m de serem resistentes ao frio e f\u00e1ceis de cultivar.  <\/p>\n<ul>\n<li>Couves <strong>compactas e uniformes:<\/strong> As couves-de-bruxelas Groninger produzem couves pequenas, arredondadas e bem formadas, perfeitas para cozer a vapor, saltear, assar ou adicionar a guisados.<\/li>\n<li><strong>Sabor suave e doce:<\/strong> Esta variedade distingue-se pelo seu sabor leve e doce, com uma textura tenra que se mant\u00e9m mesmo depois de cozinhada. \u00c9 ideal para quem procura uma forma deliciosa de adicionar mais vegetais \u00e0 sua dieta. <\/li>\n<li><strong>Resistente ao frio:<\/strong> Concebida para se desenvolver em climas frios, esta couve \u00e9 uma excelente escolha para as colheitas de outono e inverno, garantindo produtos frescos mesmo com o tempo mais frio.<\/li>\n<li><strong>Rico em nutrientes:<\/strong> As couves-de-bruxelas s\u00e3o uma fonte excecional de vitaminas C e K, fibras e antioxidantes, o que as torna uma escolha saud\u00e1vel e nutritiva para a tua mesa.<\/li>\n<li><strong>F\u00e1cil de cultivar:<\/strong> Esta variedade \u00e9 robusta e de baixa manuten\u00e7\u00e3o, ideal para principiantes e jardineiros experientes. Adapta-se bem a diferentes tipos de solo e climas. <\/li>\n<li><strong>Cultivo org\u00e2nico:<\/strong> As nossas sementes s\u00e3o 100% org\u00e2nicas, livres de pesticidas e fertilizantes qu\u00edmicos, garantindo um jardim sustent\u00e1vel e amigo do ambiente.<\/li>\n<\/ul>\n<p>D\u00e1 sabor, tradi\u00e7\u00e3o e nutri\u00e7\u00e3o \u00e0 tua horta com <strong>as couves-de-bruxelas biol\u00f3gicas da Groninger<\/strong>. F\u00e1ceis de cultivar, saud\u00e1veis e perfeitas para os meses mais frios, estas couves ser\u00e3o um \u00f3timo complemento para a tua mesa - encomenda hoje e come\u00e7a a desfrutar da frescura da tua pr\u00f3pria colheita biol\u00f3gica!  <\/p>\n","protected":false},"featured_media":15667,"comment_status":"open","ping_status":"closed","template":"","meta":{"_acf_changed":false},"product_brand":[],"product_cat":[428,427],"product_tag":[1578],"class_list":{"0":"post-19613","1":"product","2":"type-product","3":"status-publish","4":"has-post-thumbnail","6":"product_cat-sementes-de-brassicas-biologicas","7":"product_cat-sementes-organicas-2","8":"product_tag-eco","10":"first","11":"outofstock","12":"sale","13":"taxable","14":"shipping-taxable","15":"purchasable","16":"product-type-simple"},"acf":[],"_links":{"self":[{"href":"https:\/\/cultivers.es\/pt-pt\/wp-json\/wp\/v2\/product\/19613","targetHints":{"allow":["GET"]}}],"collection":[{"href":"https:\/\/cultivers.es\/pt-pt\/wp-json\/wp\/v2\/product"}],"about":[{"href":"https:\/\/cultivers.es\/pt-pt\/wp-json\/wp\/v2\/types\/product"}],"replies":[{"embeddable":true,"href":"https:\/\/cultivers.es\/pt-pt\/wp-json\/wp\/v2\/comments?post=19613"}],"wp:featuredmedia":[{"embeddable":true,"href":"https:\/\/cultivers.es\/pt-pt\/wp-json\/wp\/v2\/media\/15667"}],"wp:attachment":[{"href":"https:\/\/cultivers.es\/pt-pt\/wp-json\/wp\/v2\/media?parent=19613"}],"wp:term":[{"taxonomy":"product_brand","embeddable":true,"href":"https:\/\/cultivers.es\/pt-pt\/wp-json\/wp\/v2\/product_brand?post=19613"},{"taxonomy":"product_cat","embeddable":true,"href":"https:\/\/cultivers.es\/pt-pt\/wp-json\/wp\/v2\/product_cat?post=19613"},{"taxonomy":"product_tag","embeddable":true,"href":"https:\/\/cultivers.es\/pt-pt\/wp-json\/wp\/v2\/product_tag?post=19613"}],"curies":[{"name":"wp","href":"https:\/\/api.w.org\/{rel}","templated":true}]}}