{"id":19655,"date":"2022-10-07T07:08:06","date_gmt":"2022-10-07T07:08:06","guid":{"rendered":"https:\/\/cultivers.es\/abonos\/sementes-de-couve-rabano-organico-sweet-mary\/"},"modified":"2025-09-22T05:20:38","modified_gmt":"2025-09-22T05:20:38","slug":"couve-rabano-doce-mary-ecologico-sementes-ecologicas","status":"publish","type":"product","link":"https:\/\/cultivers.es\/pt-pt\/fertilizantes\/couve-rabano-doce-mary-ecologico-sementes-ecologicas\/","title":{"rendered":"Sementes Nabicol Sweet Mary"},"content":{"rendered":"","protected":false},"excerpt":{"rendered":"<p>Descobre uma variedade excecional com as nossas <strong>sementes org\u00e2nicas de nabo Sweet Mary<\/strong>. Este nabo \u00e9 conhecido pelo seu sabor doce e suave, perfeito para enriquecer guisados, sopas e salteados. A sua simplicidade de cultivo e a sua grande resist\u00eancia fazem dele uma escolha ideal para qualquer horta, enquanto o seu valor nutritivo faz dele um elemento essencial de uma alimenta\u00e7\u00e3o equilibrada. Al\u00e9m disso, como todas as nossas sementes biol\u00f3gicas, a Nabicol Dulce Mar\u00eda n\u00e3o cont\u00e9m produtos qu\u00edmicos, o que favorece um cultivo sustent\u00e1vel e saud\u00e1vel.   <\/p>\n<ul>\n<li><strong>Sabor doce e suave:<\/strong> Nabicol Dulce Maria tem um sabor delicado e ligeiramente doce, tornando-o perfeito para uma variedade de receitas, desde pratos tradicionais a op\u00e7\u00f5es mais modernas.<\/li>\n<li><strong>Ra\u00edzes e folhas vers\u00e1teis:<\/strong> Esta variedade \u00e9 apreciada tanto pelas suas ra\u00edzes tenras e saborosas como pelas suas folhas verdes, ideais para serem utilizadas como legumes frescos em guisados e salteados.<\/li>\n<li><strong>Resistente e f\u00e1cil de cultivar:<\/strong> A Nabicol Dulce Maria \u00e9 uma planta resistente que tolera baixas temperaturas, o que a torna uma excelente escolha para as culturas de outono e inverno.<\/li>\n<li><strong>Rico em nutrientes:<\/strong> Este nabicol \u00e9 uma importante fonte de fibra, vitamina C e minerais essenciais como o c\u00e1lcio e o ferro, oferecendo in\u00fameros benef\u00edcios para a sa\u00fade.<\/li>\n<li><strong>Cultivo org\u00e2nico:<\/strong> As nossas sementes s\u00e3o 100% org\u00e2nicas, o que garante que crescem sem pesticidas e fertilizantes qu\u00edmicos, respeitando a sa\u00fade do solo e do ambiente.<\/li>\n<\/ul>\n<p>Enche o teu jardim de tradi\u00e7\u00e3o e do\u00e7ura com as <strong>sementes de Nabicol Sweet Mary org\u00e2nico<\/strong>. F\u00e1ceis de cultivar e deliciosas, estas plantas ser\u00e3o um \u00f3timo complemento para as tuas planta\u00e7\u00f5es, trazendo-te frescura e sa\u00fade diretamente da tua horta. Encomenda hoje e come\u00e7a a desfrutar deste cl\u00e1ssico vegetal nos teus pratos!  <\/p>\n","protected":false},"featured_media":15692,"comment_status":"open","ping_status":"closed","template":"","meta":{"_acf_changed":false},"product_brand":[],"product_cat":[428,427],"product_tag":[1578],"class_list":{"0":"post-19655","1":"product","2":"type-product","3":"status-publish","4":"has-post-thumbnail","6":"product_cat-sementes-de-brassicas-biologicas","7":"product_cat-sementes-organicas-2","8":"product_tag-eco","10":"first","11":"instock","12":"sale","13":"taxable","14":"shipping-taxable","15":"purchasable","16":"product-type-simple"},"acf":[],"_links":{"self":[{"href":"https:\/\/cultivers.es\/pt-pt\/wp-json\/wp\/v2\/product\/19655","targetHints":{"allow":["GET"]}}],"collection":[{"href":"https:\/\/cultivers.es\/pt-pt\/wp-json\/wp\/v2\/product"}],"about":[{"href":"https:\/\/cultivers.es\/pt-pt\/wp-json\/wp\/v2\/types\/product"}],"replies":[{"embeddable":true,"href":"https:\/\/cultivers.es\/pt-pt\/wp-json\/wp\/v2\/comments?post=19655"}],"wp:featuredmedia":[{"embeddable":true,"href":"https:\/\/cultivers.es\/pt-pt\/wp-json\/wp\/v2\/media\/15692"}],"wp:attachment":[{"href":"https:\/\/cultivers.es\/pt-pt\/wp-json\/wp\/v2\/media?parent=19655"}],"wp:term":[{"taxonomy":"product_brand","embeddable":true,"href":"https:\/\/cultivers.es\/pt-pt\/wp-json\/wp\/v2\/product_brand?post=19655"},{"taxonomy":"product_cat","embeddable":true,"href":"https:\/\/cultivers.es\/pt-pt\/wp-json\/wp\/v2\/product_cat?post=19655"},{"taxonomy":"product_tag","embeddable":true,"href":"https:\/\/cultivers.es\/pt-pt\/wp-json\/wp\/v2\/product_tag?post=19655"}],"curies":[{"name":"wp","href":"https:\/\/api.w.org\/{rel}","templated":true}]}}