{"id":19664,"date":"2022-10-07T07:08:06","date_gmt":"2022-10-07T07:08:06","guid":{"rendered":"https:\/\/cultivers.es\/abonos\/sementes-de-manjericao-canela-organico\/"},"modified":"2025-09-22T05:35:40","modified_gmt":"2025-09-22T05:35:40","slug":"sementes-de-manjericao-canela","status":"publish","type":"product","link":"https:\/\/cultivers.es\/pt-pt\/fertilizantes\/sementes-de-manjericao-canela\/","title":{"rendered":"Sementes de manjeric\u00e3o com canela"},"content":{"rendered":"","protected":false},"excerpt":{"rendered":"<p><strong>O Manjeric\u00e3o Canela<\/strong> \u00e9 uma variedade arom\u00e1tica que combina o cl\u00e1ssico aroma do manjeric\u00e3o com subtis notas de canela, criando uma experi\u00eancia culin\u00e1ria \u00fanica. As suas folhas verdes com tons ligeiramente escuros libertam um perfume ex\u00f3tico e doce, perfeito para saladas, molhos, infus\u00f5es, sobremesas ou como acompanhamento de fruta. Para al\u00e9m do seu grande valor gastron\u00f3mico, esta planta \u00e9 muito apreciada pela sua beleza e pela sua capacidade de atrair polinizadores no <strong>jardim<\/strong>.  <\/p>\n<p><strong>Aroma doce com notas de canela:<\/strong> As suas folhas libertam um aroma intenso, onde a fragr\u00e2ncia do manjeric\u00e3o se combina com as notas quentes da canela, conferindo um sabor distinto \u00e0s tuas prepara\u00e7\u00f5es culin\u00e1rias.<\/p>\n<p><strong>Vers\u00e1til na cozinha:<\/strong> Ideal para dar um toque original a pratos doces e salgados, molhos, \u00f3leos arom\u00e1ticos, vinagretes, gelados e saladas de fruta.<\/p>\n<p><strong>Folhas macias e delicadas:<\/strong> A sua textura tenra e o seu sabor ligeiramente picante conferem profundidade e eleg\u00e2ncia a uma grande variedade de receitas.<\/p>\n<p><strong>Atraente para os polinizadores:<\/strong> As suas pequenas flores brancas atraem abelhas e outros insectos ben\u00e9ficos, contribuindo para a biodiversidade e a sa\u00fade <strong>do jardim<\/strong>.<\/p>\n<p><strong>F\u00e1cil de cultivar:<\/strong> Adapta-se bem a diferentes solos e climas e \u00e9 adequada tanto para principiantes como para jardineiros experientes. Ideal para cultivar em vasos, em varandas ou diretamente no solo. <\/p>\n<p><strong>Cultivo org\u00e2nico:<\/strong> As nossas sementes s\u00e3o <strong>100% org\u00e2nicas<\/strong>, livres de pesticidas e fertilizantes qu\u00edmicos, o que garante um <strong>jardim<\/strong> sustent\u00e1vel e amigo do ambiente.<\/p>\n<p>Desfruta do sabor \u00fanico e do aroma encantador do <strong>Manjeric\u00e3o Canela Biol\u00f3gico<\/strong>, cultivado diretamente no teu <strong>jardim<\/strong>, e descobre novas combina\u00e7\u00f5es culin\u00e1rias cheias de frescura e originalidade.<\/p>\n","protected":false},"featured_media":15837,"comment_status":"open","ping_status":"closed","template":"","meta":{"_acf_changed":false},"product_brand":[],"product_cat":[737,427],"product_tag":[1578],"woo-feed-brand":[],"class_list":{"0":"post-19664","1":"product","2":"type-product","3":"status-publish","4":"has-post-thumbnail","6":"product_cat-sementes-aromaticas-biologicas","7":"product_cat-sementes-organicas-2","8":"product_tag-eco","10":"first","11":"instock","12":"taxable","13":"shipping-taxable","14":"purchasable","15":"product-type-simple"},"acf":[],"_links":{"self":[{"href":"https:\/\/cultivers.es\/pt-pt\/wp-json\/wp\/v2\/product\/19664","targetHints":{"allow":["GET"]}}],"collection":[{"href":"https:\/\/cultivers.es\/pt-pt\/wp-json\/wp\/v2\/product"}],"about":[{"href":"https:\/\/cultivers.es\/pt-pt\/wp-json\/wp\/v2\/types\/product"}],"replies":[{"embeddable":true,"href":"https:\/\/cultivers.es\/pt-pt\/wp-json\/wp\/v2\/comments?post=19664"}],"wp:featuredmedia":[{"embeddable":true,"href":"https:\/\/cultivers.es\/pt-pt\/wp-json\/wp\/v2\/media\/15837"}],"wp:attachment":[{"href":"https:\/\/cultivers.es\/pt-pt\/wp-json\/wp\/v2\/media?parent=19664"}],"wp:term":[{"taxonomy":"product_brand","embeddable":true,"href":"https:\/\/cultivers.es\/pt-pt\/wp-json\/wp\/v2\/product_brand?post=19664"},{"taxonomy":"product_cat","embeddable":true,"href":"https:\/\/cultivers.es\/pt-pt\/wp-json\/wp\/v2\/product_cat?post=19664"},{"taxonomy":"product_tag","embeddable":true,"href":"https:\/\/cultivers.es\/pt-pt\/wp-json\/wp\/v2\/product_tag?post=19664"},{"taxonomy":"woo-feed-brand","embeddable":true,"href":"https:\/\/cultivers.es\/pt-pt\/wp-json\/wp\/v2\/woo-feed-brand?post=19664"}],"curies":[{"name":"wp","href":"https:\/\/api.w.org\/{rel}","templated":true}]}}