{"id":19666,"date":"2022-10-07T07:08:06","date_gmt":"2022-10-07T07:08:06","guid":{"rendered":"https:\/\/cultivers.es\/abonos\/sementes-de-salgados-biologicos\/"},"modified":"2025-09-22T05:35:46","modified_gmt":"2025-09-22T05:35:46","slug":"sementes-de-palha-ecologica","status":"publish","type":"product","link":"https:\/\/cultivers.es\/pt-pt\/fertilizantes\/sementes-de-palha-ecologica\/","title":{"rendered":"Sementes salgadas"},"content":{"rendered":"","protected":false},"excerpt":{"rendered":"<p><strong>A segu<\/strong> relha (Satureja hortensis) \u00e9 uma erva arom\u00e1tica apreciada na cozinha mediterr\u00e2nica pelo seu sabor intenso e ligeiramente picante e pelo seu aroma pungente. As suas folhas verde-escuras, de textura delicada, podem ser utilizadas frescas ou secas para dar um toque especial a guisados, molhos, saladas ou marinadas. Para al\u00e9m do seu valor gastron\u00f3mico, a segurelha \u00e9 uma planta que atrai polinizadores e pode facilmente crescer no teu <strong>jardim<\/strong>, dando um toque ornamental e arom\u00e1tico.  <\/p>\n<p><strong>Sabor Intenso e Arom\u00e1tico:<\/strong> As suas folhas proporcionam um sabor picante e herb\u00e1ceo, real\u00e7ando o car\u00e1cter das carnes, sopas, molhos e pratos de legumes.<\/p>\n<p><strong>Erva vers\u00e1til:<\/strong> Ideal tanto para consumo fresco como seco, esta erva integra-se perfeitamente em receitas tradicionais ou contempor\u00e2neas, acrescentando complexidade e aroma.<\/p>\n<p><strong>Atraente para os polinizadores:<\/strong> As suas pequenas flores brancas ou lilases atraem abelhas e borboletas, contribuindo para a biodiversidade e a sa\u00fade <strong>do jardim<\/strong>.<\/p>\n<p><strong>F\u00e1cil de cultivar:<\/strong> A segurelha adapta-se bem a diferentes solos e condi\u00e7\u00f5es e cresce facilmente, o que a torna perfeita para quem quer come\u00e7ar a cultivar ervas arom\u00e1ticas.<\/p>\n<p><strong>Rico em propriedades:<\/strong> Para al\u00e9m do seu valor culin\u00e1rio, a segurelha \u00e9 tradicionalmente utilizada pelas suas propriedades digestivas e antioxidantes.<\/p>\n<p><strong>Cultivo org\u00e2nico:<\/strong> As nossas sementes s\u00e3o <strong>100% org\u00e2nicas<\/strong>, livres de pesticidas e fertilizantes qu\u00edmicos, promovendo um <strong>jardim<\/strong> sustent\u00e1vel e amigo do ambiente.<\/p>\n<p>Desfruta da intensidade arom\u00e1tica e do sabor carater\u00edstico da segurelha <strong>org\u00e2nica<\/strong> diretamente da tua <strong>horta<\/strong> e enriquece os teus pratos com esta erva tradicional, saud\u00e1vel e vers\u00e1til.<\/p>\n","protected":false},"featured_media":15862,"comment_status":"open","ping_status":"closed","template":"","meta":{"_acf_changed":false},"product_brand":[],"product_cat":[737,427],"product_tag":[1578],"class_list":{"0":"post-19666","1":"product","2":"type-product","3":"status-publish","4":"has-post-thumbnail","6":"product_cat-sementes-aromaticas-biologicas","7":"product_cat-sementes-organicas-2","8":"product_tag-eco","10":"first","11":"instock","12":"sale","13":"taxable","14":"shipping-taxable","15":"purchasable","16":"product-type-simple"},"acf":[],"_links":{"self":[{"href":"https:\/\/cultivers.es\/pt-pt\/wp-json\/wp\/v2\/product\/19666","targetHints":{"allow":["GET"]}}],"collection":[{"href":"https:\/\/cultivers.es\/pt-pt\/wp-json\/wp\/v2\/product"}],"about":[{"href":"https:\/\/cultivers.es\/pt-pt\/wp-json\/wp\/v2\/types\/product"}],"replies":[{"embeddable":true,"href":"https:\/\/cultivers.es\/pt-pt\/wp-json\/wp\/v2\/comments?post=19666"}],"wp:featuredmedia":[{"embeddable":true,"href":"https:\/\/cultivers.es\/pt-pt\/wp-json\/wp\/v2\/media\/15862"}],"wp:attachment":[{"href":"https:\/\/cultivers.es\/pt-pt\/wp-json\/wp\/v2\/media?parent=19666"}],"wp:term":[{"taxonomy":"product_brand","embeddable":true,"href":"https:\/\/cultivers.es\/pt-pt\/wp-json\/wp\/v2\/product_brand?post=19666"},{"taxonomy":"product_cat","embeddable":true,"href":"https:\/\/cultivers.es\/pt-pt\/wp-json\/wp\/v2\/product_cat?post=19666"},{"taxonomy":"product_tag","embeddable":true,"href":"https:\/\/cultivers.es\/pt-pt\/wp-json\/wp\/v2\/product_tag?post=19666"}],"curies":[{"name":"wp","href":"https:\/\/api.w.org\/{rel}","templated":true}]}}