{"id":19667,"date":"2022-10-07T07:08:06","date_gmt":"2022-10-07T07:08:06","guid":{"rendered":"https:\/\/cultivers.es\/abonos\/espinafre-matador-sementes-de-espinafre-organico\/"},"modified":"2025-09-22T05:33:26","modified_gmt":"2025-09-22T05:33:26","slug":"espinafres-espinafres-sementes-assassinas-ecologicas","status":"publish","type":"product","link":"https:\/\/cultivers.es\/pt-pt\/fertilizantes\/espinafres-espinafres-sementes-assassinas-ecologicas\/","title":{"rendered":"Sementes de Espinafre Matador Demeter"},"content":{"rendered":"","protected":false},"excerpt":{"rendered":"<p>Adiciona uma fonte de frescura e nutrientes ao teu jardim com as nossas <strong>Sementes de Espinafre Matador Org\u00e2nico Demeter<\/strong>. Esta variedade \u00e9 conhecida pelas suas folhas grandes, robustez e sabor intenso, ideal para uma variedade de prepara\u00e7\u00f5es culin\u00e1rias, desde saladas a sopas e salteados. Com o seu alto teor de vitaminas e minerais, o Espinafre Matador \u00e9 uma excelente escolha para aqueles que procuram um vegetal f\u00e1cil de cultivar e altamente nutritivo.  <\/p>\n<ul>\n<li><strong>Folhas grandes e ricas:<\/strong> O Espinafre Matador produz folhas grandes, tenras e de um verde vibrante com um sabor intenso que se destaca em tudo, desde saladas frescas a guisados.<\/li>\n<li><strong>Rico em nutrientes:<\/strong> Este espinafre \u00e9 uma excelente fonte de vitaminas A, C, K e ferro, bem como de antioxidantes que contribuem para uma alimenta\u00e7\u00e3o saud\u00e1vel, apoiando o sistema imunit\u00e1rio e promovendo uma pele saud\u00e1vel.<\/li>\n<li><strong>Resistente e adapt\u00e1vel:<\/strong> O espinafre Matador \u00e9 resistente ao calor e \u00e0s baixas temperaturas, o que lhe permite ser cultivado durante per\u00edodos mais longos do ano, da primavera ao outono.<\/li>\n<li><strong>F\u00e1cil de cultivar:<\/strong> Gra\u00e7as \u00e0 sua r\u00e1pida germina\u00e7\u00e3o e resist\u00eancia, este espinafre \u00e9 f\u00e1cil de cultivar e adapta-se bem a diferentes tipos de solo e condi\u00e7\u00f5es clim\u00e1ticas, o que o torna ideal para jardineiros principiantes.<\/li>\n<li><strong>Certifica\u00e7\u00e3o Demeter:<\/strong> As nossas sementes s\u00e3o certificadas pela Demeter, o que garante que foram cultivadas de acordo com os princ\u00edpios da agricultura biodin\u00e2mica, respeitando os ciclos naturais e a sa\u00fade do ecossistema.<\/li>\n<li><strong>Cultivo org\u00e2nico:<\/strong> As sementes de espinafre Matador s\u00e3o 100% org\u00e2nicas, livres de pesticidas e fertilizantes qu\u00edmicos, o que garante uma colheita saud\u00e1vel e amiga do ambiente.<\/li>\n<\/ul>\n<p>Desfruta de uma colheita abundante e saud\u00e1vel com as <strong>Sementes de Espinafre Matador Org\u00e2nico Demeter<\/strong>. F\u00e1cil de cultivar e repleta de benef\u00edcios nutricionais, esta variedade permitir-te-\u00e1 desfrutar de espinafres frescos e saborosos durante toda a esta\u00e7\u00e3o - encomenda hoje e come\u00e7a a colher estes deliciosos e nutritivos espinafres diretamente do teu jardim!  <\/p>\n","protected":false},"featured_media":15612,"comment_status":"open","ping_status":"closed","template":"","meta":{"_acf_changed":false},"product_brand":[],"product_cat":[503,427],"product_tag":[1578],"class_list":{"0":"post-19667","1":"product","2":"type-product","3":"status-publish","4":"has-post-thumbnail","6":"product_cat-sementes-de-vegetais-de-folha-organicos","7":"product_cat-sementes-organicas-2","8":"product_tag-eco","10":"first","11":"instock","12":"sale","13":"taxable","14":"shipping-taxable","15":"purchasable","16":"product-type-simple"},"acf":[],"_links":{"self":[{"href":"https:\/\/cultivers.es\/pt-pt\/wp-json\/wp\/v2\/product\/19667","targetHints":{"allow":["GET"]}}],"collection":[{"href":"https:\/\/cultivers.es\/pt-pt\/wp-json\/wp\/v2\/product"}],"about":[{"href":"https:\/\/cultivers.es\/pt-pt\/wp-json\/wp\/v2\/types\/product"}],"replies":[{"embeddable":true,"href":"https:\/\/cultivers.es\/pt-pt\/wp-json\/wp\/v2\/comments?post=19667"}],"wp:featuredmedia":[{"embeddable":true,"href":"https:\/\/cultivers.es\/pt-pt\/wp-json\/wp\/v2\/media\/15612"}],"wp:attachment":[{"href":"https:\/\/cultivers.es\/pt-pt\/wp-json\/wp\/v2\/media?parent=19667"}],"wp:term":[{"taxonomy":"product_brand","embeddable":true,"href":"https:\/\/cultivers.es\/pt-pt\/wp-json\/wp\/v2\/product_brand?post=19667"},{"taxonomy":"product_cat","embeddable":true,"href":"https:\/\/cultivers.es\/pt-pt\/wp-json\/wp\/v2\/product_cat?post=19667"},{"taxonomy":"product_tag","embeddable":true,"href":"https:\/\/cultivers.es\/pt-pt\/wp-json\/wp\/v2\/product_tag?post=19667"}],"curies":[{"name":"wp","href":"https:\/\/api.w.org\/{rel}","templated":true}]}}