{"id":19670,"date":"2022-10-07T07:08:06","date_gmt":"2022-10-07T07:08:06","guid":{"rendered":"https:\/\/cultivers.es\/abonos\/espinafres-butterflay-sementes-de-espinafres-biologicos\/"},"modified":"2025-09-22T05:06:44","modified_gmt":"2025-09-22T05:06:44","slug":"espinafres-espinafres-butterflay-ecologicos","status":"publish","type":"product","link":"https:\/\/cultivers.es\/pt-pt\/fertilizantes\/espinafres-espinafres-butterflay-ecologicos\/","title":{"rendered":"Espinafre Butterflay Sementes de espinafre Biodin\u00e2mico Demeter"},"content":{"rendered":"","protected":false},"excerpt":{"rendered":"<p>Cultiva espinafres de qualidade excecional com as nossas <strong>sementes de espinafres Demeter Organic Butterflay<\/strong>. Esta variedade \u00e9 conhecida pelas suas folhas grandes, de um verde profundo e textura suave, ideal para saladas frescas, salteados e guisados. Perfeito para as colheitas de primavera e outono, Butterflay Spinach combina sabor, nutri\u00e7\u00e3o e facilidade de cultivo. Com a certifica\u00e7\u00e3o Demeter, garantimos-te um cultivo amigo do ambiente, seguindo os princ\u00edpios da agricultura biodin\u00e2mica.   <\/p>\n<ul>\n<li><strong>Folhas grandes e macias:<\/strong> O espinafre Butterflay produz folhas largas e tenras com um sabor suave e delicado que \u00e9 perfeito para consumo fresco e cozinhado.<\/li>\n<li><strong>Rico em nutrientes:<\/strong> Esta variedade \u00e9 uma excelente fonte de vitaminas A, C e K, ferro, magn\u00e9sio e antioxidantes, oferecendo um alimento completo e saud\u00e1vel para qualquer dieta equilibrada.<\/li>\n<li><strong>F\u00e1cil de cultivar:<\/strong> Resistente e de crescimento r\u00e1pido, o espinafre Butterflay adapta-se bem a diferentes tipos de solo e climas, o que o torna ideal para jardineiros novatos e experientes.<\/li>\n<li><strong>Colheitas generosas:<\/strong> Gra\u00e7as ao seu crescimento r\u00e1pido, podes desfrutar de folhas frescas e nutritivas num curto espa\u00e7o de tempo. Al\u00e9m disso, permite-te fazer v\u00e1rias colheitas durante a esta\u00e7\u00e3o. <\/li>\n<li><strong>Certifica\u00e7\u00e3o Demeter:<\/strong> Estas sementes s\u00e3o certificadas pela Demeter, o que garante que foram cultivadas de acordo com os princ\u00edpios da agricultura biodin\u00e2mica, respeitando os ciclos naturais e o equil\u00edbrio do ecossistema.<\/li>\n<li><strong>Cultivo org\u00e2nico:<\/strong> As nossas sementes s\u00e3o 100% org\u00e2nicas, livres de pesticidas e fertilizantes qu\u00edmicos, garantindo um produto saud\u00e1vel e amigo do ambiente.<\/li>\n<\/ul>\n<p>Enche a tua horta com frescura e sabor com as <strong>sementes de espinafre Demeter Organic Butterflay<\/strong>. F\u00e1cil de cultivar e nutritivo, este espinafre ser\u00e1 uma adi\u00e7\u00e3o saud\u00e1vel e deliciosa \u00e0 tua mesa - encomenda hoje e come\u00e7a a desfrutar de colheitas abundantes e sustent\u00e1veis!  <\/p>\n","protected":false},"featured_media":15737,"comment_status":"open","ping_status":"closed","template":"","meta":{"_acf_changed":false},"product_brand":[],"product_cat":[503,427],"product_tag":[1270],"woo-feed-brand":[],"class_list":{"0":"post-19670","1":"product","2":"type-product","3":"status-publish","4":"has-post-thumbnail","6":"product_cat-sementes-de-vegetais-de-folha-organicos","7":"product_cat-sementes-organicas-2","8":"product_tag-demeter-pt-pt","10":"first","11":"instock","12":"sale","13":"taxable","14":"shipping-taxable","15":"purchasable","16":"product-type-simple"},"acf":[],"_links":{"self":[{"href":"https:\/\/cultivers.es\/pt-pt\/wp-json\/wp\/v2\/product\/19670","targetHints":{"allow":["GET"]}}],"collection":[{"href":"https:\/\/cultivers.es\/pt-pt\/wp-json\/wp\/v2\/product"}],"about":[{"href":"https:\/\/cultivers.es\/pt-pt\/wp-json\/wp\/v2\/types\/product"}],"replies":[{"embeddable":true,"href":"https:\/\/cultivers.es\/pt-pt\/wp-json\/wp\/v2\/comments?post=19670"}],"wp:featuredmedia":[{"embeddable":true,"href":"https:\/\/cultivers.es\/pt-pt\/wp-json\/wp\/v2\/media\/15737"}],"wp:attachment":[{"href":"https:\/\/cultivers.es\/pt-pt\/wp-json\/wp\/v2\/media?parent=19670"}],"wp:term":[{"taxonomy":"product_brand","embeddable":true,"href":"https:\/\/cultivers.es\/pt-pt\/wp-json\/wp\/v2\/product_brand?post=19670"},{"taxonomy":"product_cat","embeddable":true,"href":"https:\/\/cultivers.es\/pt-pt\/wp-json\/wp\/v2\/product_cat?post=19670"},{"taxonomy":"product_tag","embeddable":true,"href":"https:\/\/cultivers.es\/pt-pt\/wp-json\/wp\/v2\/product_tag?post=19670"},{"taxonomy":"woo-feed-brand","embeddable":true,"href":"https:\/\/cultivers.es\/pt-pt\/wp-json\/wp\/v2\/woo-feed-brand?post=19670"}],"curies":[{"name":"wp","href":"https:\/\/api.w.org\/{rel}","templated":true}]}}