{"id":19683,"date":"2022-10-07T07:08:06","date_gmt":"2022-10-07T07:08:06","guid":{"rendered":"https:\/\/cultivers.es\/abonos\/sementes-de-acelga-multicoloridas-organicas\/"},"modified":"2025-09-22T05:20:39","modified_gmt":"2025-09-22T05:20:39","slug":"sementes-de-algas-multicoloridas-ecologicas","status":"publish","type":"product","link":"https:\/\/cultivers.es\/pt-pt\/fertilizantes\/sementes-de-algas-multicoloridas-ecologicas\/","title":{"rendered":"Sementes de acelga multicoloridas"},"content":{"rendered":"","protected":false},"excerpt":{"rendered":"<p>Traz um arco-\u00edris de cor e nutri\u00e7\u00e3o ao teu jardim com as nossas <strong>sementes de acelga org\u00e2nica Multicolor<\/strong>. Esta variedade distingue-se pelos seus caules de cores vibrantes - amarelo, laranja, vermelho, rosa e branco - que v\u00e3o alegrar qualquer canto do teu jardim e os teus pratos. Com folhas tenras e um sabor suave, a acelga multicolorida \u00e9 uma escolha vers\u00e1til e deliciosa para guisados, salteados, sopas ou saladas frescas.  <\/p>\n<ul>\n<li><strong>Caules de cores vibrantes:<\/strong> Esta acelga produz caules de v\u00e1rias cores vivas que n\u00e3o s\u00f3 decoram a tua horta, como tamb\u00e9m d\u00e3o um toque atraente e saud\u00e1vel aos teus pratos.<\/li>\n<li><strong>Folhas macias e tenras:<\/strong> As folhas verdes grandes e de textura tenra s\u00e3o ideais para cozinhar, bem como para consumo fresco em saladas ou batidos verdes.<\/li>\n<li><strong>Rica em nutrientes:<\/strong> A acelga multicolorida \u00e9 uma excelente fonte de fibras, vitaminas A, C e K, al\u00e9m de minerais como ferro, magn\u00e9sio e c\u00e1lcio, o que a torna um alimento essencial para uma dieta equilibrada.<\/li>\n<li><strong>F\u00e1cil de cultivar:<\/strong> Esta variedade \u00e9 resistente e de baixa manuten\u00e7\u00e3o, adaptando-se bem a diferentes climas e solos. \u00c9 perfeita tanto para principiantes como para jardineiros experientes. <\/li>\n<li><strong>Colheita cont\u00ednua:<\/strong> A acelga permite que as folhas e os caules sejam colhidos regularmente, o que garante uma produ\u00e7\u00e3o constante durante v\u00e1rios meses.<\/li>\n<li><strong>Cultivo org\u00e2nico:<\/strong> As nossas sementes s\u00e3o 100% org\u00e2nicas, livres de pesticidas e produtos qu\u00edmicos, garantindo um cultivo saud\u00e1vel e amigo do ambiente.<\/li>\n<\/ul>\n<p>Enche o teu jardim de cor, frescura e sabor com as <strong>Sementes de Acelga Multicoloridas Biol\u00f3gicas<\/strong>. Cultiva este vegetal vers\u00e1til e nutritivo de forma sustent\u00e1vel e desfruta de colheitas saud\u00e1veis e vibrantes - encomenda hoje e d\u00e1 um toque de cor \u00e0 tua mesa!  <\/p>\n","protected":false},"featured_media":15642,"comment_status":"open","ping_status":"closed","template":"","meta":{"_acf_changed":false},"product_brand":[],"product_cat":[503,427],"product_tag":[1578],"class_list":{"0":"post-19683","1":"product","2":"type-product","3":"status-publish","4":"has-post-thumbnail","6":"product_cat-sementes-de-vegetais-de-folha-organicos","7":"product_cat-sementes-organicas-2","8":"product_tag-eco","10":"first","11":"instock","12":"sale","13":"taxable","14":"shipping-taxable","15":"purchasable","16":"product-type-simple"},"acf":[],"_links":{"self":[{"href":"https:\/\/cultivers.es\/pt-pt\/wp-json\/wp\/v2\/product\/19683","targetHints":{"allow":["GET"]}}],"collection":[{"href":"https:\/\/cultivers.es\/pt-pt\/wp-json\/wp\/v2\/product"}],"about":[{"href":"https:\/\/cultivers.es\/pt-pt\/wp-json\/wp\/v2\/types\/product"}],"replies":[{"embeddable":true,"href":"https:\/\/cultivers.es\/pt-pt\/wp-json\/wp\/v2\/comments?post=19683"}],"wp:featuredmedia":[{"embeddable":true,"href":"https:\/\/cultivers.es\/pt-pt\/wp-json\/wp\/v2\/media\/15642"}],"wp:attachment":[{"href":"https:\/\/cultivers.es\/pt-pt\/wp-json\/wp\/v2\/media?parent=19683"}],"wp:term":[{"taxonomy":"product_brand","embeddable":true,"href":"https:\/\/cultivers.es\/pt-pt\/wp-json\/wp\/v2\/product_brand?post=19683"},{"taxonomy":"product_cat","embeddable":true,"href":"https:\/\/cultivers.es\/pt-pt\/wp-json\/wp\/v2\/product_cat?post=19683"},{"taxonomy":"product_tag","embeddable":true,"href":"https:\/\/cultivers.es\/pt-pt\/wp-json\/wp\/v2\/product_tag?post=19683"}],"curies":[{"name":"wp","href":"https:\/\/api.w.org\/{rel}","templated":true}]}}