{"id":19699,"date":"2022-10-07T07:08:06","date_gmt":"2022-10-07T07:08:06","guid":{"rendered":"https:\/\/cultivers.es\/abonos\/sementes-de-alface-vermelha-organica-para-salada\/"},"modified":"2025-09-22T05:07:26","modified_gmt":"2025-09-22T05:07:26","slug":"alface-semente-vermelha-salada-bowl-ecologica","status":"publish","type":"product","link":"https:\/\/cultivers.es\/pt-pt\/fertilizantes\/alface-semente-vermelha-salada-bowl-ecologica\/","title":{"rendered":"Sementes de alface Demeter Biodin\u00e2mica Red Salad Bowl"},"content":{"rendered":"","protected":false},"excerpt":{"rendered":"<p>Cultiva uma das alfaces mais coloridas e nutritivas com as nossas sementes de alface Demeter Organic Red Salad Bowl. Esta variedade \u00e9 conhecida pelas suas atractivas folhas vermelho-escuras com um sabor suave e textura tenra. Perfeita para saladas frescas e decorativas, a Red Salad Bowl Lettuce \u00e9 a escolha ideal para quem procura adicionar cor e sa\u00fade aos seus pratos, tudo de uma forma ecol\u00f3gica e amiga do ambiente.  <\/p>\n<ul>\n<li><strong>Folhas vermelhas suaves:<\/strong> A alface Red Salad Bowl produz folhas vermelhas profundas que n\u00e3o s\u00e3o apenas bonitas, mas tamb\u00e9m deliciosas e tenras. O seu sabor suave torna-a perfeita para saladas frescas ou como acompanhamento de todos os tipos de pratos. <\/li>\n<li>Resistente <strong>e de colheita prolongada:<\/strong> Esta variedade \u00e9 resistente ao calor e n\u00e3o se transforma em bolbo rapidamente, o que permite uma colheita prolongada. Al\u00e9m disso, pode ser colhida folha a folha, o que garante uma produ\u00e7\u00e3o cont\u00ednua. <\/li>\n<li><strong>Certifica\u00e7\u00e3o Demeter:<\/strong> Cultivada segundo as normas rigorosas da agricultura biodin\u00e2mica, esta alface \u00e9 certificada Demeter, o que garante um profundo respeito pelo equil\u00edbrio natural e pela sa\u00fade do solo.<\/li>\n<li><strong>F\u00e1cil de cultivar:<\/strong> A alface vermelha Salad Bowl \u00e9 uma planta resistente e f\u00e1cil de cultivar que se adapta bem a uma grande variedade de solos e condi\u00e7\u00f5es clim\u00e1ticas. Ideal tanto para principiantes como para jardineiros experientes. <\/li>\n<li><strong>Cultivo Org\u00e2nico:<\/strong> As nossas sementes s\u00e3o 100% org\u00e2nicas e certificadas pela Demeter, o que garante que a tua alface cresce sem pesticidas e qu\u00edmicos, promovendo um cultivo saud\u00e1vel e amigo do ambiente.<\/li>\n<\/ul>\n<p>Desfruta da cor e do sabor fresco da alface Red Salad Bowl na tua horta biol\u00f3gica. Com as nossas sementes org\u00e2nicas Demeter, podes cultivar alface nutritiva, bonita e sustent\u00e1vel - encomenda hoje e come\u00e7a a colher a frescura diretamente do teu jardim!  <\/p>\n","protected":false},"featured_media":15707,"comment_status":"open","ping_status":"closed","template":"","meta":{"_acf_changed":false},"product_brand":[],"product_cat":[1269,503,427],"product_tag":[1270],"class_list":{"0":"post-19699","1":"product","2":"type-product","3":"status-publish","4":"has-post-thumbnail","6":"product_cat-sementes-de-demeter","7":"product_cat-sementes-de-vegetais-de-folha-organicos","8":"product_cat-sementes-organicas-2","9":"product_tag-demeter-pt-pt","11":"first","12":"instock","13":"sale","14":"taxable","15":"shipping-taxable","16":"purchasable","17":"product-type-simple"},"acf":[],"_links":{"self":[{"href":"https:\/\/cultivers.es\/pt-pt\/wp-json\/wp\/v2\/product\/19699","targetHints":{"allow":["GET"]}}],"collection":[{"href":"https:\/\/cultivers.es\/pt-pt\/wp-json\/wp\/v2\/product"}],"about":[{"href":"https:\/\/cultivers.es\/pt-pt\/wp-json\/wp\/v2\/types\/product"}],"replies":[{"embeddable":true,"href":"https:\/\/cultivers.es\/pt-pt\/wp-json\/wp\/v2\/comments?post=19699"}],"wp:featuredmedia":[{"embeddable":true,"href":"https:\/\/cultivers.es\/pt-pt\/wp-json\/wp\/v2\/media\/15707"}],"wp:attachment":[{"href":"https:\/\/cultivers.es\/pt-pt\/wp-json\/wp\/v2\/media?parent=19699"}],"wp:term":[{"taxonomy":"product_brand","embeddable":true,"href":"https:\/\/cultivers.es\/pt-pt\/wp-json\/wp\/v2\/product_brand?post=19699"},{"taxonomy":"product_cat","embeddable":true,"href":"https:\/\/cultivers.es\/pt-pt\/wp-json\/wp\/v2\/product_cat?post=19699"},{"taxonomy":"product_tag","embeddable":true,"href":"https:\/\/cultivers.es\/pt-pt\/wp-json\/wp\/v2\/product_tag?post=19699"}],"curies":[{"name":"wp","href":"https:\/\/api.w.org\/{rel}","templated":true}]}}