{"id":19705,"date":"2022-10-07T07:08:06","date_gmt":"2022-10-07T07:08:06","guid":{"rendered":"https:\/\/cultivers.es\/abonos\/sementes-de-manjericao-genoves\/"},"modified":"2026-02-06T16:09:23","modified_gmt":"2026-02-06T16:09:23","slug":"sementes-de-manjericao-genovesa","status":"publish","type":"product","link":"https:\/\/cultivers.es\/pt-pt\/fertilizantes\/sementes-de-manjericao-genovesa\/","title":{"rendered":"Sementes de Manjeric\u00e3o Genov\u00eas Org\u00e2nico Biodin\u00e2mico Demeter"},"content":{"rendered":"","protected":false},"excerpt":{"rendered":"<p>Desfruta do sabor aut\u00eantico da cozinha italiana com as nossas Sementes de Manjeric\u00e3o Genov\u00eas Org\u00e2nico Demeter. Esta variedade \u00e9 conhecida pelas suas folhas largas e arom\u00e1ticas, perfeitas para fazer o cl\u00e1ssico pesto genov\u00eas, bem como para dar um toque fresco e perfumado a saladas, molhos e guisados. O Manjeric\u00e3o Genov\u00eas \u00e9 f\u00e1cil de cultivar e, com a certifica\u00e7\u00e3o Demeter, garantimos que o seu cultivo respeita os princ\u00edpios da agricultura biodin\u00e2mica, promovendo um jardim saud\u00e1vel e sustent\u00e1vel.  <\/p>\n<ul>\n<li><strong>Aroma e sabor inigual\u00e1veis:<\/strong> O manjeric\u00e3o genov\u00eas \u00e9 famoso pelo seu aroma intenso a manjeric\u00e3o fresco e pelo seu sabor suave mas distinto, tornando-o um ingrediente indispens\u00e1vel em pratos italianos como o pesto, as saladas caprese ou as pizzas.<\/li>\n<li><strong>Folhas grandes e tenras:<\/strong> Esta variedade de manjeric\u00e3o produz folhas grandes, macias e tenras, ideais para cozinhar e tamb\u00e9m para consumo fresco em saladas ou guarni\u00e7\u00f5es.<\/li>\n<li><strong>F\u00e1cil de cultivar:<\/strong> O manjeric\u00e3o genov\u00eas \u00e9 uma planta anual que se adapta bem a uma grande variedade de climas e solos. Pode ser cultivado em jardins, jardins urbanos ou contentores, o que o torna perfeito para qualquer espa\u00e7o. <\/li>\n<li><strong>Benef\u00edcios para a sa\u00fade:<\/strong> Para al\u00e9m do seu sabor delicioso, o manjeric\u00e3o \u00e9 rico em antioxidantes, vitaminas A, K e C, e tem propriedades anti-inflamat\u00f3rias, o que o torna uma adi\u00e7\u00e3o saud\u00e1vel \u00e0 tua dieta.<\/li>\n<li><strong>Certifica\u00e7\u00e3o Demeter:<\/strong> Com a certifica\u00e7\u00e3o Demeter, estas sementes s\u00e3o cultivadas segundo os princ\u00edpios da agricultura biodin\u00e2mica, respeitando o equil\u00edbrio natural do ecossistema e promovendo a sa\u00fade do solo.<\/li>\n<li><strong>Cultivo org\u00e2nico:<\/strong> As nossas sementes s\u00e3o 100% org\u00e2nicas e livres de pesticidas e qu\u00edmicos, o que garante uma colheita saud\u00e1vel e amiga do ambiente.<\/li>\n<\/ul>\n<p>Traz o sabor aut\u00eantico da cozinha italiana para a tua mesa com as nossas Sementes de Manjeric\u00e3o Genov\u00eas Org\u00e2nico Demeter. F\u00e1cil de cultivar e repleto de benef\u00edcios, este manjeric\u00e3o transformar\u00e1 os teus pratos com o seu sabor fresco e aroma inigual\u00e1vel - encomenda hoje e come\u00e7a a desfrutar do aut\u00eantico sabor de It\u00e1lia diretamente do teu jardim!  <\/p>\n","protected":false},"featured_media":15867,"comment_status":"open","ping_status":"closed","template":"","meta":{"_acf_changed":false},"product_brand":[],"product_cat":[737,1269,427],"product_tag":[1270],"class_list":{"0":"post-19705","1":"product","2":"type-product","3":"status-publish","4":"has-post-thumbnail","6":"product_cat-sementes-aromaticas-biologicas","7":"product_cat-sementes-de-demeter","8":"product_cat-sementes-organicas-2","9":"product_tag-demeter-pt-pt","11":"first","12":"instock","13":"taxable","14":"shipping-taxable","15":"purchasable","16":"product-type-simple"},"acf":[],"_links":{"self":[{"href":"https:\/\/cultivers.es\/pt-pt\/wp-json\/wp\/v2\/product\/19705","targetHints":{"allow":["GET"]}}],"collection":[{"href":"https:\/\/cultivers.es\/pt-pt\/wp-json\/wp\/v2\/product"}],"about":[{"href":"https:\/\/cultivers.es\/pt-pt\/wp-json\/wp\/v2\/types\/product"}],"replies":[{"embeddable":true,"href":"https:\/\/cultivers.es\/pt-pt\/wp-json\/wp\/v2\/comments?post=19705"}],"wp:featuredmedia":[{"embeddable":true,"href":"https:\/\/cultivers.es\/pt-pt\/wp-json\/wp\/v2\/media\/15867"}],"wp:attachment":[{"href":"https:\/\/cultivers.es\/pt-pt\/wp-json\/wp\/v2\/media?parent=19705"}],"wp:term":[{"taxonomy":"product_brand","embeddable":true,"href":"https:\/\/cultivers.es\/pt-pt\/wp-json\/wp\/v2\/product_brand?post=19705"},{"taxonomy":"product_cat","embeddable":true,"href":"https:\/\/cultivers.es\/pt-pt\/wp-json\/wp\/v2\/product_cat?post=19705"},{"taxonomy":"product_tag","embeddable":true,"href":"https:\/\/cultivers.es\/pt-pt\/wp-json\/wp\/v2\/product_tag?post=19705"}],"curies":[{"name":"wp","href":"https:\/\/api.w.org\/{rel}","templated":true}]}}