{"id":19710,"date":"2022-10-07T07:08:06","date_gmt":"2022-10-07T07:08:06","guid":{"rendered":"https:\/\/cultivers.es\/abonos\/rouge-metis-sementes-de-legumes-asiaticos-organicos\/"},"modified":"2025-09-22T05:07:26","modified_gmt":"2025-09-22T05:07:26","slug":"asiatic-rouge-rouge-metis-ecological-vegetable-seeds","status":"publish","type":"product","link":"https:\/\/cultivers.es\/pt-pt\/fertilizantes\/asiatic-rouge-rouge-metis-ecological-vegetable-seeds\/","title":{"rendered":"Sementes de legumes asi\u00e1ticos Rouge Metis"},"content":{"rendered":"","protected":false},"excerpt":{"rendered":"<p>Leva a frescura e a cor vibrante da <strong>hortali\u00e7a asi\u00e1tica Rouge Metis<\/strong> para o teu jardim com as nossas <strong>sementes org\u00e2nicas<\/strong>. Esta variedade \u00e9 conhecida pelas suas intrigantes folhas avermelhadas e pelo seu sabor suave com um toque ligeiramente picante. Perfeita para saladas, salteados e acompanhamentos, a Rouge Metis traz um estilo \u00fanico aos teus pratos e uma nutri\u00e7\u00e3o excecional \u00e0 tua dieta. F\u00e1cil de cultivar e de crescimento r\u00e1pido, \u00e9 ideal para jardineiros de todos os n\u00edveis.   <\/p>\n<ul>\n<li><strong>Folhas vermelhas atraentes:<\/strong> Rouge Metis produz folhas profundamente avermelhadas que n\u00e3o s\u00f3 embelezam o teu jardim, como tamb\u00e9m d\u00e3o um toque decorativo e elegante aos teus pratos.<\/li>\n<li><strong>Sabor suave e ligeiramente picante:<\/strong> O seu perfil de sabor combina frescura com um toque de especiarias, ideal para saladas frescas, salteados asi\u00e1ticos, sopas e pratos modernos.<\/li>\n<li><strong>Crescimento r\u00e1pido:<\/strong> Este vegetal asi\u00e1tico cresce rapidamente, permitindo-te desfrutar de folhas tenras em apenas algumas semanas. \u00c9 ideal para colheitas cont\u00ednuas e para quem procura resultados r\u00e1pidos. <\/li>\n<li><strong>Rico em nutrientes:<\/strong> O Rouge Metis \u00e9 rico em antioxidantes, vitaminas A, C e K, bem como em minerais essenciais como o ferro e o c\u00e1lcio, o que faz dele um legume nutritivo e saud\u00e1vel.<\/li>\n<li><strong>F\u00e1cil de cultivar:<\/strong> Esta variedade \u00e9 resistente e adapta-se a diferentes tipos de solo e climas. Pode ser cultivada tanto em jardins exteriores como em vasos, o que a torna ideal para espa\u00e7os pequenos. <\/li>\n<li><strong>Cultivo org\u00e2nico:<\/strong> As nossas sementes s\u00e3o 100% org\u00e2nicas, livres de pesticidas e qu\u00edmicos, garantindo um cultivo sustent\u00e1vel e amigo do ambiente.<\/li>\n<\/ul>\n<p>Enche o teu jardim de cor, sabor e frescura com as <strong>sementes de legumes asi\u00e1ticos org\u00e2nicos Rouge Metis<\/strong>. Cultiva este vegetal \u00fanico e desfruta de uma colheita r\u00e1pida, nutritiva e deliciosa - encomenda hoje e transforma os teus pratos com esta requintada variedade asi\u00e1tica!  <\/p>\n","protected":false},"featured_media":15637,"comment_status":"open","ping_status":"closed","template":"","meta":{"_acf_changed":false},"product_brand":[],"product_cat":[503,427],"product_tag":[1578],"woo-feed-brand":[],"class_list":{"0":"post-19710","1":"product","2":"type-product","3":"status-publish","4":"has-post-thumbnail","6":"product_cat-sementes-de-vegetais-de-folha-organicos","7":"product_cat-sementes-organicas-2","8":"product_tag-eco","10":"first","11":"instock","12":"sale","13":"taxable","14":"shipping-taxable","15":"purchasable","16":"product-type-simple"},"acf":[],"_links":{"self":[{"href":"https:\/\/cultivers.es\/pt-pt\/wp-json\/wp\/v2\/product\/19710","targetHints":{"allow":["GET"]}}],"collection":[{"href":"https:\/\/cultivers.es\/pt-pt\/wp-json\/wp\/v2\/product"}],"about":[{"href":"https:\/\/cultivers.es\/pt-pt\/wp-json\/wp\/v2\/types\/product"}],"replies":[{"embeddable":true,"href":"https:\/\/cultivers.es\/pt-pt\/wp-json\/wp\/v2\/comments?post=19710"}],"wp:featuredmedia":[{"embeddable":true,"href":"https:\/\/cultivers.es\/pt-pt\/wp-json\/wp\/v2\/media\/15637"}],"wp:attachment":[{"href":"https:\/\/cultivers.es\/pt-pt\/wp-json\/wp\/v2\/media?parent=19710"}],"wp:term":[{"taxonomy":"product_brand","embeddable":true,"href":"https:\/\/cultivers.es\/pt-pt\/wp-json\/wp\/v2\/product_brand?post=19710"},{"taxonomy":"product_cat","embeddable":true,"href":"https:\/\/cultivers.es\/pt-pt\/wp-json\/wp\/v2\/product_cat?post=19710"},{"taxonomy":"product_tag","embeddable":true,"href":"https:\/\/cultivers.es\/pt-pt\/wp-json\/wp\/v2\/product_tag?post=19710"},{"taxonomy":"woo-feed-brand","embeddable":true,"href":"https:\/\/cultivers.es\/pt-pt\/wp-json\/wp\/v2\/woo-feed-brand?post=19710"}],"curies":[{"name":"wp","href":"https:\/\/api.w.org\/{rel}","templated":true}]}}