{"id":19716,"date":"2022-10-07T07:08:06","date_gmt":"2022-10-07T07:08:06","guid":{"rendered":"https:\/\/cultivers.es\/abonos\/sementes-de-manjericao-limao-organico\/"},"modified":"2025-09-22T05:36:26","modified_gmt":"2025-09-22T05:36:26","slug":"sementes-ecologicas-de-manjericao-limao","status":"publish","type":"product","link":"https:\/\/cultivers.es\/pt-pt\/fertilizantes\/sementes-ecologicas-de-manjericao-limao\/","title":{"rendered":"Sementes Biodin\u00e2micas de Manjeric\u00e3o Lim\u00e3o Demeter"},"content":{"rendered":"","protected":false},"excerpt":{"rendered":"<p><strong>Lemon Basil<\/strong> \u00e9 uma variedade arom\u00e1tica que combina o aroma carater\u00edstico do manjeric\u00e3o com notas refrescantes de citrinos de lim\u00e3o. As suas folhas verdes brilhantes libertam um perfume delicado que se harmoniza perfeitamente com saladas, peixes, molhos, marinadas e sobremesas, proporcionando uma nuance \u00fanica e surpreendente. Esta planta, para al\u00e9m de ser apreciada na cozinha, embeleza o <strong>jardim<\/strong> com as suas folhas macias e aroma agrad\u00e1vel, atraindo polinizadores e contribuindo para a biodiversidade.  <\/p>\n<p><strong>Aroma e sabor \u00fanicos:<\/strong> combina a do\u00e7ura e a frescura do manjeric\u00e3o com o toque \u00e1cido do lim\u00e3o, criando um perfil arom\u00e1tico excecional.<\/p>\n<p><strong>Vers\u00e1til na cozinha:<\/strong> Ideal para saladas, molhos, \u00f3leos arom\u00e1ticos, infus\u00f5es, pratos de peixe e sobremesas, proporcionando uma nuance c\u00edtrica e refrescante.<\/p>\n<p><strong>Folhas lisas e brilhantes:<\/strong> As suas folhas verde-escuras e a sua textura delicada s\u00e3o perfeitas para serem consumidas frescas, conservando todo o seu aroma e sabor.<\/p>\n<p><strong>Atraente para os polinizadores:<\/strong> As suas pequenas flores brancas atraem abelhas e outros insectos ben\u00e9ficos, promovendo a biodiversidade no <strong>jardim<\/strong>.<\/p>\n<p><strong>F\u00e1cil de cultivar:<\/strong> adapta-se bem a diferentes tipos de solo e climas, sendo adequada tanto para principiantes como para jardineiros experientes, e perfeita para vasos, varandas ou diretamente no solo.<\/p>\n<p><strong>Cultivo biol\u00f3gico Demeter:<\/strong> Estas sementes, certificadas segundo os princ\u00edpios da agricultura biodin\u00e2mica, garantem um cultivo sustent\u00e1vel e ecol\u00f3gico da mais alta qualidade.<\/p>\n<p>Desfruta do aroma \u00fanico e da eleg\u00e2ncia do manjeric\u00e3o <strong>Demeter Organic Lemon Bas<\/strong> il no teu <strong>jardim<\/strong>, criando combina\u00e7\u00f5es culin\u00e1rias cheias de frescura e sofistica\u00e7\u00e3o.<\/p>\n","protected":false},"featured_media":15847,"comment_status":"open","ping_status":"closed","template":"","meta":{"_acf_changed":false},"product_brand":[],"product_cat":[737,1269,427],"product_tag":[1270],"class_list":{"0":"post-19716","1":"product","2":"type-product","3":"status-publish","4":"has-post-thumbnail","6":"product_cat-sementes-aromaticas-biologicas","7":"product_cat-sementes-de-demeter","8":"product_cat-sementes-organicas-2","9":"product_tag-demeter-pt-pt","11":"first","12":"instock","13":"taxable","14":"shipping-taxable","15":"purchasable","16":"product-type-simple"},"acf":[],"_links":{"self":[{"href":"https:\/\/cultivers.es\/pt-pt\/wp-json\/wp\/v2\/product\/19716","targetHints":{"allow":["GET"]}}],"collection":[{"href":"https:\/\/cultivers.es\/pt-pt\/wp-json\/wp\/v2\/product"}],"about":[{"href":"https:\/\/cultivers.es\/pt-pt\/wp-json\/wp\/v2\/types\/product"}],"replies":[{"embeddable":true,"href":"https:\/\/cultivers.es\/pt-pt\/wp-json\/wp\/v2\/comments?post=19716"}],"wp:featuredmedia":[{"embeddable":true,"href":"https:\/\/cultivers.es\/pt-pt\/wp-json\/wp\/v2\/media\/15847"}],"wp:attachment":[{"href":"https:\/\/cultivers.es\/pt-pt\/wp-json\/wp\/v2\/media?parent=19716"}],"wp:term":[{"taxonomy":"product_brand","embeddable":true,"href":"https:\/\/cultivers.es\/pt-pt\/wp-json\/wp\/v2\/product_brand?post=19716"},{"taxonomy":"product_cat","embeddable":true,"href":"https:\/\/cultivers.es\/pt-pt\/wp-json\/wp\/v2\/product_cat?post=19716"},{"taxonomy":"product_tag","embeddable":true,"href":"https:\/\/cultivers.es\/pt-pt\/wp-json\/wp\/v2\/product_tag?post=19716"}],"curies":[{"name":"wp","href":"https:\/\/api.w.org\/{rel}","templated":true}]}}