{"id":19720,"date":"2022-10-07T07:08:06","date_gmt":"2022-10-07T07:08:06","guid":{"rendered":"https:\/\/cultivers.es\/abonos\/sementes-de-alface-para-salada-organica\/"},"modified":"2025-09-22T04:40:52","modified_gmt":"2025-09-22T04:40:52","slug":"saladeira-ecologica-semente-de-alface","status":"publish","type":"product","link":"https:\/\/cultivers.es\/pt-pt\/fertilizantes\/saladeira-ecologica-semente-de-alface\/","title":{"rendered":"Sementes de alface Demeter Biodin\u00e2mica Salad Bowl"},"content":{"rendered":"","protected":false},"excerpt":{"rendered":"<p>Desfruta de folhas frescas e estaladi\u00e7as com as nossas <strong>sementes de alface org\u00e2nicas Salad Bowl<\/strong>. Esta variedade \u00e9 conhecida pelas suas folhas verdes brilhantes e encaracoladas, ideais para saladas ligeiras, sandu\u00edches ou como guarni\u00e7\u00e3o. O seu sabor suave e a sua textura tenra fazem dela a favorita de qualquer amante da cozinha saud\u00e1vel. Al\u00e9m disso, a sua facilidade de cultivo e resist\u00eancia tornam-na perfeita para jardineiros de todos os n\u00edveis.   <\/p>\n<ul>\n<li><strong>Folhas verdes encaracoladas:<\/strong> A alface para salada distingue-se pelas suas folhas encaracoladas e tenras, que s\u00e3o f\u00e1ceis de colher e perfeitas para colheitas cont\u00ednuas ao longo da esta\u00e7\u00e3o.<\/li>\n<li><strong>Sabor suave e leve:<\/strong> O seu sabor fresco e delicado combina perfeitamente com uma grande variedade de ingredientes, tornando-o ideal para saladas, wraps e guarni\u00e7\u00f5es.<\/li>\n<li><strong>Colheita prolongada:<\/strong> Esta variedade permite que as folhas individuais sejam colhidas \u00e0 medida que crescem, garantindo uma colheita constante e prolongada.<\/li>\n<li><strong>Rico em nutrientes:<\/strong> \u00c9 uma excelente fonte de vitaminas A, C e K, antioxidantes e fibras, o que o torna um alimento essencial para uma dieta equilibrada.<\/li>\n<li><strong>F\u00e1cil de cultivar:<\/strong> A sua robustez e o seu crescimento r\u00e1pido tornam-na perfeita tanto para principiantes como para jardineiros experientes. Adapta-se bem a diferentes tipos de solo e pode ser cultivada em hortas ou vasos. <\/li>\n<li><strong>Cultivo org\u00e2nico:<\/strong> As nossas sementes s\u00e3o 100% org\u00e2nicas, livres de pesticidas e fertilizantes qu\u00edmicos, promovendo uma colheita amiga do ambiente e saud\u00e1vel para ti e para a tua fam\u00edlia.<\/li>\n<\/ul>\n<p>Enche o teu jardim com frescura e sabor com as <strong>sementes de alface Organic Salad Bowl<\/strong>. F\u00e1ceis de cultivar, nutritivas e deliciosas, s\u00e3o ideais para colheitas cont\u00ednuas durante toda a esta\u00e7\u00e3o - encomenda hoje e come\u00e7a a desfrutar desta alface cl\u00e1ssica na tua mesa!  <\/p>\n","protected":false},"featured_media":15717,"comment_status":"open","ping_status":"closed","template":"","meta":{"_acf_changed":false},"product_brand":[],"product_cat":[1269,503,427],"product_tag":[1270],"class_list":{"0":"post-19720","1":"product","2":"type-product","3":"status-publish","4":"has-post-thumbnail","6":"product_cat-sementes-de-demeter","7":"product_cat-sementes-de-vegetais-de-folha-organicos","8":"product_cat-sementes-organicas-2","9":"product_tag-demeter-pt-pt","11":"first","12":"instock","13":"taxable","14":"shipping-taxable","15":"purchasable","16":"product-type-variable"},"acf":[],"_links":{"self":[{"href":"https:\/\/cultivers.es\/pt-pt\/wp-json\/wp\/v2\/product\/19720","targetHints":{"allow":["GET"]}}],"collection":[{"href":"https:\/\/cultivers.es\/pt-pt\/wp-json\/wp\/v2\/product"}],"about":[{"href":"https:\/\/cultivers.es\/pt-pt\/wp-json\/wp\/v2\/types\/product"}],"replies":[{"embeddable":true,"href":"https:\/\/cultivers.es\/pt-pt\/wp-json\/wp\/v2\/comments?post=19720"}],"wp:featuredmedia":[{"embeddable":true,"href":"https:\/\/cultivers.es\/pt-pt\/wp-json\/wp\/v2\/media\/15717"}],"wp:attachment":[{"href":"https:\/\/cultivers.es\/pt-pt\/wp-json\/wp\/v2\/media?parent=19720"}],"wp:term":[{"taxonomy":"product_brand","embeddable":true,"href":"https:\/\/cultivers.es\/pt-pt\/wp-json\/wp\/v2\/product_brand?post=19720"},{"taxonomy":"product_cat","embeddable":true,"href":"https:\/\/cultivers.es\/pt-pt\/wp-json\/wp\/v2\/product_cat?post=19720"},{"taxonomy":"product_tag","embeddable":true,"href":"https:\/\/cultivers.es\/pt-pt\/wp-json\/wp\/v2\/product_tag?post=19720"}],"curies":[{"name":"wp","href":"https:\/\/api.w.org\/{rel}","templated":true}]}}