{"id":19739,"date":"2022-10-07T07:08:06","date_gmt":"2022-10-07T07:08:06","guid":{"rendered":"https:\/\/cultivers.es\/abonos\/sementes-de-rabanete-preto-organico-de-inverno\/"},"modified":"2026-02-06T16:09:24","modified_gmt":"2026-02-06T16:09:24","slug":"radish-black-black-banana-seds-ecological-ecological","status":"publish","type":"product","link":"https:\/\/cultivers.es\/pt-pt\/fertilizantes\/radish-black-black-banana-seds-ecological-ecological\/","title":{"rendered":"Sementes de inverno de rabanete preto"},"content":{"rendered":"","protected":false},"excerpt":{"rendered":"<p>Cultiva uma variedade \u00fanica e resistente com as nossas <strong>sementes org\u00e2nicas de rabanete preto de inverno<\/strong>. Este rabanete distingue-se pela sua pele preta profunda e polpa branca e estaladi\u00e7a. Com um sabor intenso e ligeiramente apimentado, \u00e9 perfeito para saladas, pickles ou como ingrediente em guisados e sopas. Ideal para o cultivo em climas frios, o rabanete preto de inverno oferece colheitas abundantes durante os meses mais frios do ano, tornando-o uma escolha indispens\u00e1vel para uma horta produtiva.   <\/p>\n<ul>\n<li><strong>Pele preta e polpa branca:<\/strong> Este rabanete apresenta um contraste \u00fanico com a sua pele escura e o seu interior branco brilhante, oferecendo um aspeto marcante e um sabor inconfund\u00edvel.<\/li>\n<li><strong>Sabor intenso e picante:<\/strong> O seu perfil de sabor forte e ligeiramente picante torna-o um ingrediente vers\u00e1til para saladas, sopas, guisados ou pickles.<\/li>\n<li><strong>Resistente ao frio:<\/strong> Concebido para prosperar em condi\u00e7\u00f5es de inverno, o rabanete preto de inverno \u00e9 ideal para colheitas tardias em climas mais frios.<\/li>\n<li><strong>Crescimento r\u00e1pido:<\/strong> Embora resistente, esta variedade cresce rapidamente, permitindo-te desfrutar de colheitas cont\u00ednuas durante toda a esta\u00e7\u00e3o.<\/li>\n<li><strong>Rico em nutrientes:<\/strong> Este rabanete \u00e9 uma excelente fonte de vitamina C, antioxidantes e fibras, contribuindo para uma alimenta\u00e7\u00e3o equilibrada e fortalecendo o sistema imunit\u00e1rio.<\/li>\n<li><strong>F\u00e1cil de cultivar:<\/strong> Resistente e adapt\u00e1vel, d\u00e1-se bem em diferentes tipos de solo, o que a torna uma excelente escolha tanto para principiantes como para jardineiros experientes.<\/li>\n<li><strong>Cultivo org\u00e2nico:<\/strong> As nossas sementes s\u00e3o 100% org\u00e2nicas, livres de pesticidas e fertilizantes qu\u00edmicos, garantindo um cultivo sustent\u00e1vel e amigo do ambiente.<\/li>\n<\/ul>\n<p>D\u00e1 sabor, frescura e robustez ao teu jardim com <strong>as sementes de rabanete de inverno Organic Black Radish<\/strong>. Perfeitas para os meses mais frios e f\u00e1ceis de cultivar, estas ra\u00edzes crocantes e saud\u00e1veis ser\u00e3o um must-have na tua cozinha - encomenda hoje e desfruta de uma colheita cheia de car\u00e1cter e nutri\u00e7\u00e3o!  <\/p>\n","protected":false},"featured_media":15457,"comment_status":"open","ping_status":"closed","template":"","meta":{"_acf_changed":false},"product_brand":[],"product_cat":[1310,439,427],"product_tag":[1578],"woo-feed-brand":[],"class_list":{"0":"post-19739","1":"product","2":"type-product","3":"status-publish","4":"has-post-thumbnail","6":"product_cat-recomendar-sementes","7":"product_cat-sementes-de-raizes-organicas","8":"product_cat-sementes-organicas-2","9":"product_tag-eco","11":"first","12":"instock","13":"taxable","14":"shipping-taxable","15":"purchasable","16":"product-type-simple"},"acf":[],"_links":{"self":[{"href":"https:\/\/cultivers.es\/pt-pt\/wp-json\/wp\/v2\/product\/19739","targetHints":{"allow":["GET"]}}],"collection":[{"href":"https:\/\/cultivers.es\/pt-pt\/wp-json\/wp\/v2\/product"}],"about":[{"href":"https:\/\/cultivers.es\/pt-pt\/wp-json\/wp\/v2\/types\/product"}],"replies":[{"embeddable":true,"href":"https:\/\/cultivers.es\/pt-pt\/wp-json\/wp\/v2\/comments?post=19739"}],"wp:featuredmedia":[{"embeddable":true,"href":"https:\/\/cultivers.es\/pt-pt\/wp-json\/wp\/v2\/media\/15457"}],"wp:attachment":[{"href":"https:\/\/cultivers.es\/pt-pt\/wp-json\/wp\/v2\/media?parent=19739"}],"wp:term":[{"taxonomy":"product_brand","embeddable":true,"href":"https:\/\/cultivers.es\/pt-pt\/wp-json\/wp\/v2\/product_brand?post=19739"},{"taxonomy":"product_cat","embeddable":true,"href":"https:\/\/cultivers.es\/pt-pt\/wp-json\/wp\/v2\/product_cat?post=19739"},{"taxonomy":"product_tag","embeddable":true,"href":"https:\/\/cultivers.es\/pt-pt\/wp-json\/wp\/v2\/product_tag?post=19739"},{"taxonomy":"woo-feed-brand","embeddable":true,"href":"https:\/\/cultivers.es\/pt-pt\/wp-json\/wp\/v2\/woo-feed-brand?post=19739"}],"curies":[{"name":"wp","href":"https:\/\/api.w.org\/{rel}","templated":true}]}}