{"id":19742,"date":"2022-10-07T07:08:06","date_gmt":"2022-10-07T07:08:06","guid":{"rendered":"https:\/\/cultivers.es\/abonos\/sementes-de-cebola-biologica-cebola-rossa-lunga-di-firenze-biologica\/"},"modified":"2025-09-22T05:09:19","modified_gmt":"2025-09-22T05:09:19","slug":"sementes-de-cebola-rossa-lunga-di-firenze-ecologicas","status":"publish","type":"product","link":"https:\/\/cultivers.es\/pt-pt\/fertilizantes\/sementes-de-cebola-rossa-lunga-di-firenze-ecologicas\/","title":{"rendered":"Sementes de cebola Cebola Rossa lunga di Firenze"},"content":{"rendered":"","protected":false},"excerpt":{"rendered":"<p>Descobre uma variedade de cebola \u00fanica e saborosa com as nossas <strong>sementes de cebola biol\u00f3gica Rossa Lunga di Firenze<\/strong>. Esta variedade tradicional italiana distingue-se pela sua forma alongada e pele vermelho-p\u00farpura, bem como pelo seu sabor doce e delicado. Ideal para saladas, assados, guisados ou como ingrediente principal em pratos gourmet, a cebola Rossa Lunga di Firenze traz n\u00e3o s\u00f3 sabor mas tamb\u00e9m estilo \u00e0 tua cozinha. Cultiva-a facilmente na tua horta biol\u00f3gica e desfruta de uma cebola especial e vers\u00e1til.   <\/p>\n<ul>\n<li><strong>Forma alongada e elegante:<\/strong> A cebola Rossa Lunga di Firenze tem uma forma cil\u00edndrica alongada que a torna \u00fanica e perfeita para decora\u00e7\u00f5es culin\u00e1rias ou apresenta\u00e7\u00f5es especiais.<\/li>\n<li><strong>Sabor doce e delicado:<\/strong> O seu sabor suave e doce torna-a uma excelente escolha para comer crua em saladas ou como ingrediente principal em pratos cozinhados.<\/li>\n<li><strong>Cor vermelha vibrante:<\/strong> A pele vermelho-p\u00farpura n\u00e3o s\u00f3 \u00e9 atraente, como tamb\u00e9m indica um elevado teor de antioxidantes, que s\u00e3o ben\u00e9ficos para a sa\u00fade.<\/li>\n<li><strong>Rica em nutrientes:<\/strong> Esta cebola \u00e9 uma excelente fonte de vitamina C, antioxidantes e compostos bioactivos, que ajudam a fortalecer o sistema imunit\u00e1rio e a melhorar a sa\u00fade em geral.<\/li>\n<li><strong>F\u00e1cil de cultivar:<\/strong> Resistente e adapt\u00e1vel, esta variedade \u00e9 ideal tanto para principiantes como para jardineiros experientes. Adapta-se bem a diferentes tipos de solo e climas. <\/li>\n<li><strong>Cultivo org\u00e2nico:<\/strong> As nossas sementes s\u00e3o 100% org\u00e2nicas, livres de pesticidas e qu\u00edmicos, garantindo uma colheita saud\u00e1vel e amiga do ambiente.<\/li>\n<\/ul>\n<p>D\u00e1 um toque de sabor e tradi\u00e7\u00e3o italianos ao teu jardim com as <strong>sementes de cebola biol\u00f3gica Rossa Lunga di Firenze<\/strong>. F\u00e1ceis de cultivar e deliciosas, estas cebolas ser\u00e3o um must-have na tua cozinha - encomenda hoje e desfruta da frescura e qualidade desta variedade diretamente do teu jardim!  <\/p>\n","protected":false},"featured_media":15477,"comment_status":"open","ping_status":"closed","template":"","meta":{"_acf_changed":false},"product_brand":[],"product_cat":[439,427],"product_tag":[1578],"class_list":{"0":"post-19742","1":"product","2":"type-product","3":"status-publish","4":"has-post-thumbnail","6":"product_cat-sementes-de-raizes-organicas","7":"product_cat-sementes-organicas-2","8":"product_tag-eco","10":"first","11":"instock","12":"sale","13":"taxable","14":"shipping-taxable","15":"purchasable","16":"product-type-simple"},"acf":[],"_links":{"self":[{"href":"https:\/\/cultivers.es\/pt-pt\/wp-json\/wp\/v2\/product\/19742","targetHints":{"allow":["GET"]}}],"collection":[{"href":"https:\/\/cultivers.es\/pt-pt\/wp-json\/wp\/v2\/product"}],"about":[{"href":"https:\/\/cultivers.es\/pt-pt\/wp-json\/wp\/v2\/types\/product"}],"replies":[{"embeddable":true,"href":"https:\/\/cultivers.es\/pt-pt\/wp-json\/wp\/v2\/comments?post=19742"}],"wp:featuredmedia":[{"embeddable":true,"href":"https:\/\/cultivers.es\/pt-pt\/wp-json\/wp\/v2\/media\/15477"}],"wp:attachment":[{"href":"https:\/\/cultivers.es\/pt-pt\/wp-json\/wp\/v2\/media?parent=19742"}],"wp:term":[{"taxonomy":"product_brand","embeddable":true,"href":"https:\/\/cultivers.es\/pt-pt\/wp-json\/wp\/v2\/product_brand?post=19742"},{"taxonomy":"product_cat","embeddable":true,"href":"https:\/\/cultivers.es\/pt-pt\/wp-json\/wp\/v2\/product_cat?post=19742"},{"taxonomy":"product_tag","embeddable":true,"href":"https:\/\/cultivers.es\/pt-pt\/wp-json\/wp\/v2\/product_tag?post=19742"}],"curies":[{"name":"wp","href":"https:\/\/api.w.org\/{rel}","templated":true}]}}