{"id":19762,"date":"2022-10-07T07:08:06","date_gmt":"2022-10-07T07:08:06","guid":{"rendered":"https:\/\/cultivers.es\/abonos\/sementes-de-manjericao-tailandes-organico\/"},"modified":"2025-09-22T05:36:12","modified_gmt":"2025-09-22T05:36:12","slug":"sementes-de-manjericao-tailandes-biologico","status":"publish","type":"product","link":"https:\/\/cultivers.es\/pt-pt\/fertilizantes\/sementes-de-manjericao-tailandes-biologico\/","title":{"rendered":"Sementes de manjeric\u00e3o tailand\u00eas"},"content":{"rendered":"","protected":false},"excerpt":{"rendered":"<p><strong>O manjeric\u00e3o tailand\u00eas<\/strong> \u00e9 uma variedade arom\u00e1tica apreciada na cozinha asi\u00e1tica pelo seu sabor intenso com notas subtis de anis e ligeiramente picante. As suas folhas verdes brilhantes com bordos delicados libertam um aroma carater\u00edstico que confere profundidade e car\u00e1cter aos caris, sopas, molhos e saladas. Para al\u00e9m do seu valor culin\u00e1rio, esta planta arom\u00e1tica embeleza o <strong>jardim<\/strong> com as suas folhas elegantes e flores lilases, atraindo polinizadores ben\u00e9ficos.  <\/p>\n<p><strong>Aroma e sabor ex\u00f3ticos:<\/strong> As suas folhas oferecem um perfil arom\u00e1tico distinto, uma mistura de manjeric\u00e3o, anis e cravinho, que enriquece as receitas tradicionais e modernas.<\/p>\n<p><strong>Folhas lisas e brilhantes:<\/strong> Com uma cor verde profunda e uma textura delicada, s\u00e3o ideais para utiliza\u00e7\u00e3o fresca, preservando ao m\u00e1ximo o seu sabor e fragr\u00e2ncia.<\/p>\n<p><strong>Vers\u00e1til na cozinha asi\u00e1tica:<\/strong> Indispens\u00e1vel em pratos tailandeses, vietnamitas ou de fus\u00e3o, acrescentando um toque aut\u00eantico e picante.<\/p>\n<p><strong>Atraente para os polinizadores:<\/strong> As suas flores roxas atraem abelhas e borboletas, promovendo a biodiversidade e a sa\u00fade <strong>do jardim<\/strong>.<\/p>\n<p><strong>F\u00e1cil de cultivar:<\/strong> Adapta-se bem a diferentes solos e climas, adequado para principiantes e jardineiros experientes. Adequado para cultivo em vasos ou diretamente no solo. <\/p>\n<p><strong>Cultivo org\u00e2nico:<\/strong> As nossas sementes s\u00e3o 100% org\u00e2nicas, livres de pesticidas e fertilizantes qu\u00edmicos, garantindo um <strong>jardim<\/strong> sustent\u00e1vel e amigo do ambiente.<\/p>\n<p>Desfruta do sabor, aroma e beleza do <strong>Manjeric\u00e3o Tailand\u00eas Org\u00e2nico<\/strong> no teu <strong>jardim<\/strong>, transformando os teus pratos com um toque aut\u00eantico e ex\u00f3tico.<\/p>\n","protected":false},"featured_media":15842,"comment_status":"open","ping_status":"closed","template":"","meta":{"_acf_changed":false},"product_brand":[],"product_cat":[427,737],"product_tag":[1578],"class_list":{"0":"post-19762","1":"product","2":"type-product","3":"status-publish","4":"has-post-thumbnail","6":"product_cat-sementes-organicas-2","7":"product_cat-sementes-aromaticas-biologicas","8":"product_tag-eco","10":"first","11":"instock","12":"sale","13":"taxable","14":"shipping-taxable","15":"purchasable","16":"product-type-simple"},"acf":[],"_links":{"self":[{"href":"https:\/\/cultivers.es\/pt-pt\/wp-json\/wp\/v2\/product\/19762","targetHints":{"allow":["GET"]}}],"collection":[{"href":"https:\/\/cultivers.es\/pt-pt\/wp-json\/wp\/v2\/product"}],"about":[{"href":"https:\/\/cultivers.es\/pt-pt\/wp-json\/wp\/v2\/types\/product"}],"replies":[{"embeddable":true,"href":"https:\/\/cultivers.es\/pt-pt\/wp-json\/wp\/v2\/comments?post=19762"}],"wp:featuredmedia":[{"embeddable":true,"href":"https:\/\/cultivers.es\/pt-pt\/wp-json\/wp\/v2\/media\/15842"}],"wp:attachment":[{"href":"https:\/\/cultivers.es\/pt-pt\/wp-json\/wp\/v2\/media?parent=19762"}],"wp:term":[{"taxonomy":"product_brand","embeddable":true,"href":"https:\/\/cultivers.es\/pt-pt\/wp-json\/wp\/v2\/product_brand?post=19762"},{"taxonomy":"product_cat","embeddable":true,"href":"https:\/\/cultivers.es\/pt-pt\/wp-json\/wp\/v2\/product_cat?post=19762"},{"taxonomy":"product_tag","embeddable":true,"href":"https:\/\/cultivers.es\/pt-pt\/wp-json\/wp\/v2\/product_tag?post=19762"}],"curies":[{"name":"wp","href":"https:\/\/api.w.org\/{rel}","templated":true}]}}