{"id":19779,"date":"2022-10-07T07:08:06","date_gmt":"2022-10-07T07:08:06","guid":{"rendered":"https:\/\/cultivers.es\/abonos\/sementes-de-beterraba-chioggia-biologica\/"},"modified":"2025-09-22T05:09:53","modified_gmt":"2025-09-22T05:09:53","slug":"sementes-beterraba-chioggia-ecologicas","status":"publish","type":"product","link":"https:\/\/cultivers.es\/pt-pt\/fertilizantes\/sementes-beterraba-chioggia-ecologicas\/","title":{"rendered":"Sementes de beterraba Chioggia"},"content":{"rendered":"","protected":false},"excerpt":{"rendered":"<p>Cultiva uma beterraba \u00fanica e apelativa com as nossas <strong>Sementes de Beterraba Chioggia Biol\u00f3gicas<\/strong>. Esta variedade tradicional italiana \u00e9 conhecida pelo seu espetacular interior de an\u00e9is conc\u00eantricos vermelhos e brancos, que d\u00e1 um toque visual \u00fanico aos teus pratos. O seu sabor doce e suave, juntamente com a sua textura tenra, tornam-na uma escolha ideal para saladas, sopas, guisados ou mesmo assada no forno. F\u00e1cil de cultivar e muito nutritiva, a beterraba Chioggia ser\u00e1 uma estrela no teu jardim e na tua cozinha.   <\/p>\n<ul>\n<li><strong>Interior decorativo:<\/strong> A Beterraba Chioggia distingue-se pelo seu atraente design interno de an\u00e9is vermelhos e brancos, que n\u00e3o s\u00f3 embelezam os teus pratos, como tamb\u00e9m se destacam pela sua originalidade.<\/li>\n<li><strong>Sabor doce e vers\u00e1til:<\/strong> O seu sabor suave e ligeiramente adocicado \u00e9 ideal para uma variedade de prepara\u00e7\u00f5es, desde saladas frescas a cozidos a vapor, assados ou sopas.<\/li>\n<li><strong>Crescimento r\u00e1pido:<\/strong> \u00c9 uma variedade de crescimento r\u00e1pido, que te permite desfrutar de ra\u00edzes tenras e nutritivas em poucas semanas. Tamb\u00e9m podes colher as folhas jovens para saladas. <\/li>\n<li><strong>Rica em nutrientes:<\/strong> A Beterraba Chioggia \u00e9 uma excelente fonte de vitaminas A e C, ferro, pot\u00e1ssio e antioxidantes, proporcionando benef\u00edcios essenciais para a sa\u00fade.<\/li>\n<li><strong>F\u00e1cil de cultivar:<\/strong> Adapta-se bem a diferentes tipos de solo e climas, e \u00e9 resistente, o que a torna perfeita tanto para principiantes como para jardineiros experientes.<\/li>\n<li><strong>Cultivo org\u00e2nico:<\/strong> As nossas sementes s\u00e3o 100% org\u00e2nicas, livres de pesticidas e fertilizantes qu\u00edmicos, promovendo um cultivo sustent\u00e1vel e amigo do ambiente.<\/li>\n<\/ul>\n<p>Enche o teu jardim de cor, frescura e sabor com as <strong>Sementes de Beterraba Chioggia Biol\u00f3gicas<\/strong>. Cultiva esta variedade espetacular e desfruta de colheitas saud\u00e1veis, visualmente apelativas e deliciosas - encomenda hoje e come\u00e7a a desfrutar desta beterraba \u00fanica diretamente do teu jardim!  <\/p>\n","protected":false},"featured_media":15467,"comment_status":"open","ping_status":"closed","template":"","meta":{"_acf_changed":false},"product_brand":[],"product_cat":[1310,439,427],"product_tag":[1578],"woo-feed-brand":[],"class_list":{"0":"post-19779","1":"product","2":"type-product","3":"status-publish","4":"has-post-thumbnail","6":"product_cat-recomendar-sementes","7":"product_cat-sementes-de-raizes-organicas","8":"product_cat-sementes-organicas-2","9":"product_tag-eco","11":"first","12":"outofstock","13":"taxable","14":"shipping-taxable","15":"purchasable","16":"product-type-simple"},"acf":[],"_links":{"self":[{"href":"https:\/\/cultivers.es\/pt-pt\/wp-json\/wp\/v2\/product\/19779","targetHints":{"allow":["GET"]}}],"collection":[{"href":"https:\/\/cultivers.es\/pt-pt\/wp-json\/wp\/v2\/product"}],"about":[{"href":"https:\/\/cultivers.es\/pt-pt\/wp-json\/wp\/v2\/types\/product"}],"replies":[{"embeddable":true,"href":"https:\/\/cultivers.es\/pt-pt\/wp-json\/wp\/v2\/comments?post=19779"}],"wp:featuredmedia":[{"embeddable":true,"href":"https:\/\/cultivers.es\/pt-pt\/wp-json\/wp\/v2\/media\/15467"}],"wp:attachment":[{"href":"https:\/\/cultivers.es\/pt-pt\/wp-json\/wp\/v2\/media?parent=19779"}],"wp:term":[{"taxonomy":"product_brand","embeddable":true,"href":"https:\/\/cultivers.es\/pt-pt\/wp-json\/wp\/v2\/product_brand?post=19779"},{"taxonomy":"product_cat","embeddable":true,"href":"https:\/\/cultivers.es\/pt-pt\/wp-json\/wp\/v2\/product_cat?post=19779"},{"taxonomy":"product_tag","embeddable":true,"href":"https:\/\/cultivers.es\/pt-pt\/wp-json\/wp\/v2\/product_tag?post=19779"},{"taxonomy":"woo-feed-brand","embeddable":true,"href":"https:\/\/cultivers.es\/pt-pt\/wp-json\/wp\/v2\/woo-feed-brand?post=19779"}],"curies":[{"name":"wp","href":"https:\/\/api.w.org\/{rel}","templated":true}]}}