{"id":19811,"date":"2022-10-07T07:08:06","date_gmt":"2022-10-07T07:08:06","guid":{"rendered":"https:\/\/cultivers.es\/abonos\/ervilha-norli-sementes-de-ervilha-biologicas\/"},"modified":"2025-09-22T04:41:23","modified_gmt":"2025-09-22T04:41:23","slug":"sementes-de-ervilha-norli-ecologicas","status":"publish","type":"product","link":"https:\/\/cultivers.es\/pt-pt\/fertilizantes\/sementes-de-ervilha-norli-ecologicas\/","title":{"rendered":"Sementes de ervilha Norli"},"content":{"rendered":"","protected":false},"excerpt":{"rendered":"<p><strong>A Ervilha Norli<\/strong> \u00e9 uma variedade precoce e de alto rendimento, perfeita para desfrutar de ervilhas frescas e crocantes nas tuas receitas. As suas vagens planas e doces s\u00e3o ideais para colher jovens e utiliz\u00e1-las em saladas, salteados ou como acompanhamento de pratos saud\u00e1veis. Gra\u00e7as ao seu crescimento r\u00e1pido e \u00e0 sua facilidade de cultivo, \u00e9 uma excelente escolha para todos os tipos de hortas.  <\/p>\n<p><strong>Vagens planas doces:<\/strong> A ervilha Norli produz vagens tenras, suculentas e de sabor doce, perfeitas para comer frescas ou cozinhadas.<\/p>\n<p><strong>Sabor suave e vers\u00e1til:<\/strong> Com um sabor delicado, esta variedade \u00e9 ideal para saladas, guisados, salteados e outras prepara\u00e7\u00f5es saud\u00e1veis.<\/p>\n<p><strong>Crescimento r\u00e1pido e produ\u00e7\u00e3o abundante:<\/strong> O seu ciclo de crescimento \u00e9 r\u00e1pido, permitindo colheitas precoces e cont\u00ednuas ao longo da esta\u00e7\u00e3o.<\/p>\n<p><strong>Rico em nutrientes:<\/strong> Esta ervilha \u00e9 uma \u00f3ptima fonte de prote\u00ednas vegetais, fibras, vitaminas A e C, al\u00e9m de minerais essenciais como o ferro e o pot\u00e1ssio.<\/p>\n<p><strong>F\u00e1cil de cultivar:<\/strong> Resistente e adapt\u00e1vel a diferentes climas e solos, esta variedade \u00e9 ideal tanto para principiantes como para jardineiros experientes.<\/p>\n<p><strong>Cultivo org\u00e2nico:<\/strong> As sementes s\u00e3o 100% org\u00e2nicas, garantindo um cultivo livre de pesticidas e produtos qu\u00edmicos, respeitador do ambiente e ben\u00e9fico para a biodiversidade.<\/p>\n<p>Desfruta da frescura e da do\u00e7ura da <strong>Ervilha Norli Biol\u00f3gica<\/strong> cultivada diretamente na tua horta, encomenda hoje e acrescenta esta variedade deliciosa e nutritiva \u00e0s tuas colheitas! <\/p>\n","protected":false},"featured_media":50190,"comment_status":"open","ping_status":"closed","template":"","meta":{"_acf_changed":false},"product_brand":[],"product_cat":[759,427],"product_tag":[1578],"woo-feed-brand":[],"class_list":{"0":"post-19811","1":"product","2":"type-product","3":"status-publish","4":"has-post-thumbnail","6":"product_cat-sementes-de-leguminosas-biologicas","7":"product_cat-sementes-organicas-2","8":"product_tag-eco","10":"first","11":"instock","12":"taxable","13":"shipping-taxable","14":"purchasable","15":"product-type-simple"},"acf":[],"_links":{"self":[{"href":"https:\/\/cultivers.es\/pt-pt\/wp-json\/wp\/v2\/product\/19811","targetHints":{"allow":["GET"]}}],"collection":[{"href":"https:\/\/cultivers.es\/pt-pt\/wp-json\/wp\/v2\/product"}],"about":[{"href":"https:\/\/cultivers.es\/pt-pt\/wp-json\/wp\/v2\/types\/product"}],"replies":[{"embeddable":true,"href":"https:\/\/cultivers.es\/pt-pt\/wp-json\/wp\/v2\/comments?post=19811"}],"wp:featuredmedia":[{"embeddable":true,"href":"https:\/\/cultivers.es\/pt-pt\/wp-json\/wp\/v2\/media\/50190"}],"wp:attachment":[{"href":"https:\/\/cultivers.es\/pt-pt\/wp-json\/wp\/v2\/media?parent=19811"}],"wp:term":[{"taxonomy":"product_brand","embeddable":true,"href":"https:\/\/cultivers.es\/pt-pt\/wp-json\/wp\/v2\/product_brand?post=19811"},{"taxonomy":"product_cat","embeddable":true,"href":"https:\/\/cultivers.es\/pt-pt\/wp-json\/wp\/v2\/product_cat?post=19811"},{"taxonomy":"product_tag","embeddable":true,"href":"https:\/\/cultivers.es\/pt-pt\/wp-json\/wp\/v2\/product_tag?post=19811"},{"taxonomy":"woo-feed-brand","embeddable":true,"href":"https:\/\/cultivers.es\/pt-pt\/wp-json\/wp\/v2\/woo-feed-brand?post=19811"}],"curies":[{"name":"wp","href":"https:\/\/api.w.org\/{rel}","templated":true}]}}