{"id":19814,"date":"2022-10-07T07:08:06","date_gmt":"2022-10-07T07:08:06","guid":{"rendered":"https:\/\/cultivers.es\/abonos\/sementes-de-feijao-organico-ratio-eco-ecologico\/"},"modified":"2025-09-22T05:11:01","modified_gmt":"2025-09-22T05:11:01","slug":"sementes-de-feijao-de-racio-biologico-eco-eco-ecologico","status":"publish","type":"product","link":"https:\/\/cultivers.es\/pt-pt\/fertilizantes\/sementes-de-feijao-de-racio-biologico-eco-eco-ecologico\/","title":{"rendered":"Sementes de feij\u00e3o Ratio ECO"},"content":{"rendered":"","protected":false},"excerpt":{"rendered":"<p>Esta variedade de feij\u00e3o tem um ciclo precoce. A sua planta tem um crescimento pequeno, o que reduz a queda da planta e facilita a colheita. Esta variedade de feij\u00e3o tem uma produ\u00e7\u00e3o muito boa. O feij\u00e3o \u00e9 muito saboroso e \u00e9 adequado tanto para consumo fresco como para congela\u00e7\u00e3o.   <\/p>\n","protected":false},"featured_media":15347,"comment_status":"open","ping_status":"closed","template":"","meta":{"_acf_changed":false},"product_brand":[],"product_cat":[759,427],"product_tag":[],"woo-feed-brand":[],"class_list":{"0":"post-19814","1":"product","2":"type-product","3":"status-publish","4":"has-post-thumbnail","6":"product_cat-sementes-de-leguminosas-biologicas","7":"product_cat-sementes-organicas-2","9":"first","10":"outofstock","11":"taxable","12":"shipping-taxable","13":"purchasable","14":"product-type-simple"},"acf":[],"_links":{"self":[{"href":"https:\/\/cultivers.es\/pt-pt\/wp-json\/wp\/v2\/product\/19814","targetHints":{"allow":["GET"]}}],"collection":[{"href":"https:\/\/cultivers.es\/pt-pt\/wp-json\/wp\/v2\/product"}],"about":[{"href":"https:\/\/cultivers.es\/pt-pt\/wp-json\/wp\/v2\/types\/product"}],"replies":[{"embeddable":true,"href":"https:\/\/cultivers.es\/pt-pt\/wp-json\/wp\/v2\/comments?post=19814"}],"wp:featuredmedia":[{"embeddable":true,"href":"https:\/\/cultivers.es\/pt-pt\/wp-json\/wp\/v2\/media\/15347"}],"wp:attachment":[{"href":"https:\/\/cultivers.es\/pt-pt\/wp-json\/wp\/v2\/media?parent=19814"}],"wp:term":[{"taxonomy":"product_brand","embeddable":true,"href":"https:\/\/cultivers.es\/pt-pt\/wp-json\/wp\/v2\/product_brand?post=19814"},{"taxonomy":"product_cat","embeddable":true,"href":"https:\/\/cultivers.es\/pt-pt\/wp-json\/wp\/v2\/product_cat?post=19814"},{"taxonomy":"product_tag","embeddable":true,"href":"https:\/\/cultivers.es\/pt-pt\/wp-json\/wp\/v2\/product_tag?post=19814"},{"taxonomy":"woo-feed-brand","embeddable":true,"href":"https:\/\/cultivers.es\/pt-pt\/wp-json\/wp\/v2\/woo-feed-brand?post=19814"}],"curies":[{"name":"wp","href":"https:\/\/api.w.org\/{rel}","templated":true}]}}