{"id":19849,"date":"2022-10-07T07:08:06","date_gmt":"2022-10-07T07:08:06","guid":{"rendered":"https:\/\/cultivers.es\/abonos\/sementes-de-ervilha-maravilha-de-kelvedon-biologicas\/"},"modified":"2025-09-22T04:41:58","modified_gmt":"2025-09-22T04:41:58","slug":"ervilha-kelvedon-wonde-ecological-pea-seed","status":"publish","type":"product","link":"https:\/\/cultivers.es\/pt-pt\/fertilizantes\/ervilha-kelvedon-wonde-ecological-pea-seed\/","title":{"rendered":"Sementes de Ervilha Maravilha de Kelvedon"},"content":{"rendered":"","protected":false},"excerpt":{"rendered":"<p><strong>A ervilha Kelvedon Wonder Pea<\/strong> \u00e9 uma variedade cl\u00e1ssica, conhecida pelo seu excelente sabor, produtividade e versatilidade. Com vagens cheias de ervilhas tenras e doces, esta variedade \u00e9 ideal para saladas, guisados, salteados ou para saborear acabada de colher. \u00c9 f\u00e1cil e r\u00e1pida de cultivar, o que a torna uma escolha ideal para qualquer horta biol\u00f3gica.  <\/p>\n<p><strong>Vagens cheias e saborosas:<\/strong> A ervilha Kelvedon Wonder Pea produz vagens compactas com ervilhas doces, tenras e de excelente qualidade.<\/p>\n<p><strong>Sabor doce e delicado:<\/strong> O seu sabor suave e ligeiramente doce torna-o perfeito para comer fresco, cozinhado ou em diferentes receitas saud\u00e1veis.<\/p>\n<p><strong>Alta Produtividade:<\/strong> Esta variedade destaca-se pela sua capacidade de produzir colheitas abundantes num curto espa\u00e7o de tempo.<\/p>\n<p><strong>Resistente e vers\u00e1til:<\/strong> A Kelvedon Wonder \u00e9 uma planta resistente, adaptada a uma variedade de climas, garantindo um crescimento bem sucedido numa variedade de tipos e condi\u00e7\u00f5es de solo.<\/p>\n<p><strong>Rico em nutrientes:<\/strong> \u00c9 uma fonte natural de prote\u00edna vegetal, fibra, vitaminas A e C, bem como de minerais essenciais como o ferro e o pot\u00e1ssio, promovendo uma alimenta\u00e7\u00e3o equilibrada.<\/p>\n<p><strong>Cultivo org\u00e2nico:<\/strong> As nossas sementes s\u00e3o 100% org\u00e2nicas, livres de pesticidas e fertilizantes qu\u00edmicos, assegurando um cultivo amigo do ambiente e da biodiversidade.<\/p>\n<p>Desfruta do sabor, frescura e qualidade das <strong>Ervilhas Kelvedon Wonder Biol\u00f3gicas<\/strong>. Cultiva esta variedade no teu jardim e experimenta a satisfa\u00e7\u00e3o de colher as tuas pr\u00f3prias ervilhas - encomenda hoje e leva o melhor da natureza para a tua mesa!  <\/p>\n","protected":false},"featured_media":50196,"comment_status":"open","ping_status":"closed","template":"","meta":{"_acf_changed":false},"product_brand":[],"product_cat":[759,427],"product_tag":[1578],"woo-feed-brand":[],"class_list":{"0":"post-19849","1":"product","2":"type-product","3":"status-publish","4":"has-post-thumbnail","6":"product_cat-sementes-de-leguminosas-biologicas","7":"product_cat-sementes-organicas-2","8":"product_tag-eco","10":"first","11":"instock","12":"taxable","13":"shipping-taxable","14":"purchasable","15":"product-type-simple"},"acf":[],"_links":{"self":[{"href":"https:\/\/cultivers.es\/pt-pt\/wp-json\/wp\/v2\/product\/19849","targetHints":{"allow":["GET"]}}],"collection":[{"href":"https:\/\/cultivers.es\/pt-pt\/wp-json\/wp\/v2\/product"}],"about":[{"href":"https:\/\/cultivers.es\/pt-pt\/wp-json\/wp\/v2\/types\/product"}],"replies":[{"embeddable":true,"href":"https:\/\/cultivers.es\/pt-pt\/wp-json\/wp\/v2\/comments?post=19849"}],"wp:featuredmedia":[{"embeddable":true,"href":"https:\/\/cultivers.es\/pt-pt\/wp-json\/wp\/v2\/media\/50196"}],"wp:attachment":[{"href":"https:\/\/cultivers.es\/pt-pt\/wp-json\/wp\/v2\/media?parent=19849"}],"wp:term":[{"taxonomy":"product_brand","embeddable":true,"href":"https:\/\/cultivers.es\/pt-pt\/wp-json\/wp\/v2\/product_brand?post=19849"},{"taxonomy":"product_cat","embeddable":true,"href":"https:\/\/cultivers.es\/pt-pt\/wp-json\/wp\/v2\/product_cat?post=19849"},{"taxonomy":"product_tag","embeddable":true,"href":"https:\/\/cultivers.es\/pt-pt\/wp-json\/wp\/v2\/product_tag?post=19849"},{"taxonomy":"woo-feed-brand","embeddable":true,"href":"https:\/\/cultivers.es\/pt-pt\/wp-json\/wp\/v2\/woo-feed-brand?post=19849"}],"curies":[{"name":"wp","href":"https:\/\/api.w.org\/{rel}","templated":true}]}}