{"id":19863,"date":"2022-10-07T07:08:06","date_gmt":"2022-10-07T07:08:06","guid":{"rendered":"https:\/\/cultivers.es\/abonos\/sementes-de-manjericao-vermelho-organico\/"},"modified":"2026-02-06T16:09:23","modified_gmt":"2026-02-06T16:09:23","slug":"manjericao-vermelho-vermelho-sementes-ecologicas","status":"publish","type":"product","link":"https:\/\/cultivers.es\/pt-pt\/fertilizantes\/manjericao-vermelho-vermelho-sementes-ecologicas\/","title":{"rendered":"Sementes de manjeric\u00e3o vermelho"},"content":{"rendered":"","protected":false},"excerpt":{"rendered":"<p><strong>O manjeric\u00e3o vermelho<\/strong> distingue-se pelas suas folhas de cor p\u00farpura intensa e pelo seu sabor ligeiramente mais forte e picante do que a variedade verde. Esta carater\u00edstica torna-o um ingrediente excecional para saladas, pratos de massa, molhos ou \u00f3leos arom\u00e1ticos, dando-lhe um toque distinto tanto no sabor como na cor. Para al\u00e9m do seu valor culin\u00e1rio, a sua presen\u00e7a d\u00e1 um toque ornamental e elegante ao <strong>jardim<\/strong>, atraindo polinizadores e criando um ambiente mais vivo e arom\u00e1tico.  <\/p>\n<p><strong>Folhas roxas profundas:<\/strong> A sua tonalidade escura e brilhante acrescenta personalidade e beleza, tornando-a uma erva apelativa tanto na cozinha como no <strong>jardim<\/strong>.<\/p>\n<p><strong>Sabor picante e robusto:<\/strong> Uma nuance mais forte do que o manjeric\u00e3o verde, perfeito para receitas em que se pretende um sabor mais profundo e pronunciado.<\/p>\n<p><strong>Vers\u00e1til na cozinha:<\/strong> Ideal para saladas frescas, molhos, pesto de manjeric\u00e3o vermelho, marinadas ou para aromatizar \u00f3leos e vinagres, dando um toque gourmet \u00e0s tuas cria\u00e7\u00f5es.<\/p>\n<p><strong>Atraente para os polinizadores:<\/strong> As suas flores roxas atraem abelhas e borboletas, contribuindo para a biodiversidade do <strong>jardim<\/strong> e melhorando a sa\u00fade de outras culturas.<\/p>\n<p><strong>F\u00e1cil de cultivar:<\/strong> adapt\u00e1vel a diferentes solos e climas, \u00e9 adequada tanto para principiantes como para jardineiros experientes. Adequado para vasos ou diretamente no solo. <\/p>\n<p><strong>Cultivo org\u00e2nico:<\/strong> As nossas sementes s\u00e3o 100% org\u00e2nicas, livres de pesticidas e fertilizantes qu\u00edmicos, garantindo um <strong>jardim<\/strong> sustent\u00e1vel e amigo do ambiente.<\/p>\n<p>Desfruta da qualidade, do aroma e da cor do <strong>Manjeric\u00e3o Vermelho Org\u00e2nico<\/strong>, trazendo para o teu <strong>jardim<\/strong> e para a tua mesa uma erva vers\u00e1til, nutritiva e cheia de car\u00e1cter.<\/p>\n","protected":false},"featured_media":15852,"comment_status":"open","ping_status":"closed","template":"","meta":{"_acf_changed":false},"product_brand":[],"product_cat":[427,737],"product_tag":[1578],"woo-feed-brand":[],"class_list":{"0":"post-19863","1":"product","2":"type-product","3":"status-publish","4":"has-post-thumbnail","6":"product_cat-sementes-organicas-2","7":"product_cat-sementes-aromaticas-biologicas","8":"product_tag-eco","10":"first","11":"instock","12":"sale","13":"taxable","14":"shipping-taxable","15":"purchasable","16":"product-type-simple"},"acf":[],"_links":{"self":[{"href":"https:\/\/cultivers.es\/pt-pt\/wp-json\/wp\/v2\/product\/19863","targetHints":{"allow":["GET"]}}],"collection":[{"href":"https:\/\/cultivers.es\/pt-pt\/wp-json\/wp\/v2\/product"}],"about":[{"href":"https:\/\/cultivers.es\/pt-pt\/wp-json\/wp\/v2\/types\/product"}],"replies":[{"embeddable":true,"href":"https:\/\/cultivers.es\/pt-pt\/wp-json\/wp\/v2\/comments?post=19863"}],"wp:featuredmedia":[{"embeddable":true,"href":"https:\/\/cultivers.es\/pt-pt\/wp-json\/wp\/v2\/media\/15852"}],"wp:attachment":[{"href":"https:\/\/cultivers.es\/pt-pt\/wp-json\/wp\/v2\/media?parent=19863"}],"wp:term":[{"taxonomy":"product_brand","embeddable":true,"href":"https:\/\/cultivers.es\/pt-pt\/wp-json\/wp\/v2\/product_brand?post=19863"},{"taxonomy":"product_cat","embeddable":true,"href":"https:\/\/cultivers.es\/pt-pt\/wp-json\/wp\/v2\/product_cat?post=19863"},{"taxonomy":"product_tag","embeddable":true,"href":"https:\/\/cultivers.es\/pt-pt\/wp-json\/wp\/v2\/product_tag?post=19863"},{"taxonomy":"woo-feed-brand","embeddable":true,"href":"https:\/\/cultivers.es\/pt-pt\/wp-json\/wp\/v2\/woo-feed-brand?post=19863"}],"curies":[{"name":"wp","href":"https:\/\/api.w.org\/{rel}","templated":true}]}}