{"id":19864,"date":"2022-10-07T07:08:06","date_gmt":"2022-10-07T07:08:06","guid":{"rendered":"https:\/\/cultivers.es\/abonos\/sementes-de-feijao-organico-green-dior\/"},"modified":"2026-02-06T16:09:21","modified_gmt":"2026-02-06T16:09:21","slug":"feijao-verde-verde-dior-ecologico-sementes","status":"publish","type":"product","link":"https:\/\/cultivers.es\/pt-pt\/fertilizantes\/feijao-verde-verde-dior-ecologico-sementes\/","title":{"rendered":"Sementes de feij\u00e3o verde Dior"},"content":{"rendered":"","protected":false},"excerpt":{"rendered":"<p>O feij\u00e3o <strong>verde Dior<\/strong> \u00e9 uma variedade de feij\u00e3o manteiga amarelo, conhecido pelas suas vagens arredondadas, de cor amarelo dourado brilhante. A sua textura tenra e o seu sabor suave tornam-no ideal para cozinhar a vapor, saltear, saladas ou guisados. Esta planta \u00e9 resistente, de alto rendimento e f\u00e1cil de cultivar, perfeita para desfrutares de colheitas saud\u00e1veis e sustent\u00e1veis na tua horta biol\u00f3gica.  <\/p>\n<p><strong>Vagens arredondadas e impressionantes:<\/strong> Produz vagens amarelas vibrantes, suaves e arredondadas com uma textura tenra e estaladi\u00e7a.<\/p>\n<p><strong>Sabor suave e delicado:<\/strong> Com um toque doce e suave, esta variedade \u00e9 perfeita para enriquecer uma grande variedade de pratos, desde saladas frescas a receitas cozinhadas.<\/p>\n<p><strong>Alta produtividade:<\/strong> O feij\u00e3o verde Dior oferece colheitas generosas e cont\u00ednuas, garantindo uma produ\u00e7\u00e3o constante durante toda a esta\u00e7\u00e3o.<\/p>\n<p><strong>Rico em nutrientes:<\/strong> Esta variedade \u00e9 uma excelente fonte de fibra, vitaminas A e C, bem como de minerais essenciais como o ferro e o pot\u00e1ssio, contribuindo para uma alimenta\u00e7\u00e3o equilibrada.<\/p>\n<p><strong>F\u00e1cil de cultivar:<\/strong> Resistente e adapt\u00e1vel a diferentes tipos de solo e climas, esta planta \u00e9 ideal tanto para principiantes como para jardineiros experientes.<\/p>\n<p><strong>Cultivo org\u00e2nico:<\/strong> As nossas sementes s\u00e3o 100% org\u00e2nicas, livres de pesticidas e qu\u00edmicos, garantindo uma colheita ecol\u00f3gica e saud\u00e1vel para toda a fam\u00edlia.<\/p>\n<p>Desfruta da cor, da frescura e da versatilidade do <strong>Feij\u00e3o Verde Dior Biol\u00f3gico<\/strong>. Cultiva este legume nutritivo e saboroso na tua horta e enche a tua mesa com qualidade e sustentabilidade. Encomenda hoje e come\u00e7a a colher!  <\/p>\n","protected":false},"featured_media":15357,"comment_status":"open","ping_status":"closed","template":"","meta":{"_acf_changed":false},"product_brand":[],"product_cat":[759,427],"product_tag":[1578],"class_list":{"0":"post-19864","1":"product","2":"type-product","3":"status-publish","4":"has-post-thumbnail","6":"product_cat-sementes-de-leguminosas-biologicas","7":"product_cat-sementes-organicas-2","8":"product_tag-eco","10":"first","11":"instock","12":"taxable","13":"shipping-taxable","14":"purchasable","15":"product-type-simple"},"acf":[],"_links":{"self":[{"href":"https:\/\/cultivers.es\/pt-pt\/wp-json\/wp\/v2\/product\/19864","targetHints":{"allow":["GET"]}}],"collection":[{"href":"https:\/\/cultivers.es\/pt-pt\/wp-json\/wp\/v2\/product"}],"about":[{"href":"https:\/\/cultivers.es\/pt-pt\/wp-json\/wp\/v2\/types\/product"}],"replies":[{"embeddable":true,"href":"https:\/\/cultivers.es\/pt-pt\/wp-json\/wp\/v2\/comments?post=19864"}],"wp:featuredmedia":[{"embeddable":true,"href":"https:\/\/cultivers.es\/pt-pt\/wp-json\/wp\/v2\/media\/15357"}],"wp:attachment":[{"href":"https:\/\/cultivers.es\/pt-pt\/wp-json\/wp\/v2\/media?parent=19864"}],"wp:term":[{"taxonomy":"product_brand","embeddable":true,"href":"https:\/\/cultivers.es\/pt-pt\/wp-json\/wp\/v2\/product_brand?post=19864"},{"taxonomy":"product_cat","embeddable":true,"href":"https:\/\/cultivers.es\/pt-pt\/wp-json\/wp\/v2\/product_cat?post=19864"},{"taxonomy":"product_tag","embeddable":true,"href":"https:\/\/cultivers.es\/pt-pt\/wp-json\/wp\/v2\/product_tag?post=19864"}],"curies":[{"name":"wp","href":"https:\/\/api.w.org\/{rel}","templated":true}]}}