{"id":19868,"date":"2022-10-07T07:08:06","date_gmt":"2022-10-07T07:08:06","guid":{"rendered":"https:\/\/cultivers.es\/abonos\/sementes-de-feijao-feijao-catarino-biologico\/"},"modified":"2025-09-22T05:11:11","modified_gmt":"2025-09-22T05:11:11","slug":"sementes-de-feijao-catarino-ecologicas","status":"publish","type":"product","link":"https:\/\/cultivers.es\/pt-pt\/fertilizantes\/sementes-de-feijao-catarino-ecologicas\/","title":{"rendered":"Semente de feij\u00e3o Feij\u00e3o Catarino"},"content":{"rendered":"","protected":false},"excerpt":{"rendered":"<p>O <strong>feij\u00e3o Catarino<\/strong> \u00e9 uma variedade tradicional de feij\u00e3o seco, conhecido pelos seus gr\u00e3os de cor vermelha intensa com estrias escuras e pelo seu sabor \u00fanico e profundo. Ideal para guisados, guisados, saladas ou como ingrediente principal de receitas tradicionais, esta variedade destaca-se pela sua textura cremosa e elevado valor nutritivo. O seu cultivo \u00e9 simples e produtivo, ideal para qualquer horta biol\u00f3gica.  <\/p>\n<p><strong>Feij\u00e3o vermelho atraente:<\/strong> O feij\u00e3o Catarino produz feij\u00f5es de tamanho m\u00e9dio com uma cor vermelha intensa e marcante, ideal para embelezar qualquer prato.<\/p>\n<p><strong>Sabor rico e aut\u00eantico:<\/strong> Com um perfil de sabor intenso e cremoso, esta variedade \u00e9 ideal para preparar pratos tradicionais e modernos.<\/p>\n<p>Resistente <strong>e Produtivo:<\/strong> Este feij\u00e3o \u00e9 altamente resistente \u00e0s condi\u00e7\u00f5es climat\u00e9ricas adversas, garantindo uma colheita abundante e de alta qualidade.<\/p>\n<p><strong>Rico em nutrientes:<\/strong> O feij\u00e3o \u00e9 uma excelente fonte de prote\u00edna vegetal, fibra, ferro, pot\u00e1ssio e antioxidantes, o que o torna um alimento indispens\u00e1vel para uma dieta equilibrada.<\/p>\n<p><strong>F\u00e1cil de cultivar:<\/strong> Esta planta \u00e9 resistente e adapt\u00e1vel a diferentes solos e climas, perfeita para principiantes e jardineiros avan\u00e7ados.<\/p>\n<p><strong>Cultivo org\u00e2nico:<\/strong> As nossas sementes s\u00e3o 100% org\u00e2nicas, livres de pesticidas e qu\u00edmicos, garantindo um cultivo sustent\u00e1vel e amigo do ambiente.<\/p>\n<p>Enche o teu jardim de tradi\u00e7\u00e3o e sabor com as <strong>sementes de feij\u00e3o org\u00e2nico Catarino<\/strong>. Cultiva esta variedade \u00fanica e desfruta de colheitas abundantes e nutritivas nos teus pratos favoritos - encomenda hoje e come\u00e7a a desfrutar deste feij\u00e3o especial diretamente do teu jardim!  <\/p>\n","protected":false},"featured_media":15507,"comment_status":"open","ping_status":"closed","template":"","meta":{"_acf_changed":false},"product_brand":[],"product_cat":[759,427],"product_tag":[],"woo-feed-brand":[],"class_list":{"0":"post-19868","1":"product","2":"type-product","3":"status-publish","4":"has-post-thumbnail","6":"product_cat-sementes-de-leguminosas-biologicas","7":"product_cat-sementes-organicas-2","9":"first","10":"outofstock","11":"taxable","12":"shipping-taxable","13":"purchasable","14":"product-type-simple"},"acf":[],"_links":{"self":[{"href":"https:\/\/cultivers.es\/pt-pt\/wp-json\/wp\/v2\/product\/19868","targetHints":{"allow":["GET"]}}],"collection":[{"href":"https:\/\/cultivers.es\/pt-pt\/wp-json\/wp\/v2\/product"}],"about":[{"href":"https:\/\/cultivers.es\/pt-pt\/wp-json\/wp\/v2\/types\/product"}],"replies":[{"embeddable":true,"href":"https:\/\/cultivers.es\/pt-pt\/wp-json\/wp\/v2\/comments?post=19868"}],"wp:featuredmedia":[{"embeddable":true,"href":"https:\/\/cultivers.es\/pt-pt\/wp-json\/wp\/v2\/media\/15507"}],"wp:attachment":[{"href":"https:\/\/cultivers.es\/pt-pt\/wp-json\/wp\/v2\/media?parent=19868"}],"wp:term":[{"taxonomy":"product_brand","embeddable":true,"href":"https:\/\/cultivers.es\/pt-pt\/wp-json\/wp\/v2\/product_brand?post=19868"},{"taxonomy":"product_cat","embeddable":true,"href":"https:\/\/cultivers.es\/pt-pt\/wp-json\/wp\/v2\/product_cat?post=19868"},{"taxonomy":"product_tag","embeddable":true,"href":"https:\/\/cultivers.es\/pt-pt\/wp-json\/wp\/v2\/product_tag?post=19868"},{"taxonomy":"woo-feed-brand","embeddable":true,"href":"https:\/\/cultivers.es\/pt-pt\/wp-json\/wp\/v2\/woo-feed-brand?post=19868"}],"curies":[{"name":"wp","href":"https:\/\/api.w.org\/{rel}","templated":true}]}}