{"id":19871,"date":"2022-10-07T07:08:06","date_gmt":"2022-10-07T07:08:06","guid":{"rendered":"https:\/\/cultivers.es\/abonos\/sementes-de-grao-de-bico-prince-organico\/"},"modified":"2025-09-22T05:10:54","modified_gmt":"2025-09-22T05:10:54","slug":"sementes-de-grao-de-bico-principio-ecologico","status":"publish","type":"product","link":"https:\/\/cultivers.es\/pt-pt\/fertilizantes\/sementes-de-grao-de-bico-principio-ecologico\/","title":{"rendered":"Sementes de gr\u00e3o-de-bico Prince"},"content":{"rendered":"","protected":false},"excerpt":{"rendered":"<p>O gr\u00e3o-de-bico <strong>Pr\u00edncipe<\/strong> \u00e9 uma variedade tradicional de alta qualidade, conhecida por produzir gr\u00e3os grandes, tenros e saborosos. Ideal para a prepara\u00e7\u00e3o de pratos cl\u00e1ssicos como guisados, saladas, h\u00famus ou sopas, este gr\u00e3o-de-bico destaca-se pela sua textura cremosa e sabor \u00fanico. \u00c9 tamb\u00e9m f\u00e1cil de cultivar, resistente a condi\u00e7\u00f5es adversas e perfeito para hortas biol\u00f3gicas sustent\u00e1veis.  <\/p>\n<p><strong>Gr\u00e3os grandes e nutritivos:<\/strong> O gr\u00e3o-de-bico Prince produz gr\u00e3os de tamanho generoso, com uma textura suave e cremosa, perfeitos para todos os tipos de prepara\u00e7\u00f5es culin\u00e1rias.<\/p>\n<p><strong>Sabor rico e aut\u00eantico:<\/strong> O seu sabor carater\u00edstico e delicioso torna-o um ingrediente essencial para receitas tradicionais e modernas.<\/p>\n<p><strong>Alta Produtividade:<\/strong> Esta variedade garante uma colheita abundante, oferecendo um excelente rendimento em cada sementeira.<\/p>\n<p><strong>Rico em nutrientes:<\/strong> O gr\u00e3o-de-bico \u00e9 uma excelente fonte de prote\u00edna vegetal, fibra, ferro, magn\u00e9sio e vitaminas do complexo B, o que o torna ideal para uma dieta saud\u00e1vel e equilibrada.<\/p>\n<p><strong>F\u00e1cil de cultivar:<\/strong> Resistente \u00e0 seca e adapt\u00e1vel a diferentes tipos de solo, esta planta \u00e9 adequada tanto para principiantes como para jardineiros experientes.<\/p>\n<p><strong>Cultivo org\u00e2nico:<\/strong> As nossas sementes s\u00e3o 100% org\u00e2nicas, livres de pesticidas e qu\u00edmicos, promovendo um cultivo sustent\u00e1vel e amigo do ambiente.<\/p>\n<p>Desfruta da tradi\u00e7\u00e3o e do sabor aut\u00eantico com as <strong>sementes de gr\u00e3o-de-bico Organic Prince<\/strong>. Cultiva esta variedade nutritiva e vers\u00e1til no teu jardim e enche a tua cozinha de receitas saud\u00e1veis e deliciosas. Encomenda hoje e come\u00e7a a colher qualidade e frescura!  <\/p>\n","protected":false},"featured_media":15317,"comment_status":"open","ping_status":"closed","template":"","meta":{"_acf_changed":false},"product_brand":[],"product_cat":[759,427],"product_tag":[1578],"class_list":{"0":"post-19871","1":"product","2":"type-product","3":"status-publish","4":"has-post-thumbnail","6":"product_cat-sementes-de-leguminosas-biologicas","7":"product_cat-sementes-organicas-2","8":"product_tag-eco","10":"first","11":"instock","12":"taxable","13":"shipping-taxable","14":"purchasable","15":"product-type-simple"},"acf":[],"_links":{"self":[{"href":"https:\/\/cultivers.es\/pt-pt\/wp-json\/wp\/v2\/product\/19871","targetHints":{"allow":["GET"]}}],"collection":[{"href":"https:\/\/cultivers.es\/pt-pt\/wp-json\/wp\/v2\/product"}],"about":[{"href":"https:\/\/cultivers.es\/pt-pt\/wp-json\/wp\/v2\/types\/product"}],"replies":[{"embeddable":true,"href":"https:\/\/cultivers.es\/pt-pt\/wp-json\/wp\/v2\/comments?post=19871"}],"wp:featuredmedia":[{"embeddable":true,"href":"https:\/\/cultivers.es\/pt-pt\/wp-json\/wp\/v2\/media\/15317"}],"wp:attachment":[{"href":"https:\/\/cultivers.es\/pt-pt\/wp-json\/wp\/v2\/media?parent=19871"}],"wp:term":[{"taxonomy":"product_brand","embeddable":true,"href":"https:\/\/cultivers.es\/pt-pt\/wp-json\/wp\/v2\/product_brand?post=19871"},{"taxonomy":"product_cat","embeddable":true,"href":"https:\/\/cultivers.es\/pt-pt\/wp-json\/wp\/v2\/product_cat?post=19871"},{"taxonomy":"product_tag","embeddable":true,"href":"https:\/\/cultivers.es\/pt-pt\/wp-json\/wp\/v2\/product_tag?post=19871"}],"curies":[{"name":"wp","href":"https:\/\/api.w.org\/{rel}","templated":true}]}}