{"id":19875,"date":"2022-10-07T07:08:06","date_gmt":"2022-10-07T07:08:06","guid":{"rendered":"https:\/\/cultivers.es\/abonos\/sementes-de-feijao-verde-capitano-biologicas\/"},"modified":"2025-09-22T05:10:22","modified_gmt":"2025-09-22T05:10:22","slug":"feijao-verde-verde-capitano-sementes-ecologicas","status":"publish","type":"product","link":"https:\/\/cultivers.es\/pt-pt\/fertilizantes\/feijao-verde-verde-capitano-sementes-ecologicas\/","title":{"rendered":"Sementes de feij\u00e3o verde Capitano"},"content":{"rendered":"","protected":false},"excerpt":{"rendered":"<p>O <strong>feij\u00e3o verde Capitano<\/strong> \u00e9 uma variedade de feij\u00e3o amarelo ou &#8220;manteiga&#8221;, ideal para quem procura um legume tenro e saboroso. As suas vagens achatadas, de uma atraente cor amarela dourada, s\u00e3o perfeitas para serem consumidas frescas, cozidas a vapor, em guisados ou mesmo salteadas. \u00c9 uma planta muito produtiva e resistente, adaptada a uma grande variedade de climas, o que a torna uma excelente escolha para qualquer horta biol\u00f3gica.  <\/p>\n<p><strong>Vagens planas e tenras:<\/strong> Produz vagens longas e planas com uma textura suave e um sabor delicado, ideais para uma grande variedade de receitas.<\/p>\n<p><strong>Sabor suave e doce:<\/strong> O seu sabor leve e ligeiramente doce torna-o perfeito para saladas, guisados ou como guarni\u00e7\u00e3o em pratos saud\u00e1veis.<\/p>\n<p><strong>Alta Produtividade:<\/strong> Esta variedade garante colheitas abundantes, oferecendo vagens de alta qualidade durante toda a esta\u00e7\u00e3o.<\/p>\n<p><strong>Rico em nutrientes:<\/strong> O feij\u00e3o verde \u00e9 uma fonte importante de fibras, vitaminas A e C, bem como de minerais como o ferro e o pot\u00e1ssio, ideais para uma dieta equilibrada.<\/p>\n<p><strong>F\u00e1cil de cultivar:<\/strong> Resistente e de baixa manuten\u00e7\u00e3o, esta planta adapta-se bem a diferentes tipos de solo e climas, o que a torna adequada tanto para principiantes como para jardineiros experientes.<\/p>\n<p><strong>Cultivo org\u00e2nico:<\/strong> As nossas sementes s\u00e3o 100% org\u00e2nicas, livres de pesticidas e fertilizantes qu\u00edmicos, garantindo uma colheita ecol\u00f3gica e saud\u00e1vel para a tua fam\u00edlia.<\/p>\n<p>Desfruta da frescura, cor e sabor do <strong>Feij\u00e3o Capitano Verde Org\u00e2nico<\/strong> diretamente da tua horta. Cultiva esta variedade vers\u00e1til e nutritiva e enche a tua mesa com qualidade e sustentabilidade - encomenda hoje e come\u00e7a a colher!  <\/p>\n","protected":false},"featured_media":15362,"comment_status":"open","ping_status":"closed","template":"","meta":{"_acf_changed":false},"product_brand":[],"product_cat":[759,427],"product_tag":[],"class_list":{"0":"post-19875","1":"product","2":"type-product","3":"status-publish","4":"has-post-thumbnail","6":"product_cat-sementes-de-leguminosas-biologicas","7":"product_cat-sementes-organicas-2","9":"first","10":"outofstock","11":"taxable","12":"shipping-taxable","13":"purchasable","14":"product-type-simple"},"acf":[],"_links":{"self":[{"href":"https:\/\/cultivers.es\/pt-pt\/wp-json\/wp\/v2\/product\/19875","targetHints":{"allow":["GET"]}}],"collection":[{"href":"https:\/\/cultivers.es\/pt-pt\/wp-json\/wp\/v2\/product"}],"about":[{"href":"https:\/\/cultivers.es\/pt-pt\/wp-json\/wp\/v2\/types\/product"}],"replies":[{"embeddable":true,"href":"https:\/\/cultivers.es\/pt-pt\/wp-json\/wp\/v2\/comments?post=19875"}],"wp:featuredmedia":[{"embeddable":true,"href":"https:\/\/cultivers.es\/pt-pt\/wp-json\/wp\/v2\/media\/15362"}],"wp:attachment":[{"href":"https:\/\/cultivers.es\/pt-pt\/wp-json\/wp\/v2\/media?parent=19875"}],"wp:term":[{"taxonomy":"product_brand","embeddable":true,"href":"https:\/\/cultivers.es\/pt-pt\/wp-json\/wp\/v2\/product_brand?post=19875"},{"taxonomy":"product_cat","embeddable":true,"href":"https:\/\/cultivers.es\/pt-pt\/wp-json\/wp\/v2\/product_cat?post=19875"},{"taxonomy":"product_tag","embeddable":true,"href":"https:\/\/cultivers.es\/pt-pt\/wp-json\/wp\/v2\/product_tag?post=19875"}],"curies":[{"name":"wp","href":"https:\/\/api.w.org\/{rel}","templated":true}]}}