{"id":19884,"date":"2022-10-07T07:08:06","date_gmt":"2022-10-07T07:08:06","guid":{"rendered":"https:\/\/cultivers.es\/abonos\/berinjela-branca-berinjela-organica-sementes\/"},"modified":"2025-09-22T05:11:45","modified_gmt":"2025-09-22T05:11:45","slug":"ovos-brancos-ovos-ovos-ovos-ecologicos-ovos-ecologicos-sementes","status":"publish","type":"product","link":"https:\/\/cultivers.es\/pt-pt\/fertilizantes\/ovos-brancos-ovos-ovos-ovos-ecologicos-ovos-ecologicos-sementes\/","title":{"rendered":"Beringela branca Sementes de beringela Biodin\u00e2mica Demeter"},"content":{"rendered":"","protected":false},"excerpt":{"rendered":"<p>A <strong>beringela branca<\/strong> \u00e9 uma variedade excecional devido \u00e0 sua cor branca pura, \u00e0 sua forma oval e ao seu sabor suave e delicado. Esta beringela destaca-se pela sua textura firme e cremosa, ideal para uma grande variedade de prepara\u00e7\u00f5es culin\u00e1rias, desde guisados e assados a cremes e molhos. Sendo certificada pela Demeter, \u00e9 cultivada de acordo com os princ\u00edpios da agricultura biodin\u00e2mica, garantindo assim um produto org\u00e2nico, sustent\u00e1vel e amigo do ambiente.  <\/p>\n<p><strong>Cor branca e forma oval:<\/strong> Os seus frutos t\u00eam uma cor branca uniforme e uma forma oval que lhes confere um aspeto elegante e atraente na cozinha.<\/p>\n<p><strong>Sabor suave e delicado:<\/strong> A sua polpa firme e cremosa oferece um sabor suave que se integra perfeitamente em todo o tipo de pratos, desde receitas tradicionais a op\u00e7\u00f5es mais criativas.<\/p>\n<p><strong>Alta Produtividade:<\/strong> Esta variedade \u00e9 produtiva e resistente, adaptando-se bem a diferentes condi\u00e7\u00f5es clim\u00e1ticas e solos, o que garante colheitas abundantes e de qualidade.<\/p>\n<p><strong>Rica em nutrientes:<\/strong> A beringela \u00e9 uma excelente fonte de fibras, antioxidantes, vitaminas e minerais, contribuindo para uma alimenta\u00e7\u00e3o saud\u00e1vel e equilibrada.<\/p>\n<p><strong>F\u00e1cil de cultivar:<\/strong> Ideal para jardineiros novatos e experientes, esta planta d\u00e1-se bem em hortas e vasos, o que a torna uma escolha vers\u00e1til para qualquer espa\u00e7o de cultivo.<\/p>\n<p><strong>Certifica\u00e7\u00e3o Demeter:<\/strong> Estas sementes prov\u00eam do cultivo biodin\u00e2mico, promovendo a fertilidade do solo, a biodiversidade e o equil\u00edbrio natural do ecossistema, garantindo a m\u00e1xima qualidade do produto.<\/p>\n<p>Desfruta do sabor, eleg\u00e2ncia e versatilidade da <strong>Beringela Branca Org\u00e2nica Demeter<\/strong> no teu jardim e na tua cozinha. D\u00e1 um toque distinto \u00e0s tuas receitas com esta variedade \u00fanica e nutritiva - encomenda hoje e descobre a diferen\u00e7a \u00e0 tua mesa!  <\/p>\n","protected":false},"featured_media":15552,"comment_status":"open","ping_status":"closed","template":"","meta":{"_acf_changed":false},"product_brand":[],"product_cat":[1269,427],"product_tag":[1270],"class_list":{"0":"post-19884","1":"product","2":"type-product","3":"status-publish","4":"has-post-thumbnail","6":"product_cat-sementes-de-demeter","7":"product_cat-sementes-organicas-2","8":"product_tag-demeter-pt-pt","10":"first","11":"instock","12":"sale","13":"taxable","14":"shipping-taxable","15":"purchasable","16":"product-type-simple"},"acf":[],"_links":{"self":[{"href":"https:\/\/cultivers.es\/pt-pt\/wp-json\/wp\/v2\/product\/19884","targetHints":{"allow":["GET"]}}],"collection":[{"href":"https:\/\/cultivers.es\/pt-pt\/wp-json\/wp\/v2\/product"}],"about":[{"href":"https:\/\/cultivers.es\/pt-pt\/wp-json\/wp\/v2\/types\/product"}],"replies":[{"embeddable":true,"href":"https:\/\/cultivers.es\/pt-pt\/wp-json\/wp\/v2\/comments?post=19884"}],"wp:featuredmedia":[{"embeddable":true,"href":"https:\/\/cultivers.es\/pt-pt\/wp-json\/wp\/v2\/media\/15552"}],"wp:attachment":[{"href":"https:\/\/cultivers.es\/pt-pt\/wp-json\/wp\/v2\/media?parent=19884"}],"wp:term":[{"taxonomy":"product_brand","embeddable":true,"href":"https:\/\/cultivers.es\/pt-pt\/wp-json\/wp\/v2\/product_brand?post=19884"},{"taxonomy":"product_cat","embeddable":true,"href":"https:\/\/cultivers.es\/pt-pt\/wp-json\/wp\/v2\/product_cat?post=19884"},{"taxonomy":"product_tag","embeddable":true,"href":"https:\/\/cultivers.es\/pt-pt\/wp-json\/wp\/v2\/product_tag?post=19884"}],"curies":[{"name":"wp","href":"https:\/\/api.w.org\/{rel}","templated":true}]}}